{"id":2910,"date":"2021-06-29T11:37:47","date_gmt":"2021-06-29T11:37:47","guid":{"rendered":"http:\/\/localhost\/conceptic\/?page_id=2910"},"modified":"2021-10-22T13:32:10","modified_gmt":"2021-10-22T13:32:10","slug":"reference-web","status":"publish","type":"page","link":"https:\/\/conceptic.io\/en\/reference-web\/","title":{"rendered":"R\u00e9f\u00e9rencement  Web"},"content":{"rendered":"<div class=\"vc_row wpb_row vc_row-fluid\"><div class=\"container\"><div class=\"row\"><div class=\"wpb_column vc_column_container vc_col-sm-6\"><div class=\"vc_column-inner\"><div class=\"wpb_wrapper\">\n\t<div class=\"wpb_text_column wpb_content_element\" >\n\t\t<div class=\"wpb_wrapper\">\n\t\t\t<p style=\"text-align: justify;\"><span style=\"color: #111111;\"><span style=\"font-size: large;\"><span lang=\"fr-FR\">Pour mettre en place un <\/span><span lang=\"fr-FR\">r\u00e9f\u00e9rencement <\/span><span lang=\"fr-FR\">naturel et <\/span><span lang=\"fr-FR\">une<\/span> <span lang=\"fr-FR\">s<\/span><span lang=\"fr-FR\">trat\u00e9gie de <a href=\"https:\/\/www.anthedesign.fr\/referencement\/mots-clefs\/\" target=\"_blank\" rel=\"noopener\">mots cl\u00e9s<\/a> efficace, plusieurs \u00e9l\u00e9ments sont \u00e0 analyser. Tout d\u2019abord le secteur d\u2019activit\u00e9 de l\u2019entreprise et sa cible. Ensuite le contenu du site, les mots cl\u00e9s utilis\u00e9s et le potentiel de p\u00e9n\u00e9tration sur les moteurs de recherche. Enfin la s\u00e9mantique des mots cl\u00e9s et les requ\u00eates utilis\u00e9es par les sites concurrents.<\/span><\/span><\/span><\/p>\n<p style=\"text-align: justify;\"><span style=\"color: #111111;\"><span style=\"font-size: large;\"><span lang=\"fr-FR\">Nous accordons une attention particuli\u00e8re aux mises \u00e0 jour de <a href=\"https:\/\/www.google.com\/\" target=\"_blank\" rel=\"noopener\">Google<\/a> en vue d&#8217;effectuer un r\u00e9f\u00e9rencement naturel <a href=\"https:\/\/www.google.com\/\" target=\"_blank\" rel=\"noopener\">Google<\/a> de qualit\u00e9, sachant qu&#8217;il s&#8217;agit du moteur de recherche le plus pl\u00e9biscit\u00e9 des internautes.<\/span><\/span><\/span><\/p>\n\n\t\t<\/div>\n\t<\/div>\n<\/div><\/div><\/div><div class=\"wpb_column vc_column_container vc_col-sm-6\"><div class=\"vc_column-inner\"><div class=\"wpb_wrapper\">\n\t<div  class=\"wpb_single_image wpb_content_element vc_align_center\">\n\t\t\n\t\t<figure class=\"wpb_wrapper vc_figure\">\n\t\t\t<div class=\"vc_single_image-wrapper   vc_box_border_grey\"><img loading=\"lazy\" decoding=\"async\" class=\"vc_single_image-img\" src=\"https:\/\/conceptic.io\/wp-content\/uploads\/2021\/10\/blog_homepage-e1398707514469-500x300.png\" width=\"500\" height=\"300\" alt=\"blog_homepage-e1398707514469\" title=\"blog_homepage-e1398707514469\" \/><\/div>\n\t\t<\/figure>\n\t<\/div>\n<\/div><\/div><\/div><\/div><\/div><\/div>","protected":false},"excerpt":{"rendered":"Pour mettre en place un r\u00e9f\u00e9rencement naturel et une strat\u00e9gie de mots cl\u00e9s efficace, plusieurs \u00e9l\u00e9ments sont \u00e0 analyser. Tout d\u2019abord le secteur d\u2019activit\u00e9 de l\u2019entreprise et sa cible. Ensuite [...]","protected":false},"author":1,"featured_media":0,"parent":0,"menu_order":0,"comment_status":"closed","ping_status":"closed","template":"template-fullwidth.php","meta":{"footnotes":""},"class_list":["post-2910","page","type-page","status-publish","hentry"],"yoast_head":"<!-- This site is optimized with the Yoast SEO plugin v17.1 - https:\/\/yoast.com\/wordpress\/plugins\/seo\/ -->\n<title>R\u00e9f\u00e9rencement Web - CONCEPTIC.IO SARL<\/title>\n<meta name=\"description\" content=\"Le r\u00e9f\u00e9rencement web est l&#039;ensemble des technique mise en place afin d&#039;augmenter la visibilit\u00e9 d&#039;un site Internet sur les pages des moteurs\" \/>\n<meta name=\"robots\" content=\"index, follow, max-snippet:-1, max-image-preview:large, max-video-preview:-1\" \/>\n<link rel=\"canonical\" href=\"https:\/\/conceptic.io\/en\/reference-web\/\" \/>\n<meta property=\"og:locale\" content=\"en_US\" \/>\n<meta property=\"og:type\" content=\"article\" \/>\n<meta property=\"og:title\" content=\"R\u00e9f\u00e9rencement Web - CONCEPTIC.IO SARL\" \/>\n<meta property=\"og:description\" content=\"Le r\u00e9f\u00e9rencement web est l&#039;ensemble des technique mise en place afin d&#039;augmenter la visibilit\u00e9 d&#039;un site Internet sur les pages des moteurs\" \/>\n<meta property=\"og:url\" content=\"https:\/\/conceptic.io\/en\/reference-web\/\" \/>\n<meta property=\"og:site_name\" content=\"CONCEPTIC.IO SARL\" \/>\n<meta property=\"article:modified_time\" content=\"2021-10-22T13:32:10+00:00\" \/>\n<meta name=\"twitter:card\" content=\"summary_large_image\" \/>\n<meta name=\"twitter:label1\" content=\"Est. reading time\" \/>\n\t<meta name=\"twitter:data1\" content=\"1 minute\" \/>\n<script type=\"application\/ld+json\" class=\"yoast-schema-graph\">{\"@context\":\"https:\/\/schema.org\",\"@graph\":[{\"@type\":\"WebSite\",\"@id\":\"https:\/\/conceptic.io\/#website\",\"url\":\"https:\/\/conceptic.io\/\",\"name\":\"CONCEPTIC.IO SARL\",\"description\":\"Soci\\u00e9t\\u00e9 de Services Num\\u00e9riques\",\"potentialAction\":[{\"@type\":\"SearchAction\",\"target\":{\"@type\":\"EntryPoint\",\"urlTemplate\":\"https:\/\/conceptic.io\/?s={search_term_string}\"},\"query-input\":\"required name=search_term_string\"}],\"inLanguage\":\"en-US\"},{\"@type\":\"WebPage\",\"@id\":\"https:\/\/conceptic.io\/reference-web\/#webpage\",\"url\":\"https:\/\/conceptic.io\/reference-web\/\",\"name\":\"R\\u00e9f\\u00e9rencement Web - CONCEPTIC.IO SARL\",\"isPartOf\":{\"@id\":\"https:\/\/conceptic.io\/#website\"},\"datePublished\":\"2021-06-29T11:37:47+00:00\",\"dateModified\":\"2021-10-22T13:32:10+00:00\",\"description\":\"Le r\\u00e9f\\u00e9rencement web est l'ensemble des technique mise en place afin d'augmenter la visibilit\\u00e9 d'un site Internet sur les pages des moteurs\",\"breadcrumb\":{\"@id\":\"https:\/\/conceptic.io\/reference-web\/#breadcrumb\"},\"inLanguage\":\"en-US\",\"potentialAction\":[{\"@type\":\"ReadAction\",\"target\":[\"https:\/\/conceptic.io\/reference-web\/\"]}]},{\"@type\":\"BreadcrumbList\",\"@id\":\"https:\/\/conceptic.io\/reference-web\/#breadcrumb\",\"itemListElement\":[{\"@type\":\"ListItem\",\"position\":1,\"name\":\"Accueil\",\"item\":\"https:\/\/conceptic.io\/\"},{\"@type\":\"ListItem\",\"position\":2,\"name\":\"R\\u00e9f\\u00e9rencement Web\"}]}]}<\/script>\n<!-- \/ Yoast SEO plugin. -->","yoast_head_json":{"title":"R\u00e9f\u00e9rencement Web - CONCEPTIC.IO SARL","description":"Le r\u00e9f\u00e9rencement web est l'ensemble des technique mise en place afin d'augmenter la visibilit\u00e9 d'un site Internet sur les pages des moteurs","robots":{"index":"index","follow":"follow","max-snippet":"max-snippet:-1","max-image-preview":"max-image-preview:large","max-video-preview":"max-video-preview:-1"},"canonical":"https:\/\/conceptic.io\/en\/reference-web\/","og_locale":"en_US","og_type":"article","og_title":"R\u00e9f\u00e9rencement Web - CONCEPTIC.IO SARL","og_description":"Le r\u00e9f\u00e9rencement web est l'ensemble des technique mise en place afin d'augmenter la visibilit\u00e9 d'un site Internet sur les pages des moteurs","og_url":"https:\/\/conceptic.io\/en\/reference-web\/","og_site_name":"CONCEPTIC.IO SARL","article_modified_time":"2021-10-22T13:32:10+00:00","twitter_card":"summary_large_image","twitter_misc":{"Est. reading time":"1 minute"},"schema":{"@context":"https:\/\/schema.org","@graph":[{"@type":"WebSite","@id":"https:\/\/conceptic.io\/#website","url":"https:\/\/conceptic.io\/","name":"CONCEPTIC.IO SARL","description":"Soci\u00e9t\u00e9 de Services Num\u00e9riques","potentialAction":[{"@type":"SearchAction","target":{"@type":"EntryPoint","urlTemplate":"https:\/\/conceptic.io\/?s={search_term_string}"},"query-input":"required name=search_term_string"}],"inLanguage":"en-US"},{"@type":"WebPage","@id":"https:\/\/conceptic.io\/reference-web\/#webpage","url":"https:\/\/conceptic.io\/reference-web\/","name":"R\u00e9f\u00e9rencement Web - CONCEPTIC.IO SARL","isPartOf":{"@id":"https:\/\/conceptic.io\/#website"},"datePublished":"2021-06-29T11:37:47+00:00","dateModified":"2021-10-22T13:32:10+00:00","description":"Le r\u00e9f\u00e9rencement web est l'ensemble des technique mise en place afin d'augmenter la visibilit\u00e9 d'un site Internet sur les pages des moteurs","breadcrumb":{"@id":"https:\/\/conceptic.io\/reference-web\/#breadcrumb"},"inLanguage":"en-US","potentialAction":[{"@type":"ReadAction","target":["https:\/\/conceptic.io\/reference-web\/"]}]},{"@type":"BreadcrumbList","@id":"https:\/\/conceptic.io\/reference-web\/#breadcrumb","itemListElement":[{"@type":"ListItem","position":1,"name":"Accueil","item":"https:\/\/conceptic.io\/"},{"@type":"ListItem","position":2,"name":"R\u00e9f\u00e9rencement Web"}]}]}},"_links":{"self":[{"href":"https:\/\/conceptic.io\/en\/wp-json\/wp\/v2\/pages\/2910","targetHints":{"allow":["GET"]}}],"collection":[{"href":"https:\/\/conceptic.io\/en\/wp-json\/wp\/v2\/pages"}],"about":[{"href":"https:\/\/conceptic.io\/en\/wp-json\/wp\/v2\/types\/page"}],"author":[{"embeddable":true,"href":"https:\/\/conceptic.io\/en\/wp-json\/wp\/v2\/users\/1"}],"replies":[{"embeddable":true,"href":"https:\/\/conceptic.io\/en\/wp-json\/wp\/v2\/comments?post=2910"}],"version-history":[{"count":14,"href":"https:\/\/conceptic.io\/en\/wp-json\/wp\/v2\/pages\/2910\/revisions"}],"predecessor-version":[{"id":3588,"href":"https:\/\/conceptic.io\/en\/wp-json\/wp\/v2\/pages\/2910\/revisions\/3588"}],"wp:attachment":[{"href":"https:\/\/conceptic.io\/en\/wp-json\/wp\/v2\/media?parent=2910"}],"curies":[{"name":"wp","href":"https:\/\/api.w.org\/{rel}","templated":true}]}}