{"id":2920,"date":"2021-06-29T11:44:18","date_gmt":"2021-06-29T11:44:18","guid":{"rendered":"http:\/\/localhost\/conceptic\/?page_id=2920"},"modified":"2023-06-29T09:39:06","modified_gmt":"2023-06-29T09:39:06","slug":"formations","status":"publish","type":"page","link":"https:\/\/conceptic.io\/en\/formations\/","title":{"rendered":"Formations"},"content":{"rendered":"<p><span style=\"vertical-align: inherit;\"><span style=\"vertical-align: inherit;\"><div class=\"vc_row wpb_row vc_row-fluid\"><div class=\"container\"><div class=\"row\"><div class=\"wpb_column vc_column_container vc_col-sm-6\"><div class=\"vc_column-inner\"><div class=\"wpb_wrapper\">\n\t<div  class=\"wpb_single_image wpb_content_element vc_align_left\">\n\t\t\n\t\t<figure class=\"wpb_wrapper vc_figure\">\n\t\t\t<div class=\"vc_single_image-wrapper   vc_box_border_grey\"><img loading=\"lazy\" decoding=\"async\" width=\"765\" height=\"425\" src=\"https:\/\/conceptic.io\/wp-content\/uploads\/2021\/10\/new.jpg\" class=\"vc_single_image-img attachment-full\" alt=\"\" srcset=\"https:\/\/conceptic.io\/wp-content\/uploads\/2021\/10\/new.jpg 765w, https:\/\/conceptic.io\/wp-content\/uploads\/2021\/10\/new-300x167.jpg 300w\" sizes=\"auto, (max-width: 765px) 100vw, 765px\" \/><\/div>\n\t\t<\/figure>\n\t<\/div>\n<\/div><\/div><\/div><div class=\"wpb_column vc_column_container vc_col-sm-6\"><div class=\"vc_column-inner\"><div class=\"wpb_wrapper\">\n\t<div class=\"wpb_text_column wpb_content_element\" >\n\t\t<div class=\"wpb_wrapper\">\n\t\t\t<p><\/span><\/span><\/p>\n<p style=\"text-align: justify;\"><span style=\"color: #000000;\"><span style=\"font-size: large;\"><span lang=\"fr-FR\"><span style=\"vertical-align: inherit;\"><span style=\"vertical-align: inherit;\"><span style=\"vertical-align: inherit;\"><span style=\"vertical-align: inherit;\"><span style=\"vertical-align: inherit;\"><span style=\"vertical-align: inherit;\"><span style=\"vertical-align: inherit;\"><span style=\"vertical-align: inherit;\"><span style=\"vertical-align: inherit;\"><span style=\"vertical-align: inherit;\"><span style=\"vertical-align: inherit;\"><span style=\"vertical-align: inherit;\"><span style=\"vertical-align: inherit;\"><span style=\"vertical-align: inherit;\">Nous vous organisons des formations de qualit\u00e9 dans divers domaines de l&#8217;informatique. <\/span><\/span><\/span><\/span><\/span><\/span><\/span><\/span><\/span><\/span><\/span><\/span><\/span><span style=\"vertical-align: inherit;\"><span style=\"vertical-align: inherit;\"><span style=\"vertical-align: inherit;\"><span style=\"vertical-align: inherit;\"><span style=\"vertical-align: inherit;\"><span style=\"vertical-align: inherit;\"><span style=\"vertical-align: inherit;\"><span style=\"vertical-align: inherit;\"><span style=\"vertical-align: inherit;\"><span style=\"vertical-align: inherit;\"><span style=\"vertical-align: inherit;\"><span style=\"vertical-align: inherit;\"><span style=\"vertical-align: inherit;\">Nous proposons des formations dans la manipulation des logiciels de base et professionnel.<\/span><\/span><\/span><\/span><\/span><\/span><\/span><\/span><\/span><\/span><\/span><\/span><\/span><\/span><\/span><\/span><\/span><\/p>\n<p style=\"text-align: justify;\"><span style=\"color: #000000;\"><span style=\"font-size: large;\"><span lang=\"fr-FR\"><span style=\"vertical-align: inherit;\"><span style=\"vertical-align: inherit;\"><span style=\"vertical-align: inherit;\"><span style=\"vertical-align: inherit;\"><span style=\"vertical-align: inherit;\"><span style=\"vertical-align: inherit;\"><span style=\"vertical-align: inherit;\"><span style=\"vertical-align: inherit;\"><span style=\"vertical-align: inherit;\"><span style=\"vertical-align: inherit;\"><span style=\"vertical-align: inherit;\"><span style=\"vertical-align: inherit;\"><span style=\"vertical-align: inherit;\"><span style=\"vertical-align: inherit;\">Vous \u00eates une entreprise et vous avez besoin de renforcer l&#8217;aptitude de vos employ\u00e9s dans la ma\u00eetrise des logiciels de base, de d\u00e9velopper leurs comp\u00e9tences dans les domaines tels que community manager et autres, les rendre aptes \u00e0 interagir avec le monde num\u00e9rique&#8230; <\/span><\/span><\/span><\/span><\/span><\/span><\/span><\/span><\/span><\/span><\/span><\/span><\/span><\/span><a href=\"http:\/\/192.168.1.115\/conceptic\/?page_id=975\"><span style=\"vertical-align: inherit;\"><span style=\"vertical-align: inherit;\"><span style=\"vertical-align: inherit;\"><span style=\"vertical-align: inherit;\"><span style=\"vertical-align: inherit;\"><span style=\"vertical-align: inherit;\"><span style=\"vertical-align: inherit;\"><span style=\"vertical-align: inherit;\"><span style=\"vertical-align: inherit;\"><span style=\"vertical-align: inherit;\"><span style=\"vertical-align: inherit;\"><span style=\"vertical-align: inherit;\"><span style=\"vertical-align: inherit;\"><span style=\"vertical-align: inherit;\">Contactez-nous<\/span><\/span><\/span><\/span><\/span><\/span><\/span><\/span><\/span><\/span><\/span><\/span><\/span><\/span><\/a> <span style=\"vertical-align: inherit;\"><span style=\"vertical-align: inherit;\"><span style=\"vertical-align: inherit;\"><span style=\"vertical-align: inherit;\"><span style=\"vertical-align: inherit;\"><span style=\"vertical-align: inherit;\"><span style=\"vertical-align: inherit;\"><span style=\"vertical-align: inherit;\"><span style=\"vertical-align: inherit;\"><span style=\"vertical-align: inherit;\"><span style=\"vertical-align: inherit;\"><span style=\"vertical-align: inherit;\"><span style=\"vertical-align: inherit;\"><span style=\"vertical-align: inherit;\"> et parvenir \u00e0 un r\u00e9sultat rapide et efficace.\u00a0\u00a0<\/span><\/span><\/span><\/span><\/span><\/span><\/span><\/span><\/span><\/span><\/span><\/span><\/span><\/span><\/span><\/span><\/span><\/p>\n<p><span style=\"vertical-align: inherit;\"><span style=\"vertical-align: inherit;\"><\/p>\n\n\t\t<\/div>\n\t<\/div>\n<\/div><\/div><\/div><\/div><\/div><\/div><\/span><\/span><\/p>","protected":false},"excerpt":{"rendered":"Nous vous organisons des formations de qualit\u00e9 dans divers domaines de l'informatique. Nous proposons des formations dans la manipulation des logiciels de base et professionnel. Vous \u00eates une entreprise et [...]","protected":false},"author":1,"featured_media":3505,"parent":0,"menu_order":0,"comment_status":"closed","ping_status":"closed","template":"template-fullwidth.php","meta":{"footnotes":""},"class_list":["post-2920","page","type-page","status-publish","has-post-thumbnail","hentry"],"yoast_head":"<!-- This site is optimized with the Yoast SEO plugin v17.1 - https:\/\/yoast.com\/wordpress\/plugins\/seo\/ -->\n<title>Formations - CONCEPTIC.IO SARL<\/title>\n<meta name=\"description\" content=\"Renforcez les comp\u00e9tences de vos employ\u00e9s pour interagir avec le monde digital : logiciels, community management et plus encore.\" \/>\n<meta name=\"robots\" content=\"index, follow, max-snippet:-1, max-image-preview:large, max-video-preview:-1\" \/>\n<link rel=\"canonical\" href=\"https:\/\/conceptic.io\/en\/formations\/\" \/>\n<meta property=\"og:locale\" content=\"en_US\" \/>\n<meta property=\"og:type\" content=\"article\" \/>\n<meta property=\"og:title\" content=\"Formations - CONCEPTIC.IO SARL\" \/>\n<meta property=\"og:description\" content=\"Renforcez les comp\u00e9tences de vos employ\u00e9s pour interagir avec le monde digital : logiciels, community management et plus encore.\" \/>\n<meta property=\"og:url\" content=\"https:\/\/conceptic.io\/en\/formations\/\" \/>\n<meta property=\"og:site_name\" content=\"CONCEPTIC.IO SARL\" \/>\n<meta property=\"article:modified_time\" content=\"2023-06-29T09:39:06+00:00\" \/>\n<meta property=\"og:image\" content=\"https:\/\/conceptic.io\/wp-content\/uploads\/2021\/10\/formation.jpg\" \/>\n\t<meta property=\"og:image:width\" content=\"600\" \/>\n\t<meta property=\"og:image:height\" content=\"420\" \/>\n<meta name=\"twitter:card\" content=\"summary_large_image\" \/>\n<meta name=\"twitter:label1\" content=\"Est. reading time\" \/>\n\t<meta name=\"twitter:data1\" content=\"1 minute\" \/>\n<script type=\"application\/ld+json\" class=\"yoast-schema-graph\">{\"@context\":\"https:\/\/schema.org\",\"@graph\":[{\"@type\":\"WebSite\",\"@id\":\"https:\/\/conceptic.io\/#website\",\"url\":\"https:\/\/conceptic.io\/\",\"name\":\"CONCEPTIC.IO SARL\",\"description\":\"Soci\\u00e9t\\u00e9 de Services Num\\u00e9riques\",\"potentialAction\":[{\"@type\":\"SearchAction\",\"target\":{\"@type\":\"EntryPoint\",\"urlTemplate\":\"https:\/\/conceptic.io\/?s={search_term_string}\"},\"query-input\":\"required name=search_term_string\"}],\"inLanguage\":\"en-US\"},{\"@type\":\"ImageObject\",\"@id\":\"https:\/\/conceptic.io\/formations\/#primaryimage\",\"inLanguage\":\"en-US\",\"url\":\"https:\/\/conceptic.io\/wp-content\/uploads\/2021\/10\/formation.jpg\",\"contentUrl\":\"https:\/\/conceptic.io\/wp-content\/uploads\/2021\/10\/formation.jpg\",\"width\":600,\"height\":420},{\"@type\":\"WebPage\",\"@id\":\"https:\/\/conceptic.io\/formations\/#webpage\",\"url\":\"https:\/\/conceptic.io\/formations\/\",\"name\":\"Formations - CONCEPTIC.IO SARL\",\"isPartOf\":{\"@id\":\"https:\/\/conceptic.io\/#website\"},\"primaryImageOfPage\":{\"@id\":\"https:\/\/conceptic.io\/formations\/#primaryimage\"},\"datePublished\":\"2021-06-29T11:44:18+00:00\",\"dateModified\":\"2023-06-29T09:39:06+00:00\",\"description\":\"Renforcez les comp\\u00e9tences de vos employ\\u00e9s pour interagir avec le monde digital : logiciels, community management et plus encore.\",\"breadcrumb\":{\"@id\":\"https:\/\/conceptic.io\/formations\/#breadcrumb\"},\"inLanguage\":\"en-US\",\"potentialAction\":[{\"@type\":\"ReadAction\",\"target\":[\"https:\/\/conceptic.io\/formations\/\"]}]},{\"@type\":\"BreadcrumbList\",\"@id\":\"https:\/\/conceptic.io\/formations\/#breadcrumb\",\"itemListElement\":[{\"@type\":\"ListItem\",\"position\":1,\"name\":\"Accueil\",\"item\":\"https:\/\/conceptic.io\/\"},{\"@type\":\"ListItem\",\"position\":2,\"name\":\"Formations\"}]}]}<\/script>\n<!-- \/ Yoast SEO plugin. -->","yoast_head_json":{"title":"Formations - CONCEPTIC.IO SARL","description":"Renforcez les comp\u00e9tences de vos employ\u00e9s pour interagir avec le monde digital : logiciels, community management et plus encore.","robots":{"index":"index","follow":"follow","max-snippet":"max-snippet:-1","max-image-preview":"max-image-preview:large","max-video-preview":"max-video-preview:-1"},"canonical":"https:\/\/conceptic.io\/en\/formations\/","og_locale":"en_US","og_type":"article","og_title":"Formations - CONCEPTIC.IO SARL","og_description":"Renforcez les comp\u00e9tences de vos employ\u00e9s pour interagir avec le monde digital : logiciels, community management et plus encore.","og_url":"https:\/\/conceptic.io\/en\/formations\/","og_site_name":"CONCEPTIC.IO SARL","article_modified_time":"2023-06-29T09:39:06+00:00","og_image":[{"width":600,"height":420,"url":"https:\/\/conceptic.io\/wp-content\/uploads\/2021\/10\/formation.jpg","path":"\/home\/waieael\/concepticio\/wp-content\/uploads\/2021\/10\/formation.jpg","size":"full","id":3505,"alt":"","pixels":252000,"type":"image\/jpeg"}],"twitter_card":"summary_large_image","twitter_misc":{"Est. reading time":"1 minute"},"schema":{"@context":"https:\/\/schema.org","@graph":[{"@type":"WebSite","@id":"https:\/\/conceptic.io\/#website","url":"https:\/\/conceptic.io\/","name":"CONCEPTIC.IO SARL","description":"Soci\u00e9t\u00e9 de Services Num\u00e9riques","potentialAction":[{"@type":"SearchAction","target":{"@type":"EntryPoint","urlTemplate":"https:\/\/conceptic.io\/?s={search_term_string}"},"query-input":"required name=search_term_string"}],"inLanguage":"en-US"},{"@type":"ImageObject","@id":"https:\/\/conceptic.io\/formations\/#primaryimage","inLanguage":"en-US","url":"https:\/\/conceptic.io\/wp-content\/uploads\/2021\/10\/formation.jpg","contentUrl":"https:\/\/conceptic.io\/wp-content\/uploads\/2021\/10\/formation.jpg","width":600,"height":420},{"@type":"WebPage","@id":"https:\/\/conceptic.io\/formations\/#webpage","url":"https:\/\/conceptic.io\/formations\/","name":"Formations - CONCEPTIC.IO SARL","isPartOf":{"@id":"https:\/\/conceptic.io\/#website"},"primaryImageOfPage":{"@id":"https:\/\/conceptic.io\/formations\/#primaryimage"},"datePublished":"2021-06-29T11:44:18+00:00","dateModified":"2023-06-29T09:39:06+00:00","description":"Renforcez les comp\u00e9tences de vos employ\u00e9s pour interagir avec le monde digital : logiciels, community management et plus encore.","breadcrumb":{"@id":"https:\/\/conceptic.io\/formations\/#breadcrumb"},"inLanguage":"en-US","potentialAction":[{"@type":"ReadAction","target":["https:\/\/conceptic.io\/formations\/"]}]},{"@type":"BreadcrumbList","@id":"https:\/\/conceptic.io\/formations\/#breadcrumb","itemListElement":[{"@type":"ListItem","position":1,"name":"Accueil","item":"https:\/\/conceptic.io\/"},{"@type":"ListItem","position":2,"name":"Formations"}]}]}},"_links":{"self":[{"href":"https:\/\/conceptic.io\/en\/wp-json\/wp\/v2\/pages\/2920","targetHints":{"allow":["GET"]}}],"collection":[{"href":"https:\/\/conceptic.io\/en\/wp-json\/wp\/v2\/pages"}],"about":[{"href":"https:\/\/conceptic.io\/en\/wp-json\/wp\/v2\/types\/page"}],"author":[{"embeddable":true,"href":"https:\/\/conceptic.io\/en\/wp-json\/wp\/v2\/users\/1"}],"replies":[{"embeddable":true,"href":"https:\/\/conceptic.io\/en\/wp-json\/wp\/v2\/comments?post=2920"}],"version-history":[{"count":18,"href":"https:\/\/conceptic.io\/en\/wp-json\/wp\/v2\/pages\/2920\/revisions"}],"predecessor-version":[{"id":3725,"href":"https:\/\/conceptic.io\/en\/wp-json\/wp\/v2\/pages\/2920\/revisions\/3725"}],"wp:featuredmedia":[{"embeddable":true,"href":"https:\/\/conceptic.io\/en\/wp-json\/wp\/v2\/media\/3505"}],"wp:attachment":[{"href":"https:\/\/conceptic.io\/en\/wp-json\/wp\/v2\/media?parent=2920"}],"curies":[{"name":"wp","href":"https:\/\/api.w.org\/{rel}","templated":true}]}}