{"id":2922,"date":"2021-06-29T11:46:07","date_gmt":"2021-06-29T11:46:07","guid":{"rendered":"http:\/\/localhost\/conceptic\/?page_id=2922"},"modified":"2021-11-29T17:12:26","modified_gmt":"2021-11-29T17:12:26","slug":"support-technique","status":"publish","type":"page","link":"https:\/\/conceptic.io\/en\/support-technique\/","title":{"rendered":"Support technique"},"content":{"rendered":"<p><span style=\"vertical-align: inherit;\"><span style=\"vertical-align: inherit;\"><div class=\"vc_row wpb_row vc_row-fluid\"><div class=\"container\"><div class=\"row\"><div class=\"wpb_column vc_column_container vc_col-sm-6\"><div class=\"vc_column-inner\"><div class=\"wpb_wrapper\">\n\t<div  class=\"wpb_single_image wpb_content_element vc_align_left\">\n\t\t\n\t\t<figure class=\"wpb_wrapper vc_figure\">\n\t\t\t<div class=\"vc_single_image-wrapper   vc_box_border_grey\"><img loading=\"lazy\" decoding=\"async\" class=\"vc_single_image-img\" src=\"https:\/\/conceptic.io\/wp-content\/uploads\/2021\/10\/247282245_167308935523026_3424807374694253117_n.jpg\" width=\"400\" height=\"267\" alt=\"247282245_167308935523026_3424807374694253117_n\" title=\"247282245_167308935523026_3424807374694253117_n\" \/><\/div>\n\t\t<\/figure>\n\t<\/div>\n<\/div><\/div><\/div><div class=\"wpb_column vc_column_container vc_col-sm-6\"><div class=\"vc_column-inner\"><div class=\"wpb_wrapper\">\n\t<div class=\"wpb_text_column wpb_content_element\" >\n\t\t<div class=\"wpb_wrapper\">\n\t\t\t<p><\/span><\/span><\/p>\n<p style=\"text-align: justify;\"><span style=\"color: #000000;\"><span style=\"font-size: large;\"><span lang=\"fr-FR\"><span style=\"vertical-align: inherit;\"><span style=\"vertical-align: inherit;\"><span style=\"vertical-align: inherit;\"><span style=\"vertical-align: inherit;\"><span style=\"vertical-align: inherit;\"><span style=\"vertical-align: inherit;\">En informatique, le support technique (ou &#8220;Hotline&#8221; qui pourrait se traduire par &#8220;appel urgent&#8221;) est l&#8217;assistance donn\u00e9e par un technicien hotline \u00e0 un utilisateur pour l&#8217;aider \u00e0 r\u00e9soudre un probl\u00e8me logiciel (logiciel) ou mat\u00e9riel (mat\u00e9riel) , ou simplement pour lui donner une information dont il a besoin.<\/span><\/span><\/span><\/span><\/span><\/span><\/span> <\/span><\/span><\/p>\n<p style=\"text-align: justify;\"><span style=\"color: #000000;\"><span style=\"font-size: large;\"><span style=\"vertical-align: inherit;\"><span style=\"vertical-align: inherit;\"><span style=\"vertical-align: inherit;\"><span style=\"vertical-align: inherit;\"><span style=\"vertical-align: inherit;\"><span style=\"vertical-align: inherit;\">A <\/span><\/span><a href=\"https:\/\/conceptic.io\/en\/\"><span style=\"vertical-align: inherit;\"><span style=\"vertical-align: inherit;\">Conceptic.io<\/span><\/span><\/a><span style=\"vertical-align: inherit;\"><span style=\"vertical-align: inherit;\"> n <\/span><\/span><\/span><\/span><\/span><\/span><span lang=\"fr-FR\"><span style=\"vertical-align: inherit;\"><span style=\"vertical-align: inherit;\"><span style=\"vertical-align: inherit;\"><span style=\"vertical-align: inherit;\"><span style=\"vertical-align: inherit;\"><span style=\"vertical-align: inherit;\">os techniciens qualifi\u00e9s ont \u00e0 un diagnostic judicieux pour d\u00e9nicher le probl\u00e8me et vous expliqueront clairement comment ils peuvent y traiter.<\/span><\/span><\/span><\/span><\/span><\/span><\/span> <\/span><\/span><\/p>\n<p><span style=\"vertical-align: inherit;\"><span style=\"vertical-align: inherit;\"><\/p>\n\n\t\t<\/div>\n\t<\/div>\n<\/div><\/div><\/div><\/div><\/div><\/div><\/span><\/span><\/p>","protected":false},"excerpt":{"rendered":"En informatique, le support technique (ou \"Hotline\" qui pourrait se traduire par \"appel urgent\") est l'assistance donn\u00e9e par un technicien hotline \u00e0 un utilisateur pour l'aider \u00e0 r\u00e9soudre un probl\u00e8me [...]","protected":false},"author":1,"featured_media":3611,"parent":0,"menu_order":0,"comment_status":"closed","ping_status":"closed","template":"template-fullwidth.php","meta":{"footnotes":""},"class_list":["post-2922","page","type-page","status-publish","has-post-thumbnail","hentry"],"yoast_head":"<!-- This site is optimized with the Yoast SEO plugin v17.1 - https:\/\/yoast.com\/wordpress\/plugins\/seo\/ -->\n<title>Support technique - CONCEPTIC.IO SARL<\/title>\n<meta name=\"description\" content=\"En informatique, le support technique (ou \u201cHotline\u201d qui pourrait se traduire par \u201cappel urgent\u201d) est l\u2019assistance donn\u00e9e par un technicien hotline \u00e0 un utilisateur pour l\u2019aider \u00e0 r\u00e9soudre un probl\u00e8me logiciel (software) ou mat\u00e9riel (hardware), ou simplement pour lui donner une information dont il a besoin....\" \/>\n<meta name=\"robots\" content=\"index, follow, max-snippet:-1, max-image-preview:large, max-video-preview:-1\" \/>\n<link rel=\"canonical\" href=\"https:\/\/conceptic.io\/en\/support-technique\/\" \/>\n<meta property=\"og:locale\" content=\"en_US\" \/>\n<meta property=\"og:type\" content=\"article\" \/>\n<meta property=\"og:title\" content=\"Support technique - CONCEPTIC.IO SARL\" \/>\n<meta property=\"og:description\" content=\"En informatique, le support technique (ou \u201cHotline\u201d qui pourrait se traduire par \u201cappel urgent\u201d) est l\u2019assistance donn\u00e9e par un technicien hotline \u00e0 un utilisateur pour l\u2019aider \u00e0 r\u00e9soudre un probl\u00e8me logiciel (software) ou mat\u00e9riel (hardware), ou simplement pour lui donner une information dont il a besoin....\" \/>\n<meta property=\"og:url\" content=\"https:\/\/conceptic.io\/en\/support-technique\/\" \/>\n<meta property=\"og:site_name\" content=\"CONCEPTIC.IO SARL\" \/>\n<meta property=\"article:modified_time\" content=\"2021-11-29T17:12:26+00:00\" \/>\n<meta property=\"og:image\" content=\"https:\/\/conceptic.io\/wp-content\/uploads\/2021\/10\/247282245_167308935523026_3424807374694253117_n.png\" \/>\n\t<meta property=\"og:image:width\" content=\"600\" \/>\n\t<meta property=\"og:image:height\" content=\"420\" \/>\n<meta name=\"twitter:card\" content=\"summary_large_image\" \/>\n<meta name=\"twitter:label1\" content=\"Est. reading time\" \/>\n\t<meta name=\"twitter:data1\" content=\"1 minute\" \/>\n<script type=\"application\/ld+json\" class=\"yoast-schema-graph\">{\"@context\":\"https:\/\/schema.org\",\"@graph\":[{\"@type\":\"WebSite\",\"@id\":\"https:\/\/conceptic.io\/#website\",\"url\":\"https:\/\/conceptic.io\/\",\"name\":\"CONCEPTIC.IO SARL\",\"description\":\"Soci\\u00e9t\\u00e9 de Services Num\\u00e9riques\",\"potentialAction\":[{\"@type\":\"SearchAction\",\"target\":{\"@type\":\"EntryPoint\",\"urlTemplate\":\"https:\/\/conceptic.io\/?s={search_term_string}\"},\"query-input\":\"required name=search_term_string\"}],\"inLanguage\":\"en-US\"},{\"@type\":\"ImageObject\",\"@id\":\"https:\/\/conceptic.io\/support-technique\/#primaryimage\",\"inLanguage\":\"en-US\",\"url\":\"https:\/\/conceptic.io\/wp-content\/uploads\/2021\/10\/247282245_167308935523026_3424807374694253117_n.png\",\"contentUrl\":\"https:\/\/conceptic.io\/wp-content\/uploads\/2021\/10\/247282245_167308935523026_3424807374694253117_n.png\",\"width\":600,\"height\":420},{\"@type\":\"WebPage\",\"@id\":\"https:\/\/conceptic.io\/support-technique\/#webpage\",\"url\":\"https:\/\/conceptic.io\/support-technique\/\",\"name\":\"Support technique - CONCEPTIC.IO SARL\",\"isPartOf\":{\"@id\":\"https:\/\/conceptic.io\/#website\"},\"primaryImageOfPage\":{\"@id\":\"https:\/\/conceptic.io\/support-technique\/#primaryimage\"},\"datePublished\":\"2021-06-29T11:46:07+00:00\",\"dateModified\":\"2021-11-29T17:12:26+00:00\",\"description\":\"En informatique, le support technique (ou \\u201cHotline\\u201d qui pourrait se traduire par \\u201cappel urgent\\u201d) est l\\u2019assistance donn\\u00e9e par un technicien hotline \\u00e0 un utilisateur pour l\\u2019aider \\u00e0 r\\u00e9soudre un probl\\u00e8me logiciel (software) ou mat\\u00e9riel (hardware), ou simplement pour lui donner une information dont il a besoin....\",\"breadcrumb\":{\"@id\":\"https:\/\/conceptic.io\/support-technique\/#breadcrumb\"},\"inLanguage\":\"en-US\",\"potentialAction\":[{\"@type\":\"ReadAction\",\"target\":[\"https:\/\/conceptic.io\/support-technique\/\"]}]},{\"@type\":\"BreadcrumbList\",\"@id\":\"https:\/\/conceptic.io\/support-technique\/#breadcrumb\",\"itemListElement\":[{\"@type\":\"ListItem\",\"position\":1,\"name\":\"Accueil\",\"item\":\"https:\/\/conceptic.io\/\"},{\"@type\":\"ListItem\",\"position\":2,\"name\":\"Support technique\"}]}]}<\/script>\n<!-- \/ Yoast SEO plugin. -->","yoast_head_json":{"title":"Support technique - CONCEPTIC.IO SARL","description":"En informatique, le support technique (ou \u201cHotline\u201d qui pourrait se traduire par \u201cappel urgent\u201d) est l\u2019assistance donn\u00e9e par un technicien hotline \u00e0 un utilisateur pour l\u2019aider \u00e0 r\u00e9soudre un probl\u00e8me logiciel (software) ou mat\u00e9riel (hardware), ou simplement pour lui donner une information dont il a besoin....","robots":{"index":"index","follow":"follow","max-snippet":"max-snippet:-1","max-image-preview":"max-image-preview:large","max-video-preview":"max-video-preview:-1"},"canonical":"https:\/\/conceptic.io\/en\/support-technique\/","og_locale":"en_US","og_type":"article","og_title":"Support technique - CONCEPTIC.IO SARL","og_description":"En informatique, le support technique (ou \u201cHotline\u201d qui pourrait se traduire par \u201cappel urgent\u201d) est l\u2019assistance donn\u00e9e par un technicien hotline \u00e0 un utilisateur pour l\u2019aider \u00e0 r\u00e9soudre un probl\u00e8me logiciel (software) ou mat\u00e9riel (hardware), ou simplement pour lui donner une information dont il a besoin....","og_url":"https:\/\/conceptic.io\/en\/support-technique\/","og_site_name":"CONCEPTIC.IO SARL","article_modified_time":"2021-11-29T17:12:26+00:00","og_image":[{"width":600,"height":420,"url":"https:\/\/conceptic.io\/wp-content\/uploads\/2021\/10\/247282245_167308935523026_3424807374694253117_n.png","path":"\/home\/waieael\/concepticio\/wp-content\/uploads\/2021\/10\/247282245_167308935523026_3424807374694253117_n.png","size":"full","id":3611,"alt":"","pixels":252000,"type":"image\/png"}],"twitter_card":"summary_large_image","twitter_misc":{"Est. reading time":"1 minute"},"schema":{"@context":"https:\/\/schema.org","@graph":[{"@type":"WebSite","@id":"https:\/\/conceptic.io\/#website","url":"https:\/\/conceptic.io\/","name":"CONCEPTIC.IO SARL","description":"Soci\u00e9t\u00e9 de Services Num\u00e9riques","potentialAction":[{"@type":"SearchAction","target":{"@type":"EntryPoint","urlTemplate":"https:\/\/conceptic.io\/?s={search_term_string}"},"query-input":"required name=search_term_string"}],"inLanguage":"en-US"},{"@type":"ImageObject","@id":"https:\/\/conceptic.io\/support-technique\/#primaryimage","inLanguage":"en-US","url":"https:\/\/conceptic.io\/wp-content\/uploads\/2021\/10\/247282245_167308935523026_3424807374694253117_n.png","contentUrl":"https:\/\/conceptic.io\/wp-content\/uploads\/2021\/10\/247282245_167308935523026_3424807374694253117_n.png","width":600,"height":420},{"@type":"WebPage","@id":"https:\/\/conceptic.io\/support-technique\/#webpage","url":"https:\/\/conceptic.io\/support-technique\/","name":"Support technique - CONCEPTIC.IO SARL","isPartOf":{"@id":"https:\/\/conceptic.io\/#website"},"primaryImageOfPage":{"@id":"https:\/\/conceptic.io\/support-technique\/#primaryimage"},"datePublished":"2021-06-29T11:46:07+00:00","dateModified":"2021-11-29T17:12:26+00:00","description":"En informatique, le support technique (ou \u201cHotline\u201d qui pourrait se traduire par \u201cappel urgent\u201d) est l\u2019assistance donn\u00e9e par un technicien hotline \u00e0 un utilisateur pour l\u2019aider \u00e0 r\u00e9soudre un probl\u00e8me logiciel (software) ou mat\u00e9riel (hardware), ou simplement pour lui donner une information dont il a besoin....","breadcrumb":{"@id":"https:\/\/conceptic.io\/support-technique\/#breadcrumb"},"inLanguage":"en-US","potentialAction":[{"@type":"ReadAction","target":["https:\/\/conceptic.io\/support-technique\/"]}]},{"@type":"BreadcrumbList","@id":"https:\/\/conceptic.io\/support-technique\/#breadcrumb","itemListElement":[{"@type":"ListItem","position":1,"name":"Accueil","item":"https:\/\/conceptic.io\/"},{"@type":"ListItem","position":2,"name":"Support technique"}]}]}},"_links":{"self":[{"href":"https:\/\/conceptic.io\/en\/wp-json\/wp\/v2\/pages\/2922","targetHints":{"allow":["GET"]}}],"collection":[{"href":"https:\/\/conceptic.io\/en\/wp-json\/wp\/v2\/pages"}],"about":[{"href":"https:\/\/conceptic.io\/en\/wp-json\/wp\/v2\/types\/page"}],"author":[{"embeddable":true,"href":"https:\/\/conceptic.io\/en\/wp-json\/wp\/v2\/users\/1"}],"replies":[{"embeddable":true,"href":"https:\/\/conceptic.io\/en\/wp-json\/wp\/v2\/comments?post=2922"}],"version-history":[{"count":9,"href":"https:\/\/conceptic.io\/en\/wp-json\/wp\/v2\/pages\/2922\/revisions"}],"predecessor-version":[{"id":3726,"href":"https:\/\/conceptic.io\/en\/wp-json\/wp\/v2\/pages\/2922\/revisions\/3726"}],"wp:featuredmedia":[{"embeddable":true,"href":"https:\/\/conceptic.io\/en\/wp-json\/wp\/v2\/media\/3611"}],"wp:attachment":[{"href":"https:\/\/conceptic.io\/en\/wp-json\/wp\/v2\/media?parent=2922"}],"curies":[{"name":"wp","href":"https:\/\/api.w.org\/{rel}","templated":true}]}}