{"id":2949,"date":"2023-06-22T18:07:06","date_gmt":"2023-06-22T18:07:06","guid":{"rendered":"http:\/\/localhost\/conceptic\/?page_id=2949"},"modified":"2023-06-22T18:14:11","modified_gmt":"2023-06-22T18:14:11","slug":"equipement-informatique","status":"publish","type":"page","link":"https:\/\/conceptic.io\/en\/equipement-informatique\/","title":{"rendered":"Equipement informatique"},"content":{"rendered":"","protected":false},"excerpt":{"rendered":"","protected":false},"author":1,"featured_media":0,"parent":0,"menu_order":0,"comment_status":"closed","ping_status":"closed","template":"","meta":{"footnotes":""},"class_list":["post-2949","page","type-page","status-publish","hentry"],"yoast_head":"<!-- This site is optimized with the Yoast SEO plugin v17.1 - https:\/\/yoast.com\/wordpress\/plugins\/seo\/ -->\n<title>Equipement informatique - CONCEPTIC.IO SARL<\/title>\n<meta name=\"description\" content=\"Avant d&#039;acheter un ordinateur, nous vous aidons \u00e0 \u00e9valuer le besoin. En suite nous vous fournissons les meilleurs \u00e9quipements sur place.\" \/>\n<meta name=\"robots\" content=\"index, follow, max-snippet:-1, max-image-preview:large, max-video-preview:-1\" \/>\n<link rel=\"canonical\" href=\"https:\/\/conceptic.io\/en\/equipement-informatique\/\" \/>\n<meta property=\"og:locale\" content=\"en_US\" \/>\n<meta property=\"og:type\" content=\"article\" \/>\n<meta property=\"og:title\" content=\"Equipement informatique - CONCEPTIC.IO SARL\" \/>\n<meta property=\"og:description\" content=\"Avant d&#039;acheter un ordinateur, nous vous aidons \u00e0 \u00e9valuer le besoin. En suite nous vous fournissons les meilleurs \u00e9quipements sur place.\" \/>\n<meta property=\"og:url\" content=\"https:\/\/conceptic.io\/en\/equipement-informatique\/\" \/>\n<meta property=\"og:site_name\" content=\"CONCEPTIC.IO SARL\" \/>\n<meta property=\"article:modified_time\" content=\"2023-06-22T18:14:11+00:00\" \/>\n<meta name=\"twitter:card\" content=\"summary_large_image\" \/>\n<script type=\"application\/ld+json\" class=\"yoast-schema-graph\">{\"@context\":\"https:\/\/schema.org\",\"@graph\":[{\"@type\":\"WebSite\",\"@id\":\"https:\/\/conceptic.io\/#website\",\"url\":\"https:\/\/conceptic.io\/\",\"name\":\"CONCEPTIC.IO SARL\",\"description\":\"Soci\\u00e9t\\u00e9 de Services Num\\u00e9riques\",\"potentialAction\":[{\"@type\":\"SearchAction\",\"target\":{\"@type\":\"EntryPoint\",\"urlTemplate\":\"https:\/\/conceptic.io\/?s={search_term_string}\"},\"query-input\":\"required name=search_term_string\"}],\"inLanguage\":\"en-US\"},{\"@type\":\"WebPage\",\"@id\":\"https:\/\/conceptic.io\/equipement-informatique\/#webpage\",\"url\":\"https:\/\/conceptic.io\/equipement-informatique\/\",\"name\":\"Equipement informatique - CONCEPTIC.IO SARL\",\"isPartOf\":{\"@id\":\"https:\/\/conceptic.io\/#website\"},\"datePublished\":\"2023-06-22T18:07:06+00:00\",\"dateModified\":\"2023-06-22T18:14:11+00:00\",\"description\":\"Avant d'acheter un ordinateur, nous vous aidons \\u00e0 \\u00e9valuer le besoin. En suite nous vous fournissons les meilleurs \\u00e9quipements sur place.\",\"breadcrumb\":{\"@id\":\"https:\/\/conceptic.io\/equipement-informatique\/#breadcrumb\"},\"inLanguage\":\"en-US\",\"potentialAction\":[{\"@type\":\"ReadAction\",\"target\":[\"https:\/\/conceptic.io\/equipement-informatique\/\"]}]},{\"@type\":\"BreadcrumbList\",\"@id\":\"https:\/\/conceptic.io\/equipement-informatique\/#breadcrumb\",\"itemListElement\":[{\"@type\":\"ListItem\",\"position\":1,\"name\":\"Accueil\",\"item\":\"https:\/\/conceptic.io\/\"},{\"@type\":\"ListItem\",\"position\":2,\"name\":\"Equipement informatique\"}]}]}<\/script>\n<!-- \/ Yoast SEO plugin. -->","yoast_head_json":{"title":"Equipement informatique - CONCEPTIC.IO SARL","description":"Avant d'acheter un ordinateur, nous vous aidons \u00e0 \u00e9valuer le besoin. En suite nous vous fournissons les meilleurs \u00e9quipements sur place.","robots":{"index":"index","follow":"follow","max-snippet":"max-snippet:-1","max-image-preview":"max-image-preview:large","max-video-preview":"max-video-preview:-1"},"canonical":"https:\/\/conceptic.io\/en\/equipement-informatique\/","og_locale":"en_US","og_type":"article","og_title":"Equipement informatique - CONCEPTIC.IO SARL","og_description":"Avant d'acheter un ordinateur, nous vous aidons \u00e0 \u00e9valuer le besoin. En suite nous vous fournissons les meilleurs \u00e9quipements sur place.","og_url":"https:\/\/conceptic.io\/en\/equipement-informatique\/","og_site_name":"CONCEPTIC.IO SARL","article_modified_time":"2023-06-22T18:14:11+00:00","twitter_card":"summary_large_image","schema":{"@context":"https:\/\/schema.org","@graph":[{"@type":"WebSite","@id":"https:\/\/conceptic.io\/#website","url":"https:\/\/conceptic.io\/","name":"CONCEPTIC.IO SARL","description":"Soci\u00e9t\u00e9 de Services Num\u00e9riques","potentialAction":[{"@type":"SearchAction","target":{"@type":"EntryPoint","urlTemplate":"https:\/\/conceptic.io\/?s={search_term_string}"},"query-input":"required name=search_term_string"}],"inLanguage":"en-US"},{"@type":"WebPage","@id":"https:\/\/conceptic.io\/equipement-informatique\/#webpage","url":"https:\/\/conceptic.io\/equipement-informatique\/","name":"Equipement informatique - CONCEPTIC.IO SARL","isPartOf":{"@id":"https:\/\/conceptic.io\/#website"},"datePublished":"2023-06-22T18:07:06+00:00","dateModified":"2023-06-22T18:14:11+00:00","description":"Avant d'acheter un ordinateur, nous vous aidons \u00e0 \u00e9valuer le besoin. En suite nous vous fournissons les meilleurs \u00e9quipements sur place.","breadcrumb":{"@id":"https:\/\/conceptic.io\/equipement-informatique\/#breadcrumb"},"inLanguage":"en-US","potentialAction":[{"@type":"ReadAction","target":["https:\/\/conceptic.io\/equipement-informatique\/"]}]},{"@type":"BreadcrumbList","@id":"https:\/\/conceptic.io\/equipement-informatique\/#breadcrumb","itemListElement":[{"@type":"ListItem","position":1,"name":"Accueil","item":"https:\/\/conceptic.io\/"},{"@type":"ListItem","position":2,"name":"Equipement informatique"}]}]}},"_links":{"self":[{"href":"https:\/\/conceptic.io\/en\/wp-json\/wp\/v2\/pages\/2949","targetHints":{"allow":["GET"]}}],"collection":[{"href":"https:\/\/conceptic.io\/en\/wp-json\/wp\/v2\/pages"}],"about":[{"href":"https:\/\/conceptic.io\/en\/wp-json\/wp\/v2\/types\/page"}],"author":[{"embeddable":true,"href":"https:\/\/conceptic.io\/en\/wp-json\/wp\/v2\/users\/1"}],"replies":[{"embeddable":true,"href":"https:\/\/conceptic.io\/en\/wp-json\/wp\/v2\/comments?post=2949"}],"version-history":[{"count":1,"href":"https:\/\/conceptic.io\/en\/wp-json\/wp\/v2\/pages\/2949\/revisions"}],"predecessor-version":[{"id":2950,"href":"https:\/\/conceptic.io\/en\/wp-json\/wp\/v2\/pages\/2949\/revisions\/2950"}],"wp:attachment":[{"href":"https:\/\/conceptic.io\/en\/wp-json\/wp\/v2\/media?parent=2949"}],"curies":[{"name":"wp","href":"https:\/\/api.w.org\/{rel}","templated":true}]}}