{"id":2951,"date":"2021-06-29T12:53:45","date_gmt":"2021-06-29T12:53:45","guid":{"rendered":"http:\/\/localhost\/conceptic\/?page_id=2951"},"modified":"2021-10-25T09:09:22","modified_gmt":"2021-10-25T09:09:22","slug":"logiciels-antivirus","status":"publish","type":"page","link":"https:\/\/conceptic.io\/en\/logiciels-antivirus\/","title":{"rendered":"Logiciels Antivirus"},"content":{"rendered":"<div class=\"vc_row wpb_row vc_row-fluid\"><div class=\"container\"><div class=\"row\"><div class=\"wpb_column vc_column_container vc_col-sm-12\"><div class=\"vc_column-inner\"><div class=\"wpb_wrapper\">\n\t<div class=\"wpb_text_column wpb_content_element\" >\n\t\t<div class=\"wpb_wrapper\">\n\t\t\t<p>Nous proposons Kaspersky comme antivirus. Nous sommes revendeurs de ce produit. C&#8217;est d&#8217;ailleurs le meilleur en mati\u00e8re de s\u00e9curit\u00e9.<\/p>\n\n\t\t<\/div>\n\t<\/div>\n\n\t<div  class=\"wpb_single_image wpb_content_element vc_align_center\">\n\t\t\n\t\t<figure class=\"wpb_wrapper vc_figure\">\n\t\t\t<div class=\"vc_single_image-wrapper   vc_box_border_grey\"><img loading=\"lazy\" decoding=\"async\" width=\"1024\" height=\"576\" src=\"https:\/\/conceptic.io\/wp-content\/uploads\/2021\/07\/Kaspersky-2021-new-version-is-here-1.jpg\" class=\"vc_single_image-img attachment-full\" alt=\"\" srcset=\"https:\/\/conceptic.io\/wp-content\/uploads\/2021\/07\/Kaspersky-2021-new-version-is-here-1.jpg 1024w, https:\/\/conceptic.io\/wp-content\/uploads\/2021\/07\/Kaspersky-2021-new-version-is-here-1-300x169.jpg 300w, https:\/\/conceptic.io\/wp-content\/uploads\/2021\/07\/Kaspersky-2021-new-version-is-here-1-768x432.jpg 768w\" sizes=\"auto, (max-width: 1024px) 100vw, 1024px\" \/><\/div>\n\t\t<\/figure>\n\t<\/div>\n<div class=\"vc_row wpb_row vc_inner vc_row-fluid\"><div class=\"wpb_column vc_column_container vc_col-sm-6\"><div class=\"vc_column-inner\"><div class=\"wpb_wrapper\">\n\t<div  class=\"wpb_single_image wpb_content_element vc_align_center\">\n\t\t\n\t\t<figure class=\"wpb_wrapper vc_figure\">\n\t\t\t<div class=\"vc_single_image-wrapper   vc_box_border_grey\"><img loading=\"lazy\" decoding=\"async\" width=\"225\" height=\"249\" src=\"https:\/\/conceptic.io\/wp-content\/uploads\/2021\/07\/product-box-KTS.png\" class=\"vc_single_image-img attachment-full\" alt=\"\" \/><\/div>\n\t\t<\/figure>\n\t<\/div>\n<\/div><\/div><\/div><div class=\"wpb_column vc_column_container vc_col-sm-6\"><div class=\"vc_column-inner\"><div class=\"wpb_wrapper\">\n\t<div class=\"wpb_text_column wpb_content_element\" >\n\t\t<div class=\"wpb_wrapper\">\n\t\t\t<h3 class=\"MastHead-module--title--2B737\" style=\"text-align: center;\"><strong>Logiciel de s\u00e9curit\u00e9 tout en un<\/strong><\/h3>\n<p style=\"text-align: justify;\">Obtenez un sentiment de s\u00e9curit\u00e9 in\u00e9gal\u00e9 gr\u00e2ce \u00e0 une protection priv\u00e9e contre les pirates, les virus et les logiciels malveillants. En plus d&#8217;une protection des paiements et des outils de confidentialit\u00e9 qui vous prot\u00e8gent sous tous les angles. Fonctionnalit\u00e9s premium incluses<\/p>\n\n\t\t<\/div>\n\t<\/div>\n<\/div><\/div><\/div><\/div><\/div><\/div><\/div><\/div><\/div><\/div><div class=\"vc_row wpb_row vc_row-fluid\"><div class=\"container\"><div class=\"row\"><div class=\"wpb_column vc_column_container vc_col-sm-12\"><div class=\"vc_column-inner\"><div class=\"wpb_wrapper\"><div class=\"vc_separator wpb_content_element vc_separator_align_center vc_sep_width_100 vc_sep_pos_align_center vc_separator_no_text vc_sep_color_grey\" ><span class=\"vc_sep_holder vc_sep_holder_l\"><span  class=\"vc_sep_line\"><\/span><\/span><span class=\"vc_sep_holder vc_sep_holder_r\"><span  class=\"vc_sep_line\"><\/span><\/span>\n<\/div><\/div><\/div><\/div><\/div><\/div><\/div><div class=\"vc_row wpb_row vc_row-fluid\"><div class=\"container\"><div class=\"row\"><div class=\"wpb_column vc_column_container vc_col-sm-6\"><div class=\"vc_column-inner\"><div class=\"wpb_wrapper\">\n\t<div class=\"wpb_text_column wpb_content_element\" >\n\t\t<div class=\"wpb_wrapper\">\n\t\t\t<h2 class=\"MastHead-module--title--2B737\" style=\"text-align: center;\"><strong>Votre activit\u00e9 en ligne et votre confidentialit\u00e9 sont couvertes<\/strong><\/h2>\n<p style=\"text-align: justify;\">Prot\u00e9gez votre navigation, vos achats, vos discussions et vos donn\u00e9es sur vos appareils PC, Mac et Android. Obtenez un antivirus priv\u00e9 ainsi qu&#8217;une gamme d&#8217;outils con\u00e7us pour prot\u00e9ger votre vie priv\u00e9e et votre identit\u00e9.<\/p>\n\n\t\t<\/div>\n\t<\/div>\n<\/div><\/div><\/div><div class=\"wpb_column vc_column_container vc_col-sm-6\"><div class=\"vc_column-inner\"><div class=\"wpb_wrapper\">\n\t<div  class=\"wpb_single_image wpb_content_element vc_align_center\">\n\t\t\n\t\t<figure class=\"wpb_wrapper vc_figure\">\n\t\t\t<div class=\"vc_single_image-wrapper   vc_box_border_grey\"><img loading=\"lazy\" decoding=\"async\" width=\"225\" height=\"249\" src=\"https:\/\/conceptic.io\/wp-content\/uploads\/2021\/07\/product-box-KAV.png\" class=\"vc_single_image-img attachment-large\" alt=\"\" \/><\/div>\n\t\t<\/figure>\n\t<\/div>\n<\/div><\/div><\/div><\/div><\/div><\/div>","protected":false},"excerpt":{"rendered":"Nous proposons Kaspersky comme antivirus. Nous sommes revendeurs de ce produit. C'est d'ailleurs le meilleur en mati\u00e8re de s\u00e9curit\u00e9. Logiciel de s\u00e9curit\u00e9 tout en un Obtenez un sentiment de s\u00e9curit\u00e9 [...]","protected":false},"author":1,"featured_media":0,"parent":0,"menu_order":0,"comment_status":"closed","ping_status":"closed","template":"template-fullwidth.php","meta":{"footnotes":""},"class_list":["post-2951","page","type-page","status-publish","hentry"],"yoast_head":"<!-- This site is optimized with the Yoast SEO plugin v17.1 - https:\/\/yoast.com\/wordpress\/plugins\/seo\/ -->\n<title>Logiciels Antivirus - CONCEPTIC.IO SARL<\/title>\n<meta name=\"description\" content=\"Nous proposons Kaspersky comme antivirus. Nous sommes revendeurs de ce produit. C&#039;est d&#039;ailleurs le meilleur en mati\u00e8re de s\u00e9curit\u00e9.\" \/>\n<meta name=\"robots\" content=\"index, follow, max-snippet:-1, max-image-preview:large, max-video-preview:-1\" \/>\n<link rel=\"canonical\" href=\"https:\/\/conceptic.io\/en\/logiciels-antivirus\/\" \/>\n<meta property=\"og:locale\" content=\"en_US\" \/>\n<meta property=\"og:type\" content=\"article\" \/>\n<meta property=\"og:title\" content=\"Logiciels Antivirus - CONCEPTIC.IO SARL\" \/>\n<meta property=\"og:description\" content=\"Nous proposons Kaspersky comme antivirus. Nous sommes revendeurs de ce produit. C&#039;est d&#039;ailleurs le meilleur en mati\u00e8re de s\u00e9curit\u00e9.\" \/>\n<meta property=\"og:url\" content=\"https:\/\/conceptic.io\/en\/logiciels-antivirus\/\" \/>\n<meta property=\"og:site_name\" content=\"CONCEPTIC.IO SARL\" \/>\n<meta property=\"article:modified_time\" content=\"2021-10-25T09:09:22+00:00\" \/>\n<meta name=\"twitter:card\" content=\"summary_large_image\" \/>\n<meta name=\"twitter:label1\" content=\"Est. reading time\" \/>\n\t<meta name=\"twitter:data1\" content=\"1 minute\" \/>\n<script type=\"application\/ld+json\" class=\"yoast-schema-graph\">{\"@context\":\"https:\/\/schema.org\",\"@graph\":[{\"@type\":\"WebSite\",\"@id\":\"https:\/\/conceptic.io\/#website\",\"url\":\"https:\/\/conceptic.io\/\",\"name\":\"CONCEPTIC.IO SARL\",\"description\":\"Soci\\u00e9t\\u00e9 de Services Num\\u00e9riques\",\"potentialAction\":[{\"@type\":\"SearchAction\",\"target\":{\"@type\":\"EntryPoint\",\"urlTemplate\":\"https:\/\/conceptic.io\/?s={search_term_string}\"},\"query-input\":\"required name=search_term_string\"}],\"inLanguage\":\"en-US\"},{\"@type\":\"WebPage\",\"@id\":\"https:\/\/conceptic.io\/logiciels-antivirus\/#webpage\",\"url\":\"https:\/\/conceptic.io\/logiciels-antivirus\/\",\"name\":\"Logiciels Antivirus - CONCEPTIC.IO SARL\",\"isPartOf\":{\"@id\":\"https:\/\/conceptic.io\/#website\"},\"datePublished\":\"2021-06-29T12:53:45+00:00\",\"dateModified\":\"2021-10-25T09:09:22+00:00\",\"description\":\"Nous proposons Kaspersky comme antivirus. Nous sommes revendeurs de ce produit. C'est d'ailleurs le meilleur en mati\\u00e8re de s\\u00e9curit\\u00e9.\",\"breadcrumb\":{\"@id\":\"https:\/\/conceptic.io\/logiciels-antivirus\/#breadcrumb\"},\"inLanguage\":\"en-US\",\"potentialAction\":[{\"@type\":\"ReadAction\",\"target\":[\"https:\/\/conceptic.io\/logiciels-antivirus\/\"]}]},{\"@type\":\"BreadcrumbList\",\"@id\":\"https:\/\/conceptic.io\/logiciels-antivirus\/#breadcrumb\",\"itemListElement\":[{\"@type\":\"ListItem\",\"position\":1,\"name\":\"Accueil\",\"item\":\"https:\/\/conceptic.io\/\"},{\"@type\":\"ListItem\",\"position\":2,\"name\":\"Logiciels Antivirus\"}]}]}<\/script>\n<!-- \/ Yoast SEO plugin. -->","yoast_head_json":{"title":"Logiciels Antivirus - CONCEPTIC.IO SARL","description":"Nous proposons Kaspersky comme antivirus. Nous sommes revendeurs de ce produit. C'est d'ailleurs le meilleur en mati\u00e8re de s\u00e9curit\u00e9.","robots":{"index":"index","follow":"follow","max-snippet":"max-snippet:-1","max-image-preview":"max-image-preview:large","max-video-preview":"max-video-preview:-1"},"canonical":"https:\/\/conceptic.io\/en\/logiciels-antivirus\/","og_locale":"en_US","og_type":"article","og_title":"Logiciels Antivirus - CONCEPTIC.IO SARL","og_description":"Nous proposons Kaspersky comme antivirus. Nous sommes revendeurs de ce produit. C'est d'ailleurs le meilleur en mati\u00e8re de s\u00e9curit\u00e9.","og_url":"https:\/\/conceptic.io\/en\/logiciels-antivirus\/","og_site_name":"CONCEPTIC.IO SARL","article_modified_time":"2021-10-25T09:09:22+00:00","twitter_card":"summary_large_image","twitter_misc":{"Est. reading time":"1 minute"},"schema":{"@context":"https:\/\/schema.org","@graph":[{"@type":"WebSite","@id":"https:\/\/conceptic.io\/#website","url":"https:\/\/conceptic.io\/","name":"CONCEPTIC.IO SARL","description":"Soci\u00e9t\u00e9 de Services Num\u00e9riques","potentialAction":[{"@type":"SearchAction","target":{"@type":"EntryPoint","urlTemplate":"https:\/\/conceptic.io\/?s={search_term_string}"},"query-input":"required name=search_term_string"}],"inLanguage":"en-US"},{"@type":"WebPage","@id":"https:\/\/conceptic.io\/logiciels-antivirus\/#webpage","url":"https:\/\/conceptic.io\/logiciels-antivirus\/","name":"Logiciels Antivirus - CONCEPTIC.IO SARL","isPartOf":{"@id":"https:\/\/conceptic.io\/#website"},"datePublished":"2021-06-29T12:53:45+00:00","dateModified":"2021-10-25T09:09:22+00:00","description":"Nous proposons Kaspersky comme antivirus. Nous sommes revendeurs de ce produit. C'est d'ailleurs le meilleur en mati\u00e8re de s\u00e9curit\u00e9.","breadcrumb":{"@id":"https:\/\/conceptic.io\/logiciels-antivirus\/#breadcrumb"},"inLanguage":"en-US","potentialAction":[{"@type":"ReadAction","target":["https:\/\/conceptic.io\/logiciels-antivirus\/"]}]},{"@type":"BreadcrumbList","@id":"https:\/\/conceptic.io\/logiciels-antivirus\/#breadcrumb","itemListElement":[{"@type":"ListItem","position":1,"name":"Accueil","item":"https:\/\/conceptic.io\/"},{"@type":"ListItem","position":2,"name":"Logiciels Antivirus"}]}]}},"_links":{"self":[{"href":"https:\/\/conceptic.io\/en\/wp-json\/wp\/v2\/pages\/2951","targetHints":{"allow":["GET"]}}],"collection":[{"href":"https:\/\/conceptic.io\/en\/wp-json\/wp\/v2\/pages"}],"about":[{"href":"https:\/\/conceptic.io\/en\/wp-json\/wp\/v2\/types\/page"}],"author":[{"embeddable":true,"href":"https:\/\/conceptic.io\/en\/wp-json\/wp\/v2\/users\/1"}],"replies":[{"embeddable":true,"href":"https:\/\/conceptic.io\/en\/wp-json\/wp\/v2\/comments?post=2951"}],"version-history":[{"count":23,"href":"https:\/\/conceptic.io\/en\/wp-json\/wp\/v2\/pages\/2951\/revisions"}],"predecessor-version":[{"id":3485,"href":"https:\/\/conceptic.io\/en\/wp-json\/wp\/v2\/pages\/2951\/revisions\/3485"}],"wp:attachment":[{"href":"https:\/\/conceptic.io\/en\/wp-json\/wp\/v2\/media?parent=2951"}],"curies":[{"name":"wp","href":"https:\/\/api.w.org\/{rel}","templated":true}]}}