{"id":2955,"date":"2021-06-29T14:00:26","date_gmt":"2021-06-29T14:00:26","guid":{"rendered":"http:\/\/localhost\/conceptic\/?page_id=2955"},"modified":"2021-11-08T12:18:16","modified_gmt":"2021-11-08T12:18:16","slug":"logiciels-btp","status":"publish","type":"page","link":"https:\/\/conceptic.io\/en\/logiciels-btp\/","title":{"rendered":"Logiciels BTP"},"content":{"rendered":"<div class=\"vc_row wpb_row vc_row-fluid\"><div class=\"container\"><div class=\"row\"><div class=\"wpb_column vc_column_container vc_col-sm-6\"><div class=\"vc_column-inner\"><div class=\"wpb_wrapper\">\n\t<div  class=\"wpb_single_image wpb_content_element vc_align_center\">\n\t\t<h2 class=\"wpb_heading wpb_singleimage_heading\">AutoCAD<\/h2>\n\t\t<figure class=\"wpb_wrapper vc_figure\">\n\t\t\t<div class=\"vc_single_image-wrapper   vc_box_border_grey\"><img loading=\"lazy\" decoding=\"async\" width=\"180\" height=\"180\" src=\"https:\/\/conceptic.io\/wp-content\/uploads\/2021\/07\/AutoCADLogo09.jpg\" class=\"vc_single_image-img attachment-full\" alt=\"AutoCAD\" srcset=\"https:\/\/conceptic.io\/wp-content\/uploads\/2021\/07\/AutoCADLogo09.jpg 180w, https:\/\/conceptic.io\/wp-content\/uploads\/2021\/07\/AutoCADLogo09-150x150.jpg 150w\" sizes=\"auto, (max-width: 180px) 100vw, 180px\" \/><\/div>\n\t\t<\/figure>\n\t<\/div>\n<\/div><\/div><\/div><div class=\"wpb_column vc_column_container vc_col-sm-6\"><div class=\"vc_column-inner\"><div class=\"wpb_wrapper\"><div class=\"text-center cta-layout-1\">\n                                <div class=\"col-lg-12 col-md-12 col-sm-12 col-xs-12\">\n                                    \n<p style=\"text-align: justify; color: black;\">AutoCAD<sup>\u00ae<\/sup> est un logiciel de conception assist\u00e9e par ordinateur (CAO) qui permet aux architectes, aux ing\u00e9nieurs et aux professionnels de la construction de cr\u00e9er des dessins 2D et 3D pr\u00e9cis. Nous vous aidons \u00e0 l&#8217;installer sur votre ordinateur et vous d\u00e9panner en cas de bug.<\/p>\n\n                                <\/div>\n                                <div class=\"col-lg-12 col-md-12 col-sm-12 col-xs-12\">\n                                    <a href=\"https:\/\/conceptic.io\/en\/contact\/\" title=\"Contactez-nous\"   class=\"btn  reddrop_buddies_custom kc_4193103935 btn-cta-1\"  data-custom_style=\"a.kc_4193103935 {background:#dd9933 !important; color:#ffffff !important; border:2px solid #dd9933 !important; border-radius:1px !important;}a.kc_4193103935:hover {background: #ffffff !important; color: #dd9933 !important; border:2px solid #dd9933 !important; border-radius: 1px !important;}\">Contactez-nous<\/a>\n                                        \n                                <\/div>\n                            <\/div><\/div><\/div><\/div><\/div><\/div><\/div><div class=\"vc_row wpb_row vc_row-fluid\"><div class=\"container\"><div class=\"row\"><div class=\"wpb_column vc_column_container vc_col-sm-12\"><div class=\"vc_column-inner\"><div class=\"wpb_wrapper\"><div class=\"vc_separator wpb_content_element vc_separator_align_center vc_sep_width_100 vc_sep_pos_align_center vc_separator_no_text vc_sep_color_orange\" ><span class=\"vc_sep_holder vc_sep_holder_l\"><span  class=\"vc_sep_line\"><\/span><\/span><span class=\"vc_sep_holder vc_sep_holder_r\"><span  class=\"vc_sep_line\"><\/span><\/span>\n<\/div><\/div><\/div><\/div><\/div><\/div><\/div><div class=\"vc_row wpb_row vc_row-fluid\"><div class=\"container\"><div class=\"row\"><div class=\"wpb_column vc_column_container vc_col-sm-6\"><div class=\"vc_column-inner\"><div class=\"wpb_wrapper\">\n\t<div  class=\"wpb_single_image wpb_content_element vc_align_center\">\n\t\t\n\t\t<figure class=\"wpb_wrapper vc_figure\">\n\t\t\t<div class=\"vc_single_image-wrapper   vc_box_border_grey\"><img loading=\"lazy\" decoding=\"async\" width=\"290\" height=\"79\" src=\"https:\/\/conceptic.io\/wp-content\/uploads\/2021\/07\/290px-3ds_Max_logo.png\" class=\"vc_single_image-img attachment-full\" alt=\"3DS MAX\" \/><\/div>\n\t\t<\/figure>\n\t<\/div>\n<\/div><\/div><\/div><div class=\"wpb_column vc_column_container vc_col-sm-6\"><div class=\"vc_column-inner\"><div class=\"wpb_wrapper\"><div class=\"text-center cta-layout-1\">\n                                <div class=\"col-lg-12 col-md-12 col-sm-12 col-xs-12\">\n                                    \n<p style=\"text-align: justify; color: black;\"><strong>Autodesk 3ds Max<\/strong> est un logiciel de mod\u00e9lisation et d&#8217;animation 3D, d\u00e9velopp\u00e9 par la soci\u00e9t\u00e9 <strong>Autodesk<\/strong>. Avec Maya, Softimage XSI, Lightwave, Houdini et Blender, il est l&#8217;un des logiciels de r\u00e9f\u00e9rence dans le domaine de l&#8217;infographie 3D. Il est souvent utilis\u00e9 pour le rendu des projets AutoCAD<\/p>\n\n                                <\/div>\n                                <div class=\"col-lg-12 col-md-12 col-sm-12 col-xs-12\">\n                                    <a href=\"https:\/\/conceptic.io\/en\/contact\/\" title=\"Contactez-nous\"   class=\"btn  reddrop_buddies_custom kc_834521250 btn-cta-1\"  data-custom_style=\"a.kc_834521250 {background:#dd9933 !important; color:#ffffff !important; border:2px solid #dd9933 !important; border-radius:1px !important;}a.kc_834521250:hover {background: #ffffff !important; color: #dd9933 !important; border:2px solid #dd9933 !important; border-radius: 1px !important;}\">Contactez-nous<\/a>\n                                        \n                                <\/div>\n                            <\/div><\/div><\/div><\/div><\/div><\/div><\/div><div class=\"vc_row wpb_row vc_row-fluid\"><div class=\"container\"><div class=\"row\"><div class=\"wpb_column vc_column_container vc_col-sm-12\"><div class=\"vc_column-inner\"><div class=\"wpb_wrapper\"><div class=\"vc_separator wpb_content_element vc_separator_align_center vc_sep_width_100 vc_sep_pos_align_center vc_separator_no_text vc_sep_color_orange\" ><span class=\"vc_sep_holder vc_sep_holder_l\"><span  class=\"vc_sep_line\"><\/span><\/span><span class=\"vc_sep_holder vc_sep_holder_r\"><span  class=\"vc_sep_line\"><\/span><\/span>\n<\/div><\/div><\/div><\/div><\/div><\/div><\/div><div class=\"vc_row wpb_row vc_row-fluid\"><div class=\"container\"><div class=\"row\"><div class=\"wpb_column vc_column_container vc_col-sm-6\"><div class=\"vc_column-inner\"><div class=\"wpb_wrapper\">\n\t<div  class=\"wpb_single_image wpb_content_element vc_align_center\">\n\t\t\n\t\t<figure class=\"wpb_wrapper vc_figure\">\n\t\t\t<div class=\"vc_single_image-wrapper   vc_box_border_grey\"><img loading=\"lazy\" decoding=\"async\" width=\"948\" height=\"360\" src=\"https:\/\/conceptic.io\/wp-content\/uploads\/2021\/07\/vray-collection-logo.png\" class=\"vc_single_image-img attachment-full\" alt=\"V-Ray\" srcset=\"https:\/\/conceptic.io\/wp-content\/uploads\/2021\/07\/vray-collection-logo.png 948w, https:\/\/conceptic.io\/wp-content\/uploads\/2021\/07\/vray-collection-logo-300x114.png 300w, https:\/\/conceptic.io\/wp-content\/uploads\/2021\/07\/vray-collection-logo-768x292.png 768w\" sizes=\"auto, (max-width: 948px) 100vw, 948px\" \/><\/div>\n\t\t<\/figure>\n\t<\/div>\n<\/div><\/div><\/div><div class=\"wpb_column vc_column_container vc_col-sm-6\"><div class=\"vc_column-inner\"><div class=\"wpb_wrapper\"><div class=\"text-center cta-layout-1\">\n                                <div class=\"col-lg-12 col-md-12 col-sm-12 col-xs-12\">\n                                    \n<p style=\"text-align: justify; color: black;\"><span style=\"vertical-align: inherit;\"><strong><span style=\"vertical-align: inherit;\"><span style=\"vertical-align: inherit;\"><span style=\"vertical-align: inherit;\"><span style=\"vertical-align: inherit;\"><span style=\"vertical-align: inherit;\"><span style=\"vertical-align: inherit;\"><span style=\"vertical-align: inherit;\"><span style=\"vertical-align: inherit;\"><span style=\"vertical-align: inherit;\"><span style=\"vertical-align: inherit;\"><span style=\"vertical-align: inherit;\"><span style=\"vertical-align: inherit;\">V-Ray<\/span><\/span><\/span><\/span><\/span><\/span><\/span><\/span><\/span><\/span><\/span><\/span><\/strong><span style=\"vertical-align: inherit;\"><span style=\"vertical-align: inherit;\"><span style=\"vertical-align: inherit;\"><span style=\"vertical-align: inherit;\"><span style=\"vertical-align: inherit;\"><span style=\"vertical-align: inherit;\"><span style=\"vertical-align: inherit;\"><span style=\"vertical-align: inherit;\"><span style=\"vertical-align: inherit;\"><span style=\"vertical-align: inherit;\"><span style=\"vertical-align: inherit;\"><span style=\"vertical-align: inherit;\"> est un moteur de rendu utilis\u00e9 comme extension pour plusieurs logiciels de mod\u00e9lisation 3D comme <\/span><\/span><\/span><\/span><\/span><\/span><\/span><\/span><\/span><\/span><\/span><\/span><strong><span style=\"vertical-align: inherit;\"><span style=\"vertical-align: inherit;\"><span style=\"vertical-align: inherit;\"><span style=\"vertical-align: inherit;\"><span style=\"vertical-align: inherit;\"><span style=\"vertical-align: inherit;\"><span style=\"vertical-align: inherit;\"><span style=\"vertical-align: inherit;\"><span style=\"vertical-align: inherit;\"><span style=\"vertical-align: inherit;\"><span style=\"vertical-align: inherit;\"><span style=\"vertical-align: inherit;\">AutoCAD<\/span><\/span><\/span><\/span><\/span><\/span><\/span><\/span><\/span><\/span><\/span><\/span><\/strong><span style=\"vertical-align: inherit;\"><span style=\"vertical-align: inherit;\"><span style=\"vertical-align: inherit;\"><span style=\"vertical-align: inherit;\"><span style=\"vertical-align: inherit;\"><span style=\"vertical-align: inherit;\"><span style=\"vertical-align: inherit;\"><span style=\"vertical-align: inherit;\"><span style=\"vertical-align: inherit;\"><span style=\"vertical-align: inherit;\"><span style=\"vertical-align: inherit;\"><span style=\"vertical-align: inherit;\"> . <\/span><\/span><\/span><\/span><\/span><\/span><\/span><\/span><\/span><\/span><\/span><span style=\"vertical-align: inherit;\"><span style=\"vertical-align: inherit;\"><span style=\"vertical-align: inherit;\"><span style=\"vertical-align: inherit;\"><span style=\"vertical-align: inherit;\"><span style=\"vertical-align: inherit;\"><span style=\"vertical-align: inherit;\"><span style=\"vertical-align: inherit;\"><span style=\"vertical-align: inherit;\"><span style=\"vertical-align: inherit;\"><span style=\"vertical-align: inherit;\">Il vous permet d&#8217;aller au-del\u00e0 de vos imaginations. <\/span><\/span><\/span><\/span><\/span><\/span><\/span><\/span><\/span><\/span><\/span><span style=\"vertical-align: inherit;\"><span style=\"vertical-align: inherit;\"><span style=\"vertical-align: inherit;\"><span style=\"vertical-align: inherit;\"><span style=\"vertical-align: inherit;\"><span style=\"vertical-align: inherit;\"><span style=\"vertical-align: inherit;\"><span style=\"vertical-align: inherit;\"><span style=\"vertical-align: inherit;\"><span style=\"vertical-align: inherit;\"><span style=\"vertical-align: inherit;\">Conceptic.io vous proposez en licence perp\u00e9tuelle.<\/span><\/span><\/span><\/span><\/span><\/span><\/span><\/span><\/span><\/span><\/span><\/span><\/span><\/p>\n<p><span style=\"vertical-align: inherit;\"><span style=\"vertical-align: inherit;\"><span style=\"vertical-align: inherit;\"><span style=\"vertical-align: inherit;\">\n                                <\/div>\n                                <div class=\"col-lg-12 col-md-12 col-sm-12 col-xs-12\">\n                                    <a href=\"https:\/\/conceptic.io\/en\/contact\/\" title=\"Contactez-nous\"   class=\"btn  reddrop_buddies_custom kc_354877791 btn-cta-1\"  data-custom_style=\"a.kc_354877791 {background:#dd9933 !important; color:#ffffff !important; border:2px solid #dd9933 !important; border-radius:1px !important;}a.kc_354877791:hover {background: #ffffff !important; color: #dd9933 !important; border:2px solid #dd9933 !important; border-radius: 1px !important;}\">Contactez-nous<\/a>\n                                        \n                                <\/div>\n                            <\/div><\/div><\/div><\/div><\/div><\/div><\/div><\/span><\/span><\/span><\/span><\/p>","protected":false},"excerpt":{"rendered":"AutoCAD AutoCAD\u00ae est un logiciel de conception assist\u00e9e par ordinateur (CAO) qui permet aux architectes, aux ing\u00e9nieurs et aux professionnels de la construction de cr\u00e9er des dessins 2D et 3D [...]","protected":false},"author":1,"featured_media":0,"parent":0,"menu_order":0,"comment_status":"closed","ping_status":"closed","template":"template-fullwidth.php","meta":{"footnotes":""},"class_list":["post-2955","page","type-page","status-publish","hentry"],"yoast_head":"<!-- This site is optimized with the Yoast SEO plugin v17.1 - https:\/\/yoast.com\/wordpress\/plugins\/seo\/ -->\n<title>Logiciels BTP - CONCEPTIC.IO SARL<\/title>\n<meta name=\"description\" content=\"Nous vous aidons \u00e0 installer AutoCAD, 3DXMAX, VRAY et bien d&#039;autres logiciels de BTP sur votre ordinateur portable et de bureau.\" \/>\n<meta name=\"robots\" content=\"index, follow, max-snippet:-1, max-image-preview:large, max-video-preview:-1\" \/>\n<link rel=\"canonical\" href=\"https:\/\/conceptic.io\/en\/logiciels-btp\/\" \/>\n<meta property=\"og:locale\" content=\"en_US\" \/>\n<meta property=\"og:type\" content=\"article\" \/>\n<meta property=\"og:title\" content=\"Logiciels BTP - CONCEPTIC.IO SARL\" \/>\n<meta property=\"og:description\" content=\"Nous vous aidons \u00e0 installer AutoCAD, 3DXMAX, VRAY et bien d&#039;autres logiciels de BTP sur votre ordinateur portable et de bureau.\" \/>\n<meta property=\"og:url\" content=\"https:\/\/conceptic.io\/en\/logiciels-btp\/\" \/>\n<meta property=\"og:site_name\" content=\"CONCEPTIC.IO SARL\" \/>\n<meta property=\"article:modified_time\" content=\"2021-11-08T12:18:16+00:00\" \/>\n<meta name=\"twitter:card\" content=\"summary_large_image\" \/>\n<meta name=\"twitter:label1\" content=\"Est. reading time\" \/>\n\t<meta name=\"twitter:data1\" content=\"1 minute\" \/>\n<script type=\"application\/ld+json\" class=\"yoast-schema-graph\">{\"@context\":\"https:\/\/schema.org\",\"@graph\":[{\"@type\":\"WebSite\",\"@id\":\"https:\/\/conceptic.io\/#website\",\"url\":\"https:\/\/conceptic.io\/\",\"name\":\"CONCEPTIC.IO SARL\",\"description\":\"Soci\\u00e9t\\u00e9 de Services Num\\u00e9riques\",\"potentialAction\":[{\"@type\":\"SearchAction\",\"target\":{\"@type\":\"EntryPoint\",\"urlTemplate\":\"https:\/\/conceptic.io\/?s={search_term_string}\"},\"query-input\":\"required name=search_term_string\"}],\"inLanguage\":\"en-US\"},{\"@type\":\"WebPage\",\"@id\":\"https:\/\/conceptic.io\/logiciels-btp\/#webpage\",\"url\":\"https:\/\/conceptic.io\/logiciels-btp\/\",\"name\":\"Logiciels BTP - CONCEPTIC.IO SARL\",\"isPartOf\":{\"@id\":\"https:\/\/conceptic.io\/#website\"},\"datePublished\":\"2021-06-29T14:00:26+00:00\",\"dateModified\":\"2021-11-08T12:18:16+00:00\",\"description\":\"Nous vous aidons \\u00e0 installer AutoCAD, 3DXMAX, VRAY et bien d'autres logiciels de BTP sur votre ordinateur portable et de bureau.\",\"breadcrumb\":{\"@id\":\"https:\/\/conceptic.io\/logiciels-btp\/#breadcrumb\"},\"inLanguage\":\"en-US\",\"potentialAction\":[{\"@type\":\"ReadAction\",\"target\":[\"https:\/\/conceptic.io\/logiciels-btp\/\"]}]},{\"@type\":\"BreadcrumbList\",\"@id\":\"https:\/\/conceptic.io\/logiciels-btp\/#breadcrumb\",\"itemListElement\":[{\"@type\":\"ListItem\",\"position\":1,\"name\":\"Accueil\",\"item\":\"https:\/\/conceptic.io\/\"},{\"@type\":\"ListItem\",\"position\":2,\"name\":\"Logiciels BTP\"}]}]}<\/script>\n<!-- \/ Yoast SEO plugin. -->","yoast_head_json":{"title":"Logiciels BTP - CONCEPTIC.IO SARL","description":"Nous vous aidons \u00e0 installer AutoCAD, 3DXMAX, VRAY et bien d'autres logiciels de BTP sur votre ordinateur portable et de bureau.","robots":{"index":"index","follow":"follow","max-snippet":"max-snippet:-1","max-image-preview":"max-image-preview:large","max-video-preview":"max-video-preview:-1"},"canonical":"https:\/\/conceptic.io\/en\/logiciels-btp\/","og_locale":"en_US","og_type":"article","og_title":"Logiciels BTP - CONCEPTIC.IO SARL","og_description":"Nous vous aidons \u00e0 installer AutoCAD, 3DXMAX, VRAY et bien d'autres logiciels de BTP sur votre ordinateur portable et de bureau.","og_url":"https:\/\/conceptic.io\/en\/logiciels-btp\/","og_site_name":"CONCEPTIC.IO SARL","article_modified_time":"2021-11-08T12:18:16+00:00","twitter_card":"summary_large_image","twitter_misc":{"Est. reading time":"1 minute"},"schema":{"@context":"https:\/\/schema.org","@graph":[{"@type":"WebSite","@id":"https:\/\/conceptic.io\/#website","url":"https:\/\/conceptic.io\/","name":"CONCEPTIC.IO SARL","description":"Soci\u00e9t\u00e9 de Services Num\u00e9riques","potentialAction":[{"@type":"SearchAction","target":{"@type":"EntryPoint","urlTemplate":"https:\/\/conceptic.io\/?s={search_term_string}"},"query-input":"required name=search_term_string"}],"inLanguage":"en-US"},{"@type":"WebPage","@id":"https:\/\/conceptic.io\/logiciels-btp\/#webpage","url":"https:\/\/conceptic.io\/logiciels-btp\/","name":"Logiciels BTP - CONCEPTIC.IO SARL","isPartOf":{"@id":"https:\/\/conceptic.io\/#website"},"datePublished":"2021-06-29T14:00:26+00:00","dateModified":"2021-11-08T12:18:16+00:00","description":"Nous vous aidons \u00e0 installer AutoCAD, 3DXMAX, VRAY et bien d'autres logiciels de BTP sur votre ordinateur portable et de bureau.","breadcrumb":{"@id":"https:\/\/conceptic.io\/logiciels-btp\/#breadcrumb"},"inLanguage":"en-US","potentialAction":[{"@type":"ReadAction","target":["https:\/\/conceptic.io\/logiciels-btp\/"]}]},{"@type":"BreadcrumbList","@id":"https:\/\/conceptic.io\/logiciels-btp\/#breadcrumb","itemListElement":[{"@type":"ListItem","position":1,"name":"Accueil","item":"https:\/\/conceptic.io\/"},{"@type":"ListItem","position":2,"name":"Logiciels BTP"}]}]}},"_links":{"self":[{"href":"https:\/\/conceptic.io\/en\/wp-json\/wp\/v2\/pages\/2955","targetHints":{"allow":["GET"]}}],"collection":[{"href":"https:\/\/conceptic.io\/en\/wp-json\/wp\/v2\/pages"}],"about":[{"href":"https:\/\/conceptic.io\/en\/wp-json\/wp\/v2\/types\/page"}],"author":[{"embeddable":true,"href":"https:\/\/conceptic.io\/en\/wp-json\/wp\/v2\/users\/1"}],"replies":[{"embeddable":true,"href":"https:\/\/conceptic.io\/en\/wp-json\/wp\/v2\/comments?post=2955"}],"version-history":[{"count":22,"href":"https:\/\/conceptic.io\/en\/wp-json\/wp\/v2\/pages\/2955\/revisions"}],"predecessor-version":[{"id":3648,"href":"https:\/\/conceptic.io\/en\/wp-json\/wp\/v2\/pages\/2955\/revisions\/3648"}],"wp:attachment":[{"href":"https:\/\/conceptic.io\/en\/wp-json\/wp\/v2\/media?parent=2955"}],"curies":[{"name":"wp","href":"https:\/\/api.w.org\/{rel}","templated":true}]}}