{"id":2957,"date":"2021-06-29T16:15:13","date_gmt":"2021-06-29T16:15:13","guid":{"rendered":"http:\/\/localhost\/conceptic\/?page_id=2957"},"modified":"2023-06-22T15:51:45","modified_gmt":"2023-06-22T15:51:45","slug":"logiciels-de-comptabilite","status":"publish","type":"page","link":"https:\/\/conceptic.io\/en\/logiciels-de-comptabilite\/","title":{"rendered":"Logiciels de Comptabilit\u00e9"},"content":{"rendered":"<div class=\"vc_row wpb_row vc_row-fluid\"><div class=\"container\"><div class=\"row\"><div class=\"wpb_column vc_column_container vc_col-sm-6\"><div class=\"vc_column-inner\"><div class=\"wpb_wrapper\">\n\t<div  class=\"wpb_single_image wpb_content_element vc_align_center\">\n\t\t\n\t\t<figure class=\"wpb_wrapper vc_figure\">\n\t\t\t<div class=\"vc_single_image-wrapper   vc_box_border_grey\"><img loading=\"lazy\" decoding=\"async\" width=\"600\" height=\"220\" src=\"https:\/\/conceptic.io\/wp-content\/uploads\/2021\/07\/Perfecto_Mobile_logo_logotype.png\" class=\"vc_single_image-img attachment-large\" alt=\"\" srcset=\"https:\/\/conceptic.io\/wp-content\/uploads\/2021\/07\/Perfecto_Mobile_logo_logotype.png 600w, https:\/\/conceptic.io\/wp-content\/uploads\/2021\/07\/Perfecto_Mobile_logo_logotype-300x110.png 300w\" sizes=\"auto, (max-width: 600px) 100vw, 600px\" \/><\/div>\n\t\t<\/figure>\n\t<\/div>\n<\/div><\/div><\/div><div class=\"wpb_column vc_column_container vc_col-sm-6\"><div class=\"vc_column-inner\"><div class=\"wpb_wrapper\">\n\t<div class=\"wpb_text_column wpb_content_element\" >\n\t\t<div class=\"wpb_wrapper\">\n\t\t\t<h2 style=\"text-align: center;\"><strong>Perfecto Comptabilit\u00e9<\/strong><\/h2>\n<p style=\"text-align: justify;\">Perfecto, le logiciel de comptabilit\u00e9, est une application Saas qui r\u00e9alise pour vous tous les travaux de calcul pour votre soci\u00e9t\u00e9. Le service poss\u00e8de de nombreuses qualit\u00e9s ,<a href=\"https:\/\/conceptic.io\/en\/contact\/\"> Contactez-nous<\/a> maintenant pour l&#8217;installation, la configuration et la licence.<\/p>\n\n\t\t<\/div>\n\t<\/div>\n<\/div><\/div><\/div><\/div><\/div><\/div><div class=\"vc_row wpb_row vc_row-fluid\"><div class=\"container\"><div class=\"row\"><div class=\"wpb_column vc_column_container vc_col-sm-12\"><div class=\"vc_column-inner\"><div class=\"wpb_wrapper\"><div class=\"vc_separator wpb_content_element vc_separator_align_center vc_sep_width_100 vc_sep_pos_align_center vc_separator_no_text vc_sep_color_orange\" ><span class=\"vc_sep_holder vc_sep_holder_l\"><span  class=\"vc_sep_line\"><\/span><\/span><span class=\"vc_sep_holder vc_sep_holder_r\"><span  class=\"vc_sep_line\"><\/span><\/span>\n<\/div><\/div><\/div><\/div><\/div><\/div><\/div><div class=\"vc_row wpb_row vc_row-fluid\"><div class=\"container\"><div class=\"row\"><div class=\"wpb_column vc_column_container vc_col-sm-6\"><div class=\"vc_column-inner\"><div class=\"wpb_wrapper\">\n\t<div  class=\"wpb_single_image wpb_content_element vc_align_center\">\n\t\t\n\t\t<figure class=\"wpb_wrapper vc_figure\">\n\t\t\t<div class=\"vc_single_image-wrapper   vc_box_border_grey\"><img loading=\"lazy\" decoding=\"async\" width=\"297\" height=\"300\" src=\"https:\/\/conceptic.io\/wp-content\/uploads\/2021\/07\/sage-100-comptabilite-i7.jpg\" class=\"vc_single_image-img attachment-large\" alt=\"\" \/><\/div>\n\t\t<\/figure>\n\t<\/div>\n<\/div><\/div><\/div><div class=\"wpb_column vc_column_container vc_col-sm-6\"><div class=\"vc_column-inner\"><div class=\"wpb_wrapper\">\n\t<div class=\"wpb_text_column wpb_content_element\" >\n\t\t<div class=\"wpb_wrapper\">\n\t\t\t<h2 style=\"text-align: center;\"><strong><span style=\"vertical-align: inherit;\"><span style=\"vertical-align: inherit;\">Sage Comptabilit\u00e9<\/span><\/span><\/strong><\/h2>\n<p style=\"text-align: justify;\"><span style=\"vertical-align: inherit;\"><span style=\"vertical-align: inherit;\">\u00a0Sage\u00a0 est\u00a0 la solution pour g\u00e9rer efficacement sa comptabilit\u00e9. Nous vous proposons l&#8217;installation, la configuration et l&#8217;activation de la licence. <\/span><\/span><a href=\"https:\/\/conceptic.io\/en\/contact\/\"><span style=\"vertical-align: inherit;\"><span style=\"vertical-align: inherit;\">Contactez-nous<\/span><\/span><\/a><\/p>\n<p><span style=\"vertical-align: inherit;\"><span style=\"vertical-align: inherit;\"><\/p>\n\n\t\t<\/div>\n\t<\/div>\n<\/div><\/div><\/div><\/div><\/div><\/div><div class=\"vc_row wpb_row vc_row-fluid\"><div class=\"container\"><div class=\"row\"><div class=\"wpb_column vc_column_container vc_col-sm-12\"><div class=\"vc_column-inner\"><div class=\"wpb_wrapper\"><div class=\"vc_separator wpb_content_element vc_separator_align_center vc_sep_width_100 vc_sep_pos_align_center vc_separator_no_text vc_sep_color_orange\" ><span class=\"vc_sep_holder vc_sep_holder_l\"><span  class=\"vc_sep_line\"><\/span><\/span><span class=\"vc_sep_holder vc_sep_holder_r\"><span  class=\"vc_sep_line\"><\/span><\/span>\n<\/div><\/div><\/div><\/div><\/div><\/div><\/div><div class=\"vc_row wpb_row vc_row-fluid\"><div class=\"container\"><div class=\"row\"><div class=\"wpb_column vc_column_container vc_col-sm-6\"><div class=\"vc_column-inner\"><div class=\"wpb_wrapper\">\n\t<div  class=\"wpb_single_image wpb_content_element vc_align_left\">\n\t\t\n\t\t<figure class=\"wpb_wrapper vc_figure\">\n\t\t\t<div class=\"vc_single_image-wrapper   vc_box_border_grey\"><img loading=\"lazy\" decoding=\"async\" width=\"640\" height=\"186\" src=\"https:\/\/conceptic.io\/wp-content\/uploads\/2021\/07\/dolibarr_logo.png\" class=\"vc_single_image-img attachment-large\" alt=\"\" srcset=\"https:\/\/conceptic.io\/wp-content\/uploads\/2021\/07\/dolibarr_logo.png 757w, https:\/\/conceptic.io\/wp-content\/uploads\/2021\/07\/dolibarr_logo-300x87.png 300w\" sizes=\"auto, (max-width: 640px) 100vw, 640px\" \/><\/div>\n\t\t<\/figure>\n\t<\/div>\n<\/div><\/div><\/div><div class=\"wpb_column vc_column_container vc_col-sm-6\"><div class=\"vc_column-inner\"><div class=\"wpb_wrapper\">\n\t<div class=\"wpb_text_column wpb_content_element\" >\n\t\t<div class=\"wpb_wrapper\">\n\t\t\t<p>\u00a0<\/span><\/span><\/p>\n<h2 style=\"text-align: center;\"><strong><span style=\"vertical-align: inherit;\"><span style=\"vertical-align: inherit;\"><span style=\"vertical-align: inherit;\"><span style=\"vertical-align: inherit;\"><span style=\"vertical-align: inherit;\"><span style=\"vertical-align: inherit;\"><span style=\"vertical-align: inherit;\"><span style=\"vertical-align: inherit;\">Dolibarr\u00a0<\/span><\/span><\/span><\/span><\/span><\/span><\/span><\/span><\/strong><\/h2>\n<p style=\"text-align: justify;\"><b><span style=\"vertical-align: inherit;\"><span style=\"vertical-align: inherit;\"><span style=\"vertical-align: inherit;\"><span style=\"vertical-align: inherit;\"><span style=\"vertical-align: inherit;\"><span style=\"vertical-align: inherit;\"><span style=\"vertical-align: inherit;\"><span style=\"vertical-align: inherit;\"><span style=\"vertical-align: inherit;\"><span style=\"vertical-align: inherit;\">Dolibarr ERP\/CRM<\/span><\/span><\/span><\/span><\/span><\/span><\/span><\/span><\/span><\/span><\/b><span style=\"vertical-align: inherit;\"><span style=\"vertical-align: inherit;\"><span style=\"vertical-align: inherit;\"><span style=\"vertical-align: inherit;\"><span style=\"vertical-align: inherit;\"><span style=\"vertical-align: inherit;\"><span style=\"vertical-align: inherit;\"><span style=\"vertical-align: inherit;\"><span style=\"vertical-align: inherit;\"><span style=\"vertical-align: inherit;\"> est un progiciel de gestion int\u00e9gr\u00e9 et de gestion de la relation client pour les entreprises de toutes tailles ; <\/span><\/span><\/span><\/span><\/span><\/span><\/span><span style=\"vertical-align: inherit;\"><span style=\"vertical-align: inherit;\"><span style=\"vertical-align: inherit;\"><span style=\"vertical-align: inherit;\"><span style=\"vertical-align: inherit;\"><span style=\"vertical-align: inherit;\"><span style=\"vertical-align: inherit;\">de la PME au grand groupe mais aussi pour les ind\u00e9pendants, auto-entrepreneurs ou les associations. <\/span><\/span><\/span><\/span><\/span><\/span><\/span><\/span><\/span><\/span><a href=\"https:\/\/conceptic.io\/en\/contact\/\"><span style=\"vertical-align: inherit;\"><span style=\"vertical-align: inherit;\"><span style=\"vertical-align: inherit;\"><span style=\"vertical-align: inherit;\"><span style=\"vertical-align: inherit;\"><span style=\"vertical-align: inherit;\"><span style=\"vertical-align: inherit;\"><span style=\"vertical-align: inherit;\"><span style=\"vertical-align: inherit;\"><span style=\"vertical-align: inherit;\">Contactez-nous<\/span><\/span><\/span><\/span><\/span><\/span><\/span><\/span><\/span><\/span><\/a><span style=\"vertical-align: inherit;\"><span style=\"vertical-align: inherit;\"><span style=\"vertical-align: inherit;\"><span style=\"vertical-align: inherit;\"><span style=\"vertical-align: inherit;\"><span style=\"vertical-align: inherit;\"><span style=\"vertical-align: inherit;\"><span style=\"vertical-align: inherit;\"><span style=\"vertical-align: inherit;\"><span style=\"vertical-align: inherit;\"> maintenant pour l&#8217;installation, la configuration et l&#8217;activation des fonctionnalit\u00e9s souhait\u00e9es.<\/span><\/span><\/span><\/span><\/span><\/span><\/span><\/span><\/span><\/span><\/p>\n<p><span style=\"vertical-align: inherit;\"><span style=\"vertical-align: inherit;\">\u00a0<\/p>\n\n\t\t<\/div>\n\t<\/div>\n<\/div><\/div><\/div><\/div><\/div><\/div><div class=\"vc_row wpb_row vc_row-fluid\"><div class=\"container\"><div class=\"row\"><div class=\"wpb_column vc_column_container vc_col-sm-12\"><div class=\"vc_column-inner\"><div class=\"wpb_wrapper\">\n\t<div class=\"wpb_text_column wpb_content_element\" >\n\t\t<div class=\"wpb_wrapper\">\n\t\t\t\n\t\t<\/div>\n\t<\/div>\n<\/div><\/div><\/div><\/div><\/div><\/div><\/span><\/span><\/p>","protected":false},"excerpt":{"rendered":"Perfecto Comptabilit\u00e9 Perfecto, le logiciel de comptabilit\u00e9, est une application Saas qui r\u00e9alise pour vous tous les travaux de calcul pour votre soci\u00e9t\u00e9. Le service poss\u00e8de de nombreuses qualit\u00e9s , [...]","protected":false},"author":1,"featured_media":0,"parent":0,"menu_order":0,"comment_status":"closed","ping_status":"closed","template":"template-fullwidth.php","meta":{"footnotes":""},"class_list":["post-2957","page","type-page","status-publish","hentry"],"yoast_head":"<!-- This site is optimized with the Yoast SEO plugin v17.1 - https:\/\/yoast.com\/wordpress\/plugins\/seo\/ -->\n<title>Logiciels de Comptabilit\u00e9 - CONCEPTIC.IO SARL<\/title>\n<meta name=\"description\" content=\"Chez Conceptic.IO, trouvez des logiciels de comptabilit\u00e9 comme Perfecto, SAGE et Dollibar, pour une gestion financi\u00e8re efficace.\" \/>\n<meta name=\"robots\" content=\"index, follow, max-snippet:-1, max-image-preview:large, max-video-preview:-1\" \/>\n<link rel=\"canonical\" href=\"https:\/\/conceptic.io\/en\/logiciels-de-comptabilite\/\" \/>\n<meta property=\"og:locale\" content=\"en_US\" \/>\n<meta property=\"og:type\" content=\"article\" \/>\n<meta property=\"og:title\" content=\"Logiciels de Comptabilit\u00e9 - CONCEPTIC.IO SARL\" \/>\n<meta property=\"og:description\" content=\"Chez Conceptic.IO, trouvez des logiciels de comptabilit\u00e9 comme Perfecto, SAGE et Dollibar, pour une gestion financi\u00e8re efficace.\" \/>\n<meta property=\"og:url\" content=\"https:\/\/conceptic.io\/en\/logiciels-de-comptabilite\/\" \/>\n<meta property=\"og:site_name\" content=\"CONCEPTIC.IO SARL\" \/>\n<meta property=\"article:modified_time\" content=\"2023-06-22T15:51:45+00:00\" \/>\n<meta name=\"twitter:card\" content=\"summary_large_image\" \/>\n<meta name=\"twitter:label1\" content=\"Est. reading time\" \/>\n\t<meta name=\"twitter:data1\" content=\"1 minute\" \/>\n<script type=\"application\/ld+json\" class=\"yoast-schema-graph\">{\"@context\":\"https:\/\/schema.org\",\"@graph\":[{\"@type\":\"WebSite\",\"@id\":\"https:\/\/conceptic.io\/#website\",\"url\":\"https:\/\/conceptic.io\/\",\"name\":\"CONCEPTIC.IO SARL\",\"description\":\"Soci\\u00e9t\\u00e9 de Services Num\\u00e9riques\",\"potentialAction\":[{\"@type\":\"SearchAction\",\"target\":{\"@type\":\"EntryPoint\",\"urlTemplate\":\"https:\/\/conceptic.io\/?s={search_term_string}\"},\"query-input\":\"required name=search_term_string\"}],\"inLanguage\":\"en-US\"},{\"@type\":\"WebPage\",\"@id\":\"https:\/\/conceptic.io\/logiciels-de-comptabilite\/#webpage\",\"url\":\"https:\/\/conceptic.io\/logiciels-de-comptabilite\/\",\"name\":\"Logiciels de Comptabilit\\u00e9 - CONCEPTIC.IO SARL\",\"isPartOf\":{\"@id\":\"https:\/\/conceptic.io\/#website\"},\"datePublished\":\"2021-06-29T16:15:13+00:00\",\"dateModified\":\"2023-06-22T15:51:45+00:00\",\"description\":\"Chez Conceptic.IO, trouvez des logiciels de comptabilit\\u00e9 comme Perfecto, SAGE et Dollibar, pour une gestion financi\\u00e8re efficace.\",\"breadcrumb\":{\"@id\":\"https:\/\/conceptic.io\/logiciels-de-comptabilite\/#breadcrumb\"},\"inLanguage\":\"en-US\",\"potentialAction\":[{\"@type\":\"ReadAction\",\"target\":[\"https:\/\/conceptic.io\/logiciels-de-comptabilite\/\"]}]},{\"@type\":\"BreadcrumbList\",\"@id\":\"https:\/\/conceptic.io\/logiciels-de-comptabilite\/#breadcrumb\",\"itemListElement\":[{\"@type\":\"ListItem\",\"position\":1,\"name\":\"Accueil\",\"item\":\"https:\/\/conceptic.io\/\"},{\"@type\":\"ListItem\",\"position\":2,\"name\":\"Logiciels de Comptabilit\\u00e9\"}]}]}<\/script>\n<!-- \/ Yoast SEO plugin. -->","yoast_head_json":{"title":"Logiciels de Comptabilit\u00e9 - CONCEPTIC.IO SARL","description":"Chez Conceptic.IO, trouvez des logiciels de comptabilit\u00e9 comme Perfecto, SAGE et Dollibar, pour une gestion financi\u00e8re efficace.","robots":{"index":"index","follow":"follow","max-snippet":"max-snippet:-1","max-image-preview":"max-image-preview:large","max-video-preview":"max-video-preview:-1"},"canonical":"https:\/\/conceptic.io\/en\/logiciels-de-comptabilite\/","og_locale":"en_US","og_type":"article","og_title":"Logiciels de Comptabilit\u00e9 - CONCEPTIC.IO SARL","og_description":"Chez Conceptic.IO, trouvez des logiciels de comptabilit\u00e9 comme Perfecto, SAGE et Dollibar, pour une gestion financi\u00e8re efficace.","og_url":"https:\/\/conceptic.io\/en\/logiciels-de-comptabilite\/","og_site_name":"CONCEPTIC.IO SARL","article_modified_time":"2023-06-22T15:51:45+00:00","twitter_card":"summary_large_image","twitter_misc":{"Est. reading time":"1 minute"},"schema":{"@context":"https:\/\/schema.org","@graph":[{"@type":"WebSite","@id":"https:\/\/conceptic.io\/#website","url":"https:\/\/conceptic.io\/","name":"CONCEPTIC.IO SARL","description":"Soci\u00e9t\u00e9 de Services Num\u00e9riques","potentialAction":[{"@type":"SearchAction","target":{"@type":"EntryPoint","urlTemplate":"https:\/\/conceptic.io\/?s={search_term_string}"},"query-input":"required name=search_term_string"}],"inLanguage":"en-US"},{"@type":"WebPage","@id":"https:\/\/conceptic.io\/logiciels-de-comptabilite\/#webpage","url":"https:\/\/conceptic.io\/logiciels-de-comptabilite\/","name":"Logiciels de Comptabilit\u00e9 - CONCEPTIC.IO SARL","isPartOf":{"@id":"https:\/\/conceptic.io\/#website"},"datePublished":"2021-06-29T16:15:13+00:00","dateModified":"2023-06-22T15:51:45+00:00","description":"Chez Conceptic.IO, trouvez des logiciels de comptabilit\u00e9 comme Perfecto, SAGE et Dollibar, pour une gestion financi\u00e8re efficace.","breadcrumb":{"@id":"https:\/\/conceptic.io\/logiciels-de-comptabilite\/#breadcrumb"},"inLanguage":"en-US","potentialAction":[{"@type":"ReadAction","target":["https:\/\/conceptic.io\/logiciels-de-comptabilite\/"]}]},{"@type":"BreadcrumbList","@id":"https:\/\/conceptic.io\/logiciels-de-comptabilite\/#breadcrumb","itemListElement":[{"@type":"ListItem","position":1,"name":"Accueil","item":"https:\/\/conceptic.io\/"},{"@type":"ListItem","position":2,"name":"Logiciels de Comptabilit\u00e9"}]}]}},"_links":{"self":[{"href":"https:\/\/conceptic.io\/en\/wp-json\/wp\/v2\/pages\/2957","targetHints":{"allow":["GET"]}}],"collection":[{"href":"https:\/\/conceptic.io\/en\/wp-json\/wp\/v2\/pages"}],"about":[{"href":"https:\/\/conceptic.io\/en\/wp-json\/wp\/v2\/types\/page"}],"author":[{"embeddable":true,"href":"https:\/\/conceptic.io\/en\/wp-json\/wp\/v2\/users\/1"}],"replies":[{"embeddable":true,"href":"https:\/\/conceptic.io\/en\/wp-json\/wp\/v2\/comments?post=2957"}],"version-history":[{"count":12,"href":"https:\/\/conceptic.io\/en\/wp-json\/wp\/v2\/pages\/2957\/revisions"}],"predecessor-version":[{"id":3652,"href":"https:\/\/conceptic.io\/en\/wp-json\/wp\/v2\/pages\/2957\/revisions\/3652"}],"wp:attachment":[{"href":"https:\/\/conceptic.io\/en\/wp-json\/wp\/v2\/media?parent=2957"}],"curies":[{"name":"wp","href":"https:\/\/api.w.org\/{rel}","templated":true}]}}