{"id":975,"date":"2016-11-18T17:06:11","date_gmt":"2016-11-18T17:06:11","guid":{"rendered":"http:\/\/localhost\/senior_care_wp\/?page_id=975"},"modified":"2024-02-20T11:31:09","modified_gmt":"2024-02-20T11:31:09","slug":"contact","status":"publish","type":"page","link":"https:\/\/conceptic.io\/en\/contact\/","title":{"rendered":"Contact"},"content":{"rendered":"<div class=\"vc_row wpb_row vc_row-fluid section-contact-block section-content-block\"><div class=\"container\"><div class=\"row\"><div class=\"wpb_column vc_column_container vc_col-sm-12\"><div class=\"vc_column-inner\"><div class=\"wpb_wrapper\"><div class=\"vc_row wpb_row vc_inner vc_row-fluid\"><div class=\"wpb_column vc_column_container vc_col-sm-6\"><div class=\"vc_column-inner\"><div class=\"wpb_wrapper\"><h2 class=\"only-heading text-left   sep-solid-line   reddrop_buddies_custom kc_3881804593\"  style=\"border-bottom-color:#eeeeee;\"  data-custom_style=\"h2.kc_3881804593::after{background: #f4aa3a;}\">Contactez-nous<\/h2><ul class=\"contact-info  reddrop_buddies_faq  reddrop_buddies_custom kc_3343335049\"  data-custom_style=\".kc_3343335049 span.icon-container{background: #1e73be !important;}\">\n                    <li>\n                        <span class=\"icon-container\"><i class=\"fa fa-home\"><\/i><\/span>\n                        <address>Abomey-Calavi Quartier AGORI, Rue avant d\u00e9but cl\u00f4ture IITA en venant du Carrefour IITA<\/address>\n                    <\/li>\n                    <li>\n                        <span class=\"icon-container\"><i class=\"fa fa-phone\"><\/i><\/span>\n                        <address>Office: (+229) 91 62 20 20 T\u00e9l\u00e9phone: (+229) 60 40 40 16<\/address>\n                    <\/li>\n                    <li>\n                        <span class=\"icon-container\"><i class=\"fa fa-envelope\"><\/i><\/span>\n                        <address><a href=\"mailto:support@conceptic.io\">support@conceptic.io<\/a><\/address>\n                    <\/li>\n                    <li>\n                        <span class=\"icon-container\"><i class=\"fa fa-globe\"><\/i><\/span>\n                        <address><a href=\"http:\/\/https:\/\/conceptic.io\/\" target=\"_blank\">https:\/\/conceptic.io\/<\/a><\/address>\n                    <\/li>\n                <\/ul><h2 class=\"only-heading text-left   sep-solid-line   reddrop_buddies_custom kc_403007748\"  style=\"border-bottom-color:#eeeeee;\"  data-custom_style=\"h2.kc_403007748::after{background: #1e73be;}\"><\/h2><div class=\"social-icons margin-top-11 clearfix\">\n                    <a title=\"Tweet It\" href=\"http:\/\/https:\/\/twitter.com\/concepticio\" target=\"_blank\" class=\"btn btn-social-icon btn-twitter\">\n                        <i class=\"fa fa-twitter\"><\/i>\n                    <\/a>\n                    <a title=\"Share at Facebook\" href=\"http:\/\/https:\/\/www.facebook.com\/concepticio.officiel\/\" target=\"_blank\" class=\"btn btn-social-icon btn-facebook\">\n                        <i class=\"fa fa-facebook\"><\/i>\n                    <\/a>\n                    \n                    \n                    \n                    \n                <\/div><\/div><\/div><\/div><div class=\"wpb_column vc_column_container vc_col-sm-6\"><div class=\"vc_column-inner\"><div class=\"wpb_wrapper\"><h2 class=\"only-heading text-left    reddrop_buddies_custom kc_1511870284\"  style=\"border-bottom-color:#eeeeee;\"  data-custom_style=\"h2.kc_1511870284::after{background: #1e73be;}\">Laissez un message<\/h2>\n\t<div class=\"wpb_text_column wpb_content_element\" >\n\t\t<div class=\"wpb_wrapper\">\n\t\t\t<div role=\"form\" class=\"wpcf7\" id=\"wpcf7-f28-o1\" lang=\"en-US\" dir=\"ltr\">\n<div class=\"screen-reader-response\"><p role=\"status\" aria-live=\"polite\" aria-atomic=\"true\"><\/p> <ul><\/ul><\/div>\n<form action=\"\/en\/wp-json\/wp\/v2\/pages\/975#wpcf7-f28-o1\" method=\"post\" class=\"wpcf7-form init\" novalidate=\"novalidate\" data-status=\"init\" data-trp-original-action=\"\/en\/wp-json\/wp\/v2\/pages\/975#wpcf7-f28-o1\">\n<div style=\"display: none;\">\n<input type=\"hidden\" name=\"_wpcf7\" value=\"28\" \/>\n<input type=\"hidden\" name=\"_wpcf7_version\" value=\"5.4.1\" \/>\n<input type=\"hidden\" name=\"_wpcf7_locale\" value=\"en_US\" \/>\n<input type=\"hidden\" name=\"_wpcf7_unit_tag\" value=\"wpcf7-f28-o1\" \/>\n<input type=\"hidden\" name=\"_wpcf7_container_post\" value=\"0\" \/>\n<input type=\"hidden\" name=\"_wpcf7_posted_data_hash\" value=\"\" \/>\n<\/div>\n<p><label> Votre Nom<br \/>\n    <span class=\"wpcf7-form-control-wrap your-name\"><input type=\"text\" name=\"your-name\" value=\"\" size=\"40\" class=\"wpcf7-form-control wpcf7-text wpcf7-validates-as-required\" aria-required=\"true\" aria-invalid=\"false\" \/><\/span> <\/label><\/p>\n<p><label> Votre email<br \/>\n    <span class=\"wpcf7-form-control-wrap your-email\"><input type=\"email\" name=\"your-email\" value=\"\" size=\"40\" class=\"wpcf7-form-control wpcf7-text wpcf7-email wpcf7-validates-as-required wpcf7-validates-as-email\" aria-required=\"true\" aria-invalid=\"false\" \/><\/span> <\/label><\/p>\n<p><label> Sujet<br \/>\n    <span class=\"wpcf7-form-control-wrap your-subject\"><input type=\"text\" name=\"your-subject\" value=\"\" size=\"40\" class=\"wpcf7-form-control wpcf7-text wpcf7-validates-as-required\" aria-required=\"true\" aria-invalid=\"false\" \/><\/span> <\/label><\/p>\n<p><label> Votre message<br \/>\n    <span class=\"wpcf7-form-control-wrap your-message\"><textarea name=\"your-message\" cols=\"40\" rows=\"10\" class=\"wpcf7-form-control wpcf7-textarea wpcf7-validates-as-required\" aria-required=\"true\" aria-invalid=\"false\"><\/textarea><\/span> <\/label><\/p>\n<p><input type=\"submit\" value=\"Envoyer\" class=\"wpcf7-form-control wpcf7-submit\" \/><\/p>\n<div class=\"wpcf7-response-output\" aria-hidden=\"true\"><\/div><input type=\"hidden\" name=\"trp-form-language\" value=\"en\"\/><\/form><\/div>\n\n\t\t<\/div>\n\t<\/div>\n<\/div><\/div><\/div><\/div><\/div><\/div><\/div><\/div><\/div><\/div><div class=\"vc_row wpb_row vc_row-fluid section-content-block\"><div class=\"wpb_column vc_column_container vc_col-sm-12\"><div class=\"vc_column-inner vc_custom_1479492511335\"><div class=\"wpb_wrapper\"><div class=\"wpb_gmaps_widget wpb_content_element vc_custom_1625559736938\"><div class=\"wpb_wrapper\"><div class=\"wpb_map_wraper\"><iframe src=\"https:\/\/www.google.com\/maps\/embed?pb=!1m18!1m12!1m3!1d3964.830095425357!2d2.3313609141163587!3d6.41587212618673!2m3!1f0!2f0!3f0!3m2!1i1024!2i768!4f13.1!3m3!1m2!1s0x1024a9110ae39e13%3A0xc8a20ef9fcb8822c!2sConceptic.iO%20SARL!5e0!3m2!1sfr!2sbj!4v1625559693203!5m2!1sfr!2sbj\" width=\"800\" height=\"600\" style=\"border:0;\" allowfullscreen=\"\" loading=\"lazy\"><\/iframe><\/div><\/div><\/div><\/div><\/div><\/div><\/div>","protected":false},"excerpt":{"rendered":"Contactez-nous Abomey-Calavi Quartier AGORI, Rue avant d\u00e9but cl\u00f4ture IITA en venant du Carrefour IITA Office: (+229) 91 62 20 20 T\u00e9l\u00e9phone: (+229) 60 40 40 16 support@conceptic.io https:\/\/conceptic.io\/ Laissez un [...]","protected":false},"author":1,"featured_media":0,"parent":0,"menu_order":0,"comment_status":"closed","ping_status":"closed","template":"template-homepage.php","meta":{"footnotes":""},"class_list":["post-975","page","type-page","status-publish","hentry"],"yoast_head":"<!-- This site is optimized with the Yoast SEO plugin v17.1 - https:\/\/yoast.com\/wordpress\/plugins\/seo\/ -->\n<title>Contact - CONCEPTIC.IO SARL<\/title>\n<meta name=\"description\" content=\"Pour tout besoin en informatique, \u00e9crivez-nous. Nous vous r\u00e9pondons dans les meilleurs d\u00e9j\u00e0. Disponible aussi sur les r\u00e9seaux sociaux\" \/>\n<meta name=\"robots\" content=\"index, follow, max-snippet:-1, max-image-preview:large, max-video-preview:-1\" \/>\n<link rel=\"canonical\" href=\"https:\/\/conceptic.io\/en\/contact\/\" \/>\n<meta property=\"og:locale\" content=\"en_US\" \/>\n<meta property=\"og:type\" content=\"article\" \/>\n<meta property=\"og:title\" content=\"Contact - CONCEPTIC.IO SARL\" \/>\n<meta property=\"og:description\" content=\"Pour tout besoin en informatique, \u00e9crivez-nous. Nous vous r\u00e9pondons dans les meilleurs d\u00e9j\u00e0. Disponible aussi sur les r\u00e9seaux sociaux\" \/>\n<meta property=\"og:url\" content=\"https:\/\/conceptic.io\/en\/contact\/\" \/>\n<meta property=\"og:site_name\" content=\"CONCEPTIC.IO SARL\" \/>\n<meta property=\"article:modified_time\" content=\"2024-02-20T11:31:09+00:00\" \/>\n<meta name=\"twitter:card\" content=\"summary_large_image\" \/>\n<meta name=\"twitter:label1\" content=\"Est. reading time\" \/>\n\t<meta name=\"twitter:data1\" content=\"1 minute\" \/>\n<script type=\"application\/ld+json\" class=\"yoast-schema-graph\">{\"@context\":\"https:\/\/schema.org\",\"@graph\":[{\"@type\":\"WebSite\",\"@id\":\"https:\/\/conceptic.io\/#website\",\"url\":\"https:\/\/conceptic.io\/\",\"name\":\"CONCEPTIC.IO SARL\",\"description\":\"Soci\\u00e9t\\u00e9 de Services Num\\u00e9riques\",\"potentialAction\":[{\"@type\":\"SearchAction\",\"target\":{\"@type\":\"EntryPoint\",\"urlTemplate\":\"https:\/\/conceptic.io\/?s={search_term_string}\"},\"query-input\":\"required name=search_term_string\"}],\"inLanguage\":\"en-US\"},{\"@type\":\"WebPage\",\"@id\":\"https:\/\/conceptic.io\/contact\/#webpage\",\"url\":\"https:\/\/conceptic.io\/contact\/\",\"name\":\"Contact - CONCEPTIC.IO SARL\",\"isPartOf\":{\"@id\":\"https:\/\/conceptic.io\/#website\"},\"datePublished\":\"2016-11-18T17:06:11+00:00\",\"dateModified\":\"2024-02-20T11:31:09+00:00\",\"description\":\"Pour tout besoin en informatique, \\u00e9crivez-nous. Nous vous r\\u00e9pondons dans les meilleurs d\\u00e9j\\u00e0. Disponible aussi sur les r\\u00e9seaux sociaux\",\"breadcrumb\":{\"@id\":\"https:\/\/conceptic.io\/contact\/#breadcrumb\"},\"inLanguage\":\"en-US\",\"potentialAction\":[{\"@type\":\"ReadAction\",\"target\":[\"https:\/\/conceptic.io\/contact\/\"]}]},{\"@type\":\"BreadcrumbList\",\"@id\":\"https:\/\/conceptic.io\/contact\/#breadcrumb\",\"itemListElement\":[{\"@type\":\"ListItem\",\"position\":1,\"name\":\"Accueil\",\"item\":\"https:\/\/conceptic.io\/\"},{\"@type\":\"ListItem\",\"position\":2,\"name\":\"Contact\"}]}]}<\/script>\n<!-- \/ Yoast SEO plugin. -->","yoast_head_json":{"title":"Contact - CONCEPTIC.IO SARL","description":"Pour tout besoin en informatique, \u00e9crivez-nous. Nous vous r\u00e9pondons dans les meilleurs d\u00e9j\u00e0. Disponible aussi sur les r\u00e9seaux sociaux","robots":{"index":"index","follow":"follow","max-snippet":"max-snippet:-1","max-image-preview":"max-image-preview:large","max-video-preview":"max-video-preview:-1"},"canonical":"https:\/\/conceptic.io\/en\/contact\/","og_locale":"en_US","og_type":"article","og_title":"Contact - CONCEPTIC.IO SARL","og_description":"Pour tout besoin en informatique, \u00e9crivez-nous. Nous vous r\u00e9pondons dans les meilleurs d\u00e9j\u00e0. Disponible aussi sur les r\u00e9seaux sociaux","og_url":"https:\/\/conceptic.io\/en\/contact\/","og_site_name":"CONCEPTIC.IO SARL","article_modified_time":"2024-02-20T11:31:09+00:00","twitter_card":"summary_large_image","twitter_misc":{"Est. reading time":"1 minute"},"schema":{"@context":"https:\/\/schema.org","@graph":[{"@type":"WebSite","@id":"https:\/\/conceptic.io\/#website","url":"https:\/\/conceptic.io\/","name":"CONCEPTIC.IO SARL","description":"Soci\u00e9t\u00e9 de Services Num\u00e9riques","potentialAction":[{"@type":"SearchAction","target":{"@type":"EntryPoint","urlTemplate":"https:\/\/conceptic.io\/?s={search_term_string}"},"query-input":"required name=search_term_string"}],"inLanguage":"en-US"},{"@type":"WebPage","@id":"https:\/\/conceptic.io\/contact\/#webpage","url":"https:\/\/conceptic.io\/contact\/","name":"Contact - CONCEPTIC.IO SARL","isPartOf":{"@id":"https:\/\/conceptic.io\/#website"},"datePublished":"2016-11-18T17:06:11+00:00","dateModified":"2024-02-20T11:31:09+00:00","description":"Pour tout besoin en informatique, \u00e9crivez-nous. Nous vous r\u00e9pondons dans les meilleurs d\u00e9j\u00e0. Disponible aussi sur les r\u00e9seaux sociaux","breadcrumb":{"@id":"https:\/\/conceptic.io\/contact\/#breadcrumb"},"inLanguage":"en-US","potentialAction":[{"@type":"ReadAction","target":["https:\/\/conceptic.io\/contact\/"]}]},{"@type":"BreadcrumbList","@id":"https:\/\/conceptic.io\/contact\/#breadcrumb","itemListElement":[{"@type":"ListItem","position":1,"name":"Accueil","item":"https:\/\/conceptic.io\/"},{"@type":"ListItem","position":2,"name":"Contact"}]}]}},"_links":{"self":[{"href":"https:\/\/conceptic.io\/en\/wp-json\/wp\/v2\/pages\/975","targetHints":{"allow":["GET"]}}],"collection":[{"href":"https:\/\/conceptic.io\/en\/wp-json\/wp\/v2\/pages"}],"about":[{"href":"https:\/\/conceptic.io\/en\/wp-json\/wp\/v2\/types\/page"}],"author":[{"embeddable":true,"href":"https:\/\/conceptic.io\/en\/wp-json\/wp\/v2\/users\/1"}],"replies":[{"embeddable":true,"href":"https:\/\/conceptic.io\/en\/wp-json\/wp\/v2\/comments?post=975"}],"version-history":[{"count":15,"href":"https:\/\/conceptic.io\/en\/wp-json\/wp\/v2\/pages\/975\/revisions"}],"predecessor-version":[{"id":4593,"href":"https:\/\/conceptic.io\/en\/wp-json\/wp\/v2\/pages\/975\/revisions\/4593"}],"wp:attachment":[{"href":"https:\/\/conceptic.io\/en\/wp-json\/wp\/v2\/media?parent=975"}],"curies":[{"name":"wp","href":"https:\/\/api.w.org\/{rel}","templated":true}]}}