{"id":2906,"date":"2021-06-29T11:36:06","date_gmt":"2021-06-29T11:36:06","guid":{"rendered":"http:\/\/localhost\/conceptic\/?page_id=2906"},"modified":"2023-06-22T16:37:23","modified_gmt":"2023-06-22T16:37:23","slug":"nom-de-domaine","status":"publish","type":"page","link":"https:\/\/conceptic.io\/fr\/nom-de-domaine\/","title":{"rendered":"Nom de domaine"},"content":{"rendered":"<div class=\"vc_row wpb_row vc_row-fluid\"><div class=\"container\"><div class=\"row\"><div class=\"wpb_column vc_column_container vc_col-sm-6\"><div class=\"vc_column-inner\"><div class=\"wpb_wrapper\">\n\t<div class=\"wpb_text_column wpb_content_element \" >\n\t\t<div class=\"wpb_wrapper\">\n\t\t\t<p style=\"text-align: justify;\"><span style=\"vertical-align: inherit;\"><span style=\"vertical-align: inherit;\"><span style=\"vertical-align: inherit;\"><span style=\"vertical-align: inherit;\"><span style=\"vertical-align: inherit;\"><span style=\"vertical-align: inherit;\"><span style=\"vertical-align: inherit;\"><span style=\"vertical-align: inherit;\"><span style=\"vertical-align: inherit;\"><span style=\"vertical-align: inherit;\"><span style=\"vertical-align: inherit;\"><span style=\"vertical-align: inherit;\"><span style=\"vertical-align: inherit;\"><span style=\"vertical-align: inherit;\">Nous vous proposons des noms de domaine adapt\u00e9s \u00e0 la r\u00e9alit\u00e9 de votre environnement de travail et facile \u00e0 retenir par la client\u00e8le. <\/span><\/span><\/span><\/span><\/span><\/span><\/span><\/span><\/span><\/span><\/span><\/span><\/span><span style=\"vertical-align: inherit;\"><span style=\"vertical-align: inherit;\"><span style=\"vertical-align: inherit;\"><span style=\"vertical-align: inherit;\"><span style=\"vertical-align: inherit;\"><span style=\"vertical-align: inherit;\"><span style=\"vertical-align: inherit;\"><span style=\"vertical-align: inherit;\"><span style=\"vertical-align: inherit;\"><span style=\"vertical-align: inherit;\"><span style=\"vertical-align: inherit;\"><span style=\"vertical-align: inherit;\"><span style=\"vertical-align: inherit;\">Vue notre exp\u00e9rience non n\u00e9gligeable dans ce secteur nous saurons vous offrir un <\/span><\/span><\/span><\/span><\/span><\/span><\/span><\/span><a href=\"https:\/\/fr.wikipedia.org\/wiki\/Nom_de_domaine#:~:text=Un%20nom%20de%20domaine%20est,.154.224%20ou%2091.198.174.192.\" target=\"_blank\" rel=\"noopener\"><span style=\"vertical-align: inherit;\"><span style=\"vertical-align: inherit;\"><span style=\"vertical-align: inherit;\"><span style=\"vertical-align: inherit;\"><span style=\"vertical-align: inherit;\"><span style=\"vertical-align: inherit;\"><span style=\"vertical-align: inherit;\"><span style=\"vertical-align: inherit;\">nom de domaine<\/span><\/span><\/span><\/span><\/span><\/span><\/span><\/span><\/a><span style=\"vertical-align: inherit;\"><span style=\"vertical-align: inherit;\"><span style=\"vertical-align: inherit;\"><span style=\"vertical-align: inherit;\"><span style=\"vertical-align: inherit;\"><span style=\"vertical-align: inherit;\"><span style=\"vertical-align: inherit;\"><span style=\"vertical-align: inherit;\"> qui d\u00e9fie toute concurrence qui vise \u00e0 capter vos cibles, \u00e0 donner une id\u00e9e sur votre activit\u00e9 et facilement indexable par les moteurs de recherche.<\/span><\/span><\/span><\/span><\/span><\/span><\/span><\/span><\/span><\/span><\/span><\/span><\/span><\/span><\/p>\n\n\t\t<\/div>\n\t<\/div>\n<\/div><\/div><\/div><div class=\"wpb_column vc_column_container vc_col-sm-6\"><div class=\"vc_column-inner\"><div class=\"wpb_wrapper\">\n\t<div  class=\"wpb_single_image wpb_content_element vc_align_center\">\n\t\t\n\t\t<figure class=\"wpb_wrapper vc_figure\">\n\t\t\t<div class=\"vc_single_image-wrapper   vc_box_border_grey\"><img loading=\"lazy\" decoding=\"async\" width=\"300\" height=\"210\" src=\"https:\/\/conceptic.io\/wp-content\/uploads\/2021\/07\/nom-de-domaine.jpg\" class=\"vc_single_image-img attachment-medium\" alt=\"\" \/><\/div>\n\t\t<\/figure>\n\t<\/div>\n<\/div><\/div><\/div><\/div><\/div><\/div>\n","protected":false},"excerpt":{"rendered":"Nous vous proposons des noms de domaine adapt\u00e9s \u00e0 la r\u00e9alit\u00e9 de votre environnement de travail et facile \u00e0 retenir par la client\u00e8le. Vue notre exp\u00e9rience non n\u00e9gligeable dans ce [...]","protected":false},"author":1,"featured_media":0,"parent":0,"menu_order":0,"comment_status":"closed","ping_status":"closed","template":"template-fullwidth.php","meta":{"footnotes":""},"class_list":["post-2906","page","type-page","status-publish","hentry"],"yoast_head":"<!-- This site is optimized with the Yoast SEO plugin v17.1 - https:\/\/yoast.com\/wordpress\/plugins\/seo\/ -->\n<title>Nom de domaine - CONCEPTIC.IO SARL<\/title>\n<meta name=\"description\" content=\"Un nom de domaine identifie un domaine Internet dans le syst\u00e8me DNS et repr\u00e9sente de mani\u00e8re unique une entit\u00e9 en ligne.\" \/>\n<meta name=\"robots\" content=\"index, follow, max-snippet:-1, max-image-preview:large, max-video-preview:-1\" \/>\n<link rel=\"canonical\" href=\"https:\/\/conceptic.io\/fr\/nom-de-domaine\/\" \/>\n<meta property=\"og:locale\" content=\"fr_FR\" \/>\n<meta property=\"og:type\" content=\"article\" \/>\n<meta property=\"og:title\" content=\"Nom de domaine - CONCEPTIC.IO SARL\" \/>\n<meta property=\"og:description\" content=\"Un nom de domaine identifie un domaine Internet dans le syst\u00e8me DNS et repr\u00e9sente de mani\u00e8re unique une entit\u00e9 en ligne.\" \/>\n<meta property=\"og:url\" content=\"https:\/\/conceptic.io\/fr\/nom-de-domaine\/\" \/>\n<meta property=\"og:site_name\" content=\"CONCEPTIC.IO SARL\" \/>\n<meta property=\"article:modified_time\" content=\"2023-06-22T16:37:23+00:00\" \/>\n<meta name=\"twitter:card\" content=\"summary_large_image\" \/>\n<meta name=\"twitter:label1\" content=\"Dur\u00e9e de lecture est.\" \/>\n\t<meta name=\"twitter:data1\" content=\"1 minute\" \/>\n<script type=\"application\/ld+json\" class=\"yoast-schema-graph\">{\"@context\":\"https:\/\/schema.org\",\"@graph\":[{\"@type\":\"WebSite\",\"@id\":\"https:\/\/conceptic.io\/#website\",\"url\":\"https:\/\/conceptic.io\/\",\"name\":\"CONCEPTIC.IO SARL\",\"description\":\"Soci\\u00e9t\\u00e9 de Services Num\\u00e9riques\",\"potentialAction\":[{\"@type\":\"SearchAction\",\"target\":{\"@type\":\"EntryPoint\",\"urlTemplate\":\"https:\/\/conceptic.io\/?s={search_term_string}\"},\"query-input\":\"required name=search_term_string\"}],\"inLanguage\":\"fr-FR\"},{\"@type\":\"WebPage\",\"@id\":\"https:\/\/conceptic.io\/nom-de-domaine\/#webpage\",\"url\":\"https:\/\/conceptic.io\/nom-de-domaine\/\",\"name\":\"Nom de domaine - CONCEPTIC.IO SARL\",\"isPartOf\":{\"@id\":\"https:\/\/conceptic.io\/#website\"},\"datePublished\":\"2021-06-29T11:36:06+00:00\",\"dateModified\":\"2023-06-22T16:37:23+00:00\",\"description\":\"Un nom de domaine identifie un domaine Internet dans le syst\\u00e8me DNS et repr\\u00e9sente de mani\\u00e8re unique une entit\\u00e9 en ligne.\",\"breadcrumb\":{\"@id\":\"https:\/\/conceptic.io\/nom-de-domaine\/#breadcrumb\"},\"inLanguage\":\"fr-FR\",\"potentialAction\":[{\"@type\":\"ReadAction\",\"target\":[\"https:\/\/conceptic.io\/nom-de-domaine\/\"]}]},{\"@type\":\"BreadcrumbList\",\"@id\":\"https:\/\/conceptic.io\/nom-de-domaine\/#breadcrumb\",\"itemListElement\":[{\"@type\":\"ListItem\",\"position\":1,\"name\":\"Accueil\",\"item\":\"https:\/\/conceptic.io\/\"},{\"@type\":\"ListItem\",\"position\":2,\"name\":\"Nom de domaine\"}]}]}<\/script>\n<!-- \/ Yoast SEO plugin. -->","yoast_head_json":{"title":"Nom de domaine - CONCEPTIC.IO SARL","description":"Un nom de domaine identifie un domaine Internet dans le syst\u00e8me DNS et repr\u00e9sente de mani\u00e8re unique une entit\u00e9 en ligne.","robots":{"index":"index","follow":"follow","max-snippet":"max-snippet:-1","max-image-preview":"max-image-preview:large","max-video-preview":"max-video-preview:-1"},"canonical":"https:\/\/conceptic.io\/fr\/nom-de-domaine\/","og_locale":"fr_FR","og_type":"article","og_title":"Nom de domaine - CONCEPTIC.IO SARL","og_description":"Un nom de domaine identifie un domaine Internet dans le syst\u00e8me DNS et repr\u00e9sente de mani\u00e8re unique une entit\u00e9 en ligne.","og_url":"https:\/\/conceptic.io\/fr\/nom-de-domaine\/","og_site_name":"CONCEPTIC.IO SARL","article_modified_time":"2023-06-22T16:37:23+00:00","twitter_card":"summary_large_image","twitter_misc":{"Dur\u00e9e de lecture est.":"1 minute"},"schema":{"@context":"https:\/\/schema.org","@graph":[{"@type":"WebSite","@id":"https:\/\/conceptic.io\/#website","url":"https:\/\/conceptic.io\/","name":"CONCEPTIC.IO SARL","description":"Soci\u00e9t\u00e9 de Services Num\u00e9riques","potentialAction":[{"@type":"SearchAction","target":{"@type":"EntryPoint","urlTemplate":"https:\/\/conceptic.io\/?s={search_term_string}"},"query-input":"required name=search_term_string"}],"inLanguage":"fr-FR"},{"@type":"WebPage","@id":"https:\/\/conceptic.io\/nom-de-domaine\/#webpage","url":"https:\/\/conceptic.io\/nom-de-domaine\/","name":"Nom de domaine - CONCEPTIC.IO SARL","isPartOf":{"@id":"https:\/\/conceptic.io\/#website"},"datePublished":"2021-06-29T11:36:06+00:00","dateModified":"2023-06-22T16:37:23+00:00","description":"Un nom de domaine identifie un domaine Internet dans le syst\u00e8me DNS et repr\u00e9sente de mani\u00e8re unique une entit\u00e9 en ligne.","breadcrumb":{"@id":"https:\/\/conceptic.io\/nom-de-domaine\/#breadcrumb"},"inLanguage":"fr-FR","potentialAction":[{"@type":"ReadAction","target":["https:\/\/conceptic.io\/nom-de-domaine\/"]}]},{"@type":"BreadcrumbList","@id":"https:\/\/conceptic.io\/nom-de-domaine\/#breadcrumb","itemListElement":[{"@type":"ListItem","position":1,"name":"Accueil","item":"https:\/\/conceptic.io\/"},{"@type":"ListItem","position":2,"name":"Nom de domaine"}]}]}},"_links":{"self":[{"href":"https:\/\/conceptic.io\/fr\/wp-json\/wp\/v2\/pages\/2906","targetHints":{"allow":["GET"]}}],"collection":[{"href":"https:\/\/conceptic.io\/fr\/wp-json\/wp\/v2\/pages"}],"about":[{"href":"https:\/\/conceptic.io\/fr\/wp-json\/wp\/v2\/types\/page"}],"author":[{"embeddable":true,"href":"https:\/\/conceptic.io\/fr\/wp-json\/wp\/v2\/users\/1"}],"replies":[{"embeddable":true,"href":"https:\/\/conceptic.io\/fr\/wp-json\/wp\/v2\/comments?post=2906"}],"version-history":[{"count":17,"href":"https:\/\/conceptic.io\/fr\/wp-json\/wp\/v2\/pages\/2906\/revisions"}],"predecessor-version":[{"id":3639,"href":"https:\/\/conceptic.io\/fr\/wp-json\/wp\/v2\/pages\/2906\/revisions\/3639"}],"wp:attachment":[{"href":"https:\/\/conceptic.io\/fr\/wp-json\/wp\/v2\/media?parent=2906"}],"curies":[{"name":"wp","href":"https:\/\/api.w.org\/{rel}","templated":true}]}}