{"id":2912,"date":"2021-06-29T11:38:12","date_gmt":"2021-06-29T11:38:12","guid":{"rendered":"http:\/\/localhost\/conceptic\/?page_id=2912"},"modified":"2021-11-08T11:59:29","modified_gmt":"2021-11-08T11:59:29","slug":"ad-word","status":"publish","type":"page","link":"https:\/\/conceptic.io\/fr\/ad-word\/","title":{"rendered":"Adword"},"content":{"rendered":"<div class=\"vc_row wpb_row vc_row-fluid\"><div class=\"container\"><div class=\"row\"><div class=\"wpb_column vc_column_container vc_col-sm-12\"><div class=\"vc_column-inner\"><div class=\"wpb_wrapper\">\n\t<div class=\"wpb_text_column wpb_content_element \" >\n\t\t<div class=\"wpb_wrapper\">\n\t\t\t<p><span style=\"vertical-align: inherit;\"><span style=\"vertical-align: inherit;\"><\/p>\n\n\t\t<\/div>\n\t<\/div>\n<\/div><\/div><\/div><\/div><\/div><\/div><div class=\"vc_row wpb_row vc_row-fluid\"><div class=\"container\"><div class=\"row\"><div class=\"wpb_column vc_column_container vc_col-sm-6\"><div class=\"vc_column-inner\"><div class=\"wpb_wrapper\">\n\t<div  class=\"wpb_single_image wpb_content_element vc_align_left\">\n\t\t\n\t\t<figure class=\"wpb_wrapper vc_figure\">\n\t\t\t<div class=\"vc_single_image-wrapper   vc_box_border_grey\"><img loading=\"lazy\" decoding=\"async\" width=\"1024\" height=\"512\" src=\"https:\/\/conceptic.io\/wp-content\/uploads\/2021\/07\/google-adwords2.jpg\" class=\"vc_single_image-img attachment-full\" alt=\"\" \/><\/div>\n\t\t<\/figure>\n\t<\/div>\n<\/div><\/div><\/div><div class=\"wpb_column vc_column_container vc_col-sm-6\"><div class=\"vc_column-inner\"><div class=\"wpb_wrapper\">\n\t<div class=\"wpb_text_column wpb_content_element \" >\n\t\t<div class=\"wpb_wrapper\">\n\t\t\t<p>\u00a0<\/span><\/span><\/p>\n<p class=\"western\" style=\"text-align: justify;\"><span style=\"font-size: large;\"><span style=\"vertical-align: inherit;\"><span style=\"vertical-align: inherit;\"><span style=\"vertical-align: inherit;\"><span style=\"vertical-align: inherit;\"><span style=\"vertical-align: inherit;\"><span style=\"vertical-align: inherit;\"><span style=\"vertical-align: inherit;\"><span style=\"vertical-align: inherit;\"><span style=\"vertical-align: inherit;\"><span style=\"vertical-align: inherit;\"><a href=\"https:\/\/ads.google.com\/\" target=\"_blank\" rel=\"noopener\"><span style=\"vertical-align: inherit;\"><span style=\"vertical-align: inherit;\"><span style=\"vertical-align: inherit;\"><span style=\"vertical-align: inherit;\">Google AdWords<\/span><\/span><\/span><\/span><\/a><span style=\"vertical-align: inherit;\"><span style=\"vertical-align: inherit;\"><span style=\"vertical-align: inherit;\"><span style=\"vertical-align: inherit;\"> , fonctionne comme une r\u00e9gie publicitaire. <\/span><\/span><\/span><\/span><\/span><\/span><\/span><\/span><\/span><\/span><\/span><\/span><\/span><span style=\"vertical-align: inherit;\"><span style=\"vertical-align: inherit;\"><span style=\"vertical-align: inherit;\"><span style=\"vertical-align: inherit;\"><span style=\"vertical-align: inherit;\"><span style=\"vertical-align: inherit;\"><span style=\"vertical-align: inherit;\"><span style=\"vertical-align: inherit;\"><span style=\"vertical-align: inherit;\"><span style=\"vertical-align: inherit;\"><span style=\"vertical-align: inherit;\"><span style=\"vertical-align: inherit;\"><span style=\"vertical-align: inherit;\">Ayant pour principal mais de faire appara\u00eetre votre entreprise en t\u00eate des recherches Google. <\/span><\/span><\/span><\/span><\/span><\/span><\/span><\/span><\/span><\/span><\/span><\/span><\/span><span style=\"vertical-align: inherit;\"><span style=\"vertical-align: inherit;\"><span style=\"vertical-align: inherit;\"><span style=\"vertical-align: inherit;\"><span style=\"vertical-align: inherit;\"><span style=\"vertical-align: inherit;\"><span style=\"vertical-align: inherit;\"><span style=\"vertical-align: inherit;\"><span style=\"vertical-align: inherit;\"><span style=\"vertical-align: inherit;\"><span style=\"vertical-align: inherit;\"><span style=\"vertical-align: inherit;\"><span style=\"vertical-align: inherit;\">Et ceci \u00e0 partir des mots cl\u00e9s achet\u00e9s chez Google. <\/span><\/span><\/span><\/span><\/span><\/span><\/span><\/span><\/span><\/span><\/span><\/span><\/span><span style=\"vertical-align: inherit;\"><span style=\"vertical-align: inherit;\"><span style=\"vertical-align: inherit;\"><span style=\"vertical-align: inherit;\"><span style=\"vertical-align: inherit;\"><span style=\"vertical-align: inherit;\"><span style=\"vertical-align: inherit;\"><span style=\"vertical-align: inherit;\"><span style=\"vertical-align: inherit;\"><span style=\"vertical-align: inherit;\"><span style=\"vertical-align: inherit;\"><span style=\"vertical-align: inherit;\"><span style=\"vertical-align: inherit;\">On parle ici de site pr\u00e9financ\u00e9.<\/span><\/span><\/span><\/span><\/span><\/span><\/span><\/span><\/span><\/span><\/span><\/span><\/span><\/span><\/span><\/p>\n<p class=\"western\" style=\"text-align: justify;\"><span style=\"font-size: large;\"><span style=\"vertical-align: inherit;\"><span style=\"vertical-align: inherit;\"><span style=\"vertical-align: inherit;\"><span style=\"vertical-align: inherit;\"><span style=\"vertical-align: inherit;\"><span style=\"vertical-align: inherit;\"><span style=\"vertical-align: inherit;\"><span style=\"vertical-align: inherit;\"><span style=\"vertical-align: inherit;\"><span style=\"vertical-align: inherit;\"><span style=\"vertical-align: inherit;\"><span style=\"vertical-align: inherit;\"><span style=\"vertical-align: inherit;\"><span style=\"vertical-align: inherit;\">En effet, <\/span><\/span><\/span><\/span><\/span><\/span><\/span><\/span><\/span><\/span><\/span><\/span><\/span><\/span><\/span><span style=\"font-size: large;\"><span style=\"vertical-align: inherit;\"><span style=\"vertical-align: inherit;\"><span style=\"vertical-align: inherit;\"><span style=\"vertical-align: inherit;\"><span style=\"vertical-align: inherit;\"><span style=\"vertical-align: inherit;\"><span style=\"vertical-align: inherit;\"><span style=\"vertical-align: inherit;\"><span style=\"vertical-align: inherit;\"><span style=\"vertical-align: inherit;\"><span style=\"vertical-align: inherit;\"><span style=\"vertical-align: inherit;\"><span style=\"vertical-align: inherit;\"><span style=\"vertical-align: inherit;\">le principe de fonctionnement de\u00a0 <\/span><\/span><\/span><\/span><\/span><\/span><\/span><\/span><\/span><\/span><\/span><\/span><\/span><\/span><\/span><a class=\"western\" href=\"https:\/\/ads.google.com\/\" target=\"_blank\" rel=\"noopener\"><span style=\"color: #000080;\"><span style=\"font-size: large;\"><u><span style=\"vertical-align: inherit;\"><span style=\"vertical-align: inherit;\"><span style=\"vertical-align: inherit;\"><span style=\"vertical-align: inherit;\"><span style=\"vertical-align: inherit;\"><span style=\"vertical-align: inherit;\"><span style=\"vertical-align: inherit;\"><span style=\"vertical-align: inherit;\"><span style=\"vertical-align: inherit;\"><span style=\"vertical-align: inherit;\"><span style=\"vertical-align: inherit;\"><span style=\"vertical-align: inherit;\"><span style=\"vertical-align: inherit;\"><span style=\"vertical-align: inherit;\">Google AdWords<\/span><\/span><\/span><\/span><\/span><\/span><\/span><\/span><\/span><\/span><\/span><\/span><\/span><\/span><\/u><\/span><\/span><\/a><span style=\"font-size: large;\"><span style=\"vertical-align: inherit;\"><span style=\"vertical-align: inherit;\"><span style=\"vertical-align: inherit;\"><span style=\"vertical-align: inherit;\"><span style=\"vertical-align: inherit;\"><span style=\"vertical-align: inherit;\"><span style=\"vertical-align: inherit;\"><span style=\"vertical-align: inherit;\"><span style=\"vertical-align: inherit;\"><span style=\"vertical-align: inherit;\"><span style=\"vertical-align: inherit;\"><span style=\"vertical-align: inherit;\"><span style=\"vertical-align: inherit;\"><span style=\"vertical-align: inherit;\"> \u00a0repose sur un syst\u00e8me d&#8217;ench\u00e8res sur des\u00a0 <\/span><\/span><\/span><\/span><\/span><\/span><\/span><\/span><\/span><\/span><\/span><\/span><\/span><\/span><\/span><a class=\"western\" href=\"https:\/\/www.anthedesign.fr\/referencement\/mots-clefs\/\" target=\"_blank\" rel=\"noopener\"><span style=\"color: #000080;\"><span style=\"font-size: large;\"><u><span style=\"vertical-align: inherit;\"><span style=\"vertical-align: inherit;\"><span style=\"vertical-align: inherit;\"><span style=\"vertical-align: inherit;\"><span style=\"vertical-align: inherit;\"><span style=\"vertical-align: inherit;\"><span style=\"vertical-align: inherit;\"><span style=\"vertical-align: inherit;\"><span style=\"vertical-align: inherit;\"><span style=\"vertical-align: inherit;\"><span style=\"vertical-align: inherit;\"><span style=\"vertical-align: inherit;\"><span style=\"vertical-align: inherit;\"><span style=\"vertical-align: inherit;\">mots cl\u00e9s<\/span><\/span><\/span><\/span><\/span><\/span><\/span><\/span><\/span><\/span><\/span><\/span><\/span><\/span><\/u><\/span><\/span><\/a><span style=\"font-size: large;\"><span style=\"vertical-align: inherit;\"><span style=\"vertical-align: inherit;\"><span style=\"vertical-align: inherit;\"><span style=\"vertical-align: inherit;\"><span style=\"vertical-align: inherit;\"><span style=\"vertical-align: inherit;\"><span style=\"vertical-align: inherit;\"><span style=\"vertical-align: inherit;\"><span style=\"vertical-align: inherit;\"><span style=\"vertical-align: inherit;\"><span style=\"vertical-align: inherit;\"><span style=\"vertical-align: inherit;\"><span style=\"vertical-align: inherit;\"><span style=\"vertical-align: inherit;\"> . <\/span><\/span><\/span><\/span><\/span><\/span><\/span><\/span><\/span><\/span><\/span><\/span><\/span><span style=\"vertical-align: inherit;\"><span style=\"vertical-align: inherit;\"><span style=\"vertical-align: inherit;\"><span style=\"vertical-align: inherit;\"><span style=\"vertical-align: inherit;\"><span style=\"vertical-align: inherit;\"><span style=\"vertical-align: inherit;\"><span style=\"vertical-align: inherit;\"><span style=\"vertical-align: inherit;\"><span style=\"vertical-align: inherit;\"><span style=\"vertical-align: inherit;\"><span style=\"vertical-align: inherit;\"><span style=\"vertical-align: inherit;\">Il incite les annonceurs \u00e0 faire monter les ench\u00e8res pour appara\u00eetre parmi les premiers r\u00e9sultats de recherche gr\u00e2ce <\/span><\/span><\/span><\/span><\/span><\/span><\/span><\/span><\/span><\/span><\/span><\/span><\/span><\/span><\/span><span style=\"font-size: large;\"><span style=\"vertical-align: inherit;\"><span style=\"vertical-align: inherit;\"><span style=\"vertical-align: inherit;\"><span style=\"vertical-align: inherit;\"><span style=\"vertical-align: inherit;\"><span style=\"vertical-align: inherit;\"><span style=\"vertical-align: inherit;\"><span style=\"vertical-align: inherit;\"><span style=\"vertical-align: inherit;\"><span style=\"vertical-align: inherit;\"><span style=\"vertical-align: inherit;\"><span style=\"vertical-align: inherit;\"><span style=\"vertical-align: inherit;\"><span style=\"vertical-align: inherit;\">aux mots cl\u00e9s choisis pour leurs campagnes.<\/span><\/span><\/span><\/span><\/span><\/span><\/span><\/span><\/span><\/span><\/span><\/span><\/span><\/span><\/span><\/p>\n<p><span style=\"vertical-align: inherit;\"><span style=\"vertical-align: inherit;\"><\/p>\n\n\t\t<\/div>\n\t<\/div>\n<\/div><\/div><\/div><\/div><\/div><\/div><div class=\"vc_row wpb_row vc_row-fluid\"><div class=\"container\"><div class=\"row\"><div class=\"wpb_column vc_column_container vc_col-sm-12\"><div class=\"vc_column-inner\"><div class=\"wpb_wrapper\">\n\t<div class=\"wpb_text_column wpb_content_element \" >\n\t\t<div class=\"wpb_wrapper\">\n\t\t\t\n\t\t<\/div>\n\t<\/div>\n<\/div><\/div><\/div><\/div><\/div><\/div><\/span><\/span><\/p>\n","protected":false},"excerpt":{"rendered":"\u00a0 Google AdWords , fonctionne comme une r\u00e9gie publicitaire. Ayant pour principal mais de faire appara\u00eetre votre entreprise en t\u00eate des recherches Google. Et ceci \u00e0 partir des mots cl\u00e9s [...]","protected":false},"author":1,"featured_media":0,"parent":0,"menu_order":0,"comment_status":"closed","ping_status":"closed","template":"template-fullwidth.php","meta":{"footnotes":""},"class_list":["post-2912","page","type-page","status-publish","hentry"],"yoast_head":"<!-- This site is optimized with the Yoast SEO plugin v17.1 - https:\/\/yoast.com\/wordpress\/plugins\/seo\/ -->\n<title>Adword - CONCEPTIC.IO SARL<\/title>\n<meta name=\"description\" content=\"Google AdWords, fonctionne comme une r\u00e9gie publicitaire. Ayant pour main de faire appara\u00eetre votre entreprise en t\u00eate des recherches Google. Et ceci \u00e0 partir des mots cl\u00e9s achet\u00e9s chez Google. On parle ici de site pr\u00e9-financ\u00e9.\" \/>\n<meta name=\"robots\" content=\"index, follow, max-snippet:-1, max-image-preview:large, max-video-preview:-1\" \/>\n<link rel=\"canonical\" href=\"https:\/\/conceptic.io\/fr\/ad-word\/\" \/>\n<meta property=\"og:locale\" content=\"fr_FR\" \/>\n<meta property=\"og:type\" content=\"article\" \/>\n<meta property=\"og:title\" content=\"Adword - CONCEPTIC.IO SARL\" \/>\n<meta property=\"og:description\" content=\"Google AdWords, fonctionne comme une r\u00e9gie publicitaire. Ayant pour main de faire appara\u00eetre votre entreprise en t\u00eate des recherches Google. Et ceci \u00e0 partir des mots cl\u00e9s achet\u00e9s chez Google. On parle ici de site pr\u00e9-financ\u00e9.\" \/>\n<meta property=\"og:url\" content=\"https:\/\/conceptic.io\/fr\/ad-word\/\" \/>\n<meta property=\"og:site_name\" content=\"CONCEPTIC.IO SARL\" \/>\n<meta property=\"article:modified_time\" content=\"2021-11-08T11:59:29+00:00\" \/>\n<meta name=\"twitter:card\" content=\"summary_large_image\" \/>\n<meta name=\"twitter:label1\" content=\"Dur\u00e9e de lecture est.\" \/>\n\t<meta name=\"twitter:data1\" content=\"1 minute\" \/>\n<script type=\"application\/ld+json\" class=\"yoast-schema-graph\">{\"@context\":\"https:\/\/schema.org\",\"@graph\":[{\"@type\":\"WebSite\",\"@id\":\"https:\/\/conceptic.io\/#website\",\"url\":\"https:\/\/conceptic.io\/\",\"name\":\"CONCEPTIC.IO SARL\",\"description\":\"Soci\\u00e9t\\u00e9 de Services Num\\u00e9riques\",\"potentialAction\":[{\"@type\":\"SearchAction\",\"target\":{\"@type\":\"EntryPoint\",\"urlTemplate\":\"https:\/\/conceptic.io\/?s={search_term_string}\"},\"query-input\":\"required name=search_term_string\"}],\"inLanguage\":\"fr-FR\"},{\"@type\":\"WebPage\",\"@id\":\"https:\/\/conceptic.io\/ad-word\/#webpage\",\"url\":\"https:\/\/conceptic.io\/ad-word\/\",\"name\":\"Adword - CONCEPTIC.IO SARL\",\"isPartOf\":{\"@id\":\"https:\/\/conceptic.io\/#website\"},\"datePublished\":\"2021-06-29T11:38:12+00:00\",\"dateModified\":\"2021-11-08T11:59:29+00:00\",\"description\":\"Google AdWords, fonctionne comme une r\\u00e9gie publicitaire. Ayant pour main de faire appara\\u00eetre votre entreprise en t\\u00eate des recherches Google. Et ceci \\u00e0 partir des mots cl\\u00e9s achet\\u00e9s chez Google. On parle ici de site pr\\u00e9-financ\\u00e9.\",\"breadcrumb\":{\"@id\":\"https:\/\/conceptic.io\/ad-word\/#breadcrumb\"},\"inLanguage\":\"fr-FR\",\"potentialAction\":[{\"@type\":\"ReadAction\",\"target\":[\"https:\/\/conceptic.io\/ad-word\/\"]}]},{\"@type\":\"BreadcrumbList\",\"@id\":\"https:\/\/conceptic.io\/ad-word\/#breadcrumb\",\"itemListElement\":[{\"@type\":\"ListItem\",\"position\":1,\"name\":\"Accueil\",\"item\":\"https:\/\/conceptic.io\/\"},{\"@type\":\"ListItem\",\"position\":2,\"name\":\"Adword\"}]}]}<\/script>\n<!-- \/ Yoast SEO plugin. -->","yoast_head_json":{"title":"Adword - CONCEPTIC.IO SARL","description":"Google AdWords, fonctionne comme une r\u00e9gie publicitaire. Ayant pour main de faire appara\u00eetre votre entreprise en t\u00eate des recherches Google. Et ceci \u00e0 partir des mots cl\u00e9s achet\u00e9s chez Google. On parle ici de site pr\u00e9-financ\u00e9.","robots":{"index":"index","follow":"follow","max-snippet":"max-snippet:-1","max-image-preview":"max-image-preview:large","max-video-preview":"max-video-preview:-1"},"canonical":"https:\/\/conceptic.io\/fr\/ad-word\/","og_locale":"fr_FR","og_type":"article","og_title":"Adword - CONCEPTIC.IO SARL","og_description":"Google AdWords, fonctionne comme une r\u00e9gie publicitaire. Ayant pour main de faire appara\u00eetre votre entreprise en t\u00eate des recherches Google. Et ceci \u00e0 partir des mots cl\u00e9s achet\u00e9s chez Google. On parle ici de site pr\u00e9-financ\u00e9.","og_url":"https:\/\/conceptic.io\/fr\/ad-word\/","og_site_name":"CONCEPTIC.IO SARL","article_modified_time":"2021-11-08T11:59:29+00:00","twitter_card":"summary_large_image","twitter_misc":{"Dur\u00e9e de lecture est.":"1 minute"},"schema":{"@context":"https:\/\/schema.org","@graph":[{"@type":"WebSite","@id":"https:\/\/conceptic.io\/#website","url":"https:\/\/conceptic.io\/","name":"CONCEPTIC.IO SARL","description":"Soci\u00e9t\u00e9 de Services Num\u00e9riques","potentialAction":[{"@type":"SearchAction","target":{"@type":"EntryPoint","urlTemplate":"https:\/\/conceptic.io\/?s={search_term_string}"},"query-input":"required name=search_term_string"}],"inLanguage":"fr-FR"},{"@type":"WebPage","@id":"https:\/\/conceptic.io\/ad-word\/#webpage","url":"https:\/\/conceptic.io\/ad-word\/","name":"Adword - CONCEPTIC.IO SARL","isPartOf":{"@id":"https:\/\/conceptic.io\/#website"},"datePublished":"2021-06-29T11:38:12+00:00","dateModified":"2021-11-08T11:59:29+00:00","description":"Google AdWords, fonctionne comme une r\u00e9gie publicitaire. Ayant pour main de faire appara\u00eetre votre entreprise en t\u00eate des recherches Google. Et ceci \u00e0 partir des mots cl\u00e9s achet\u00e9s chez Google. On parle ici de site pr\u00e9-financ\u00e9.","breadcrumb":{"@id":"https:\/\/conceptic.io\/ad-word\/#breadcrumb"},"inLanguage":"fr-FR","potentialAction":[{"@type":"ReadAction","target":["https:\/\/conceptic.io\/ad-word\/"]}]},{"@type":"BreadcrumbList","@id":"https:\/\/conceptic.io\/ad-word\/#breadcrumb","itemListElement":[{"@type":"ListItem","position":1,"name":"Accueil","item":"https:\/\/conceptic.io\/"},{"@type":"ListItem","position":2,"name":"Adword"}]}]}},"_links":{"self":[{"href":"https:\/\/conceptic.io\/fr\/wp-json\/wp\/v2\/pages\/2912","targetHints":{"allow":["GET"]}}],"collection":[{"href":"https:\/\/conceptic.io\/fr\/wp-json\/wp\/v2\/pages"}],"about":[{"href":"https:\/\/conceptic.io\/fr\/wp-json\/wp\/v2\/types\/page"}],"author":[{"embeddable":true,"href":"https:\/\/conceptic.io\/fr\/wp-json\/wp\/v2\/users\/1"}],"replies":[{"embeddable":true,"href":"https:\/\/conceptic.io\/fr\/wp-json\/wp\/v2\/comments?post=2912"}],"version-history":[{"count":16,"href":"https:\/\/conceptic.io\/fr\/wp-json\/wp\/v2\/pages\/2912\/revisions"}],"predecessor-version":[{"id":3641,"href":"https:\/\/conceptic.io\/fr\/wp-json\/wp\/v2\/pages\/2912\/revisions\/3641"}],"wp:attachment":[{"href":"https:\/\/conceptic.io\/fr\/wp-json\/wp\/v2\/media?parent=2912"}],"curies":[{"name":"wp","href":"https:\/\/api.w.org\/{rel}","templated":true}]}}