{"id":2916,"date":"2021-06-29T11:42:48","date_gmt":"2021-06-29T11:42:48","guid":{"rendered":"http:\/\/localhost\/conceptic\/?page_id=2916"},"modified":"2023-06-22T15:27:53","modified_gmt":"2023-06-22T15:27:53","slug":"materiel-informatique","status":"publish","type":"page","link":"https:\/\/conceptic.io\/fr\/materiel-informatique\/","title":{"rendered":"Mat\u00e9riel informatique"},"content":{"rendered":"<p><span style=\"vertical-align: inherit;\"><span style=\"vertical-align: inherit;\"><div class=\"vc_row wpb_row vc_row-fluid\"><div class=\"container\"><div class=\"row\"><div class=\"wpb_column vc_column_container vc_col-sm-6\"><div class=\"vc_column-inner\"><div class=\"wpb_wrapper\">\n\t<div  class=\"wpb_single_image wpb_content_element vc_align_left\">\n\t\t\n\t\t<figure class=\"wpb_wrapper vc_figure\">\n\t\t\t<div class=\"vc_single_image-wrapper   vc_box_border_grey\"><img loading=\"lazy\" decoding=\"async\" class=\"vc_single_image-img \" src=\"https:\/\/conceptic.io\/wp-content\/uploads\/2021\/10\/materiel-info-1-900x400.png\" width=\"900\" height=\"400\" alt=\"materiel-info\" title=\"materiel-info\" \/><\/div>\n\t\t<\/figure>\n\t<\/div>\n<\/div><\/div><\/div><div class=\"wpb_column vc_column_container vc_col-sm-6\"><div class=\"vc_column-inner\"><div class=\"wpb_wrapper\">\n\t<div class=\"wpb_text_column wpb_content_element \" >\n\t\t<div class=\"wpb_wrapper\">\n\t\t\t<p><\/span><\/span><\/p>\n<p style=\"text-align: justify;\"><span style=\"color: #000000;\"><span style=\"font-size: large;\"><span lang=\"fr-FR\"><span style=\"vertical-align: inherit;\"><span style=\"vertical-align: inherit;\"><span style=\"vertical-align: inherit;\"><span style=\"vertical-align: inherit;\">Les \u00e9quipements et mat\u00e9riels font partie du syst\u00e8me informatique et ses d\u00e9riv\u00e9s, ils assurent un traitement automatique des donn\u00e9es. <\/span><\/span><\/span><span style=\"vertical-align: inherit;\"><span style=\"vertical-align: inherit;\"><span style=\"vertical-align: inherit;\">Une large gamme d&#8217;\u00e9quipements et de mat\u00e9riels informatiques est propos\u00e9e : ordinateurs, imprimantes matricielles, claviers souples \u00e9tanches, etc.<\/span><\/span><\/span><\/span><\/span><\/span><\/span><\/p>\n<p style=\"text-align: justify;\"><span style=\"color: #000000;\"><span style=\"font-size: large;\"><span lang=\"fr-FR\"><span style=\"vertical-align: inherit;\"><span style=\"vertical-align: inherit;\"><span style=\"vertical-align: inherit;\"><span style=\"vertical-align: inherit;\">En effet \u00e0 Conceptic.io nous vous procurons des \u00e9quipements informatiques et r\u00e9seaux. <\/span><\/span><\/span><span style=\"vertical-align: inherit;\"><span style=\"vertical-align: inherit;\"><span style=\"vertical-align: inherit;\">Ceci vous permet d&#8217;avoir une grande durabilit\u00e9 et de faire plus d&#8217;\u00e9conomie.<\/span><\/span><\/span><\/span><\/span><\/span><\/span><\/p>\n<p><span style=\"vertical-align: inherit;\"><span style=\"vertical-align: inherit;\"><\/p>\n\n\t\t<\/div>\n\t<\/div>\n<\/div><\/div><\/div><\/div><\/div><\/div><\/span><\/span><\/p>\n","protected":false},"excerpt":{"rendered":"Les \u00e9quipements et mat\u00e9riels font partie du syst\u00e8me informatique et ses d\u00e9riv\u00e9s, ils assurent un traitement automatique des donn\u00e9es. Une large gamme d'\u00e9quipements et de mat\u00e9riels informatiques est propos\u00e9e : [...]","protected":false},"author":1,"featured_media":3501,"parent":0,"menu_order":0,"comment_status":"closed","ping_status":"closed","template":"template-fullwidth.php","meta":{"footnotes":""},"class_list":["post-2916","page","type-page","status-publish","has-post-thumbnail","hentry"],"yoast_head":"<!-- This site is optimized with the Yoast SEO plugin v17.1 - https:\/\/yoast.com\/wordpress\/plugins\/seo\/ -->\n<title>Mat\u00e9riel informatique - CONCEPTIC.IO SARL<\/title>\n<meta name=\"description\" content=\"Chez Conceptic.io, nous vous procurons des \u00e9quipements informatiques et r\u00e9seau pour une grande durabilit\u00e9 et plus d&#039;\u00e9conomie.\" \/>\n<meta name=\"robots\" content=\"index, follow, max-snippet:-1, max-image-preview:large, max-video-preview:-1\" \/>\n<link rel=\"canonical\" href=\"https:\/\/conceptic.io\/fr\/materiel-informatique\/\" \/>\n<meta property=\"og:locale\" content=\"fr_FR\" \/>\n<meta property=\"og:type\" content=\"article\" \/>\n<meta property=\"og:title\" content=\"Mat\u00e9riel informatique - CONCEPTIC.IO SARL\" \/>\n<meta property=\"og:description\" content=\"Chez Conceptic.io, nous vous procurons des \u00e9quipements informatiques et r\u00e9seau pour une grande durabilit\u00e9 et plus d&#039;\u00e9conomie.\" \/>\n<meta property=\"og:url\" content=\"https:\/\/conceptic.io\/fr\/materiel-informatique\/\" \/>\n<meta property=\"og:site_name\" content=\"CONCEPTIC.IO SARL\" \/>\n<meta property=\"article:modified_time\" content=\"2023-06-22T15:27:53+00:00\" \/>\n<meta property=\"og:image\" content=\"https:\/\/conceptic.io\/wp-content\/uploads\/2021\/10\/materiel-info-1.png\" \/>\n\t<meta property=\"og:image:width\" content=\"1920\" \/>\n\t<meta property=\"og:image:height\" content=\"637\" \/>\n<meta name=\"twitter:card\" content=\"summary_large_image\" \/>\n<meta name=\"twitter:label1\" content=\"Dur\u00e9e de lecture est.\" \/>\n\t<meta name=\"twitter:data1\" content=\"1 minute\" \/>\n<script type=\"application\/ld+json\" class=\"yoast-schema-graph\">{\"@context\":\"https:\/\/schema.org\",\"@graph\":[{\"@type\":\"WebSite\",\"@id\":\"https:\/\/conceptic.io\/#website\",\"url\":\"https:\/\/conceptic.io\/\",\"name\":\"CONCEPTIC.IO SARL\",\"description\":\"Soci\\u00e9t\\u00e9 de Services Num\\u00e9riques\",\"potentialAction\":[{\"@type\":\"SearchAction\",\"target\":{\"@type\":\"EntryPoint\",\"urlTemplate\":\"https:\/\/conceptic.io\/?s={search_term_string}\"},\"query-input\":\"required name=search_term_string\"}],\"inLanguage\":\"fr-FR\"},{\"@type\":\"ImageObject\",\"@id\":\"https:\/\/conceptic.io\/materiel-informatique\/#primaryimage\",\"inLanguage\":\"fr-FR\",\"url\":\"https:\/\/conceptic.io\/wp-content\/uploads\/2021\/10\/materiel-info-1.png\",\"contentUrl\":\"https:\/\/conceptic.io\/wp-content\/uploads\/2021\/10\/materiel-info-1.png\",\"width\":1920,\"height\":637},{\"@type\":\"WebPage\",\"@id\":\"https:\/\/conceptic.io\/materiel-informatique\/#webpage\",\"url\":\"https:\/\/conceptic.io\/materiel-informatique\/\",\"name\":\"Mat\\u00e9riel informatique - CONCEPTIC.IO SARL\",\"isPartOf\":{\"@id\":\"https:\/\/conceptic.io\/#website\"},\"primaryImageOfPage\":{\"@id\":\"https:\/\/conceptic.io\/materiel-informatique\/#primaryimage\"},\"datePublished\":\"2021-06-29T11:42:48+00:00\",\"dateModified\":\"2023-06-22T15:27:53+00:00\",\"description\":\"Chez Conceptic.io, nous vous procurons des \\u00e9quipements informatiques et r\\u00e9seau pour une grande durabilit\\u00e9 et plus d'\\u00e9conomie.\",\"breadcrumb\":{\"@id\":\"https:\/\/conceptic.io\/materiel-informatique\/#breadcrumb\"},\"inLanguage\":\"fr-FR\",\"potentialAction\":[{\"@type\":\"ReadAction\",\"target\":[\"https:\/\/conceptic.io\/materiel-informatique\/\"]}]},{\"@type\":\"BreadcrumbList\",\"@id\":\"https:\/\/conceptic.io\/materiel-informatique\/#breadcrumb\",\"itemListElement\":[{\"@type\":\"ListItem\",\"position\":1,\"name\":\"Accueil\",\"item\":\"https:\/\/conceptic.io\/\"},{\"@type\":\"ListItem\",\"position\":2,\"name\":\"Mat\\u00e9riel informatique\"}]}]}<\/script>\n<!-- \/ Yoast SEO plugin. -->","yoast_head_json":{"title":"Mat\u00e9riel informatique - CONCEPTIC.IO SARL","description":"Chez Conceptic.io, nous vous procurons des \u00e9quipements informatiques et r\u00e9seau pour une grande durabilit\u00e9 et plus d'\u00e9conomie.","robots":{"index":"index","follow":"follow","max-snippet":"max-snippet:-1","max-image-preview":"max-image-preview:large","max-video-preview":"max-video-preview:-1"},"canonical":"https:\/\/conceptic.io\/fr\/materiel-informatique\/","og_locale":"fr_FR","og_type":"article","og_title":"Mat\u00e9riel informatique - CONCEPTIC.IO SARL","og_description":"Chez Conceptic.io, nous vous procurons des \u00e9quipements informatiques et r\u00e9seau pour une grande durabilit\u00e9 et plus d'\u00e9conomie.","og_url":"https:\/\/conceptic.io\/fr\/materiel-informatique\/","og_site_name":"CONCEPTIC.IO SARL","article_modified_time":"2023-06-22T15:27:53+00:00","og_image":[{"width":1920,"height":637,"url":"https:\/\/conceptic.io\/wp-content\/uploads\/2021\/10\/materiel-info-1.png","path":"\/home\/waieael\/concepticio\/wp-content\/uploads\/2021\/10\/materiel-info-1.png","size":"full","id":3501,"alt":"","pixels":1223040,"type":"image\/png"}],"twitter_card":"summary_large_image","twitter_misc":{"Dur\u00e9e de lecture est.":"1 minute"},"schema":{"@context":"https:\/\/schema.org","@graph":[{"@type":"WebSite","@id":"https:\/\/conceptic.io\/#website","url":"https:\/\/conceptic.io\/","name":"CONCEPTIC.IO SARL","description":"Soci\u00e9t\u00e9 de Services Num\u00e9riques","potentialAction":[{"@type":"SearchAction","target":{"@type":"EntryPoint","urlTemplate":"https:\/\/conceptic.io\/?s={search_term_string}"},"query-input":"required name=search_term_string"}],"inLanguage":"fr-FR"},{"@type":"ImageObject","@id":"https:\/\/conceptic.io\/materiel-informatique\/#primaryimage","inLanguage":"fr-FR","url":"https:\/\/conceptic.io\/wp-content\/uploads\/2021\/10\/materiel-info-1.png","contentUrl":"https:\/\/conceptic.io\/wp-content\/uploads\/2021\/10\/materiel-info-1.png","width":1920,"height":637},{"@type":"WebPage","@id":"https:\/\/conceptic.io\/materiel-informatique\/#webpage","url":"https:\/\/conceptic.io\/materiel-informatique\/","name":"Mat\u00e9riel informatique - CONCEPTIC.IO SARL","isPartOf":{"@id":"https:\/\/conceptic.io\/#website"},"primaryImageOfPage":{"@id":"https:\/\/conceptic.io\/materiel-informatique\/#primaryimage"},"datePublished":"2021-06-29T11:42:48+00:00","dateModified":"2023-06-22T15:27:53+00:00","description":"Chez Conceptic.io, nous vous procurons des \u00e9quipements informatiques et r\u00e9seau pour une grande durabilit\u00e9 et plus d'\u00e9conomie.","breadcrumb":{"@id":"https:\/\/conceptic.io\/materiel-informatique\/#breadcrumb"},"inLanguage":"fr-FR","potentialAction":[{"@type":"ReadAction","target":["https:\/\/conceptic.io\/materiel-informatique\/"]}]},{"@type":"BreadcrumbList","@id":"https:\/\/conceptic.io\/materiel-informatique\/#breadcrumb","itemListElement":[{"@type":"ListItem","position":1,"name":"Accueil","item":"https:\/\/conceptic.io\/"},{"@type":"ListItem","position":2,"name":"Mat\u00e9riel informatique"}]}]}},"_links":{"self":[{"href":"https:\/\/conceptic.io\/fr\/wp-json\/wp\/v2\/pages\/2916","targetHints":{"allow":["GET"]}}],"collection":[{"href":"https:\/\/conceptic.io\/fr\/wp-json\/wp\/v2\/pages"}],"about":[{"href":"https:\/\/conceptic.io\/fr\/wp-json\/wp\/v2\/types\/page"}],"author":[{"embeddable":true,"href":"https:\/\/conceptic.io\/fr\/wp-json\/wp\/v2\/users\/1"}],"replies":[{"embeddable":true,"href":"https:\/\/conceptic.io\/fr\/wp-json\/wp\/v2\/comments?post=2916"}],"version-history":[{"count":17,"href":"https:\/\/conceptic.io\/fr\/wp-json\/wp\/v2\/pages\/2916\/revisions"}],"predecessor-version":[{"id":3724,"href":"https:\/\/conceptic.io\/fr\/wp-json\/wp\/v2\/pages\/2916\/revisions\/3724"}],"wp:featuredmedia":[{"embeddable":true,"href":"https:\/\/conceptic.io\/fr\/wp-json\/wp\/v2\/media\/3501"}],"wp:attachment":[{"href":"https:\/\/conceptic.io\/fr\/wp-json\/wp\/v2\/media?parent=2916"}],"curies":[{"name":"wp","href":"https:\/\/api.w.org\/{rel}","templated":true}]}}