{"id":2918,"date":"2021-06-29T11:43:49","date_gmt":"2021-06-29T11:43:49","guid":{"rendered":"http:\/\/localhost\/conceptic\/?page_id=2918"},"modified":"2023-07-19T09:28:00","modified_gmt":"2023-07-19T09:28:00","slug":"assistance-et-conseil","status":"publish","type":"page","link":"https:\/\/conceptic.io\/fr\/assistance-et-conseil\/","title":{"rendered":"Assistance et Conseil"},"content":{"rendered":"<div class=\"vc_row wpb_row vc_row-fluid\"><div class=\"container\"><div class=\"row\"><div class=\"wpb_column vc_column_container vc_col-sm-6\"><div class=\"vc_column-inner\"><div class=\"wpb_wrapper\">\n\t<div  class=\"wpb_single_image wpb_content_element vc_align_center\">\n\t\t\n\t\t<figure class=\"wpb_wrapper vc_figure\">\n\t\t\t<div class=\"vc_single_image-wrapper   vc_box_border_grey\"><img loading=\"lazy\" decoding=\"async\" class=\"vc_single_image-img \" src=\"https:\/\/conceptic.io\/wp-content\/uploads\/2021\/10\/aide-1-500x300.jpg\" width=\"500\" height=\"300\" alt=\"aide\" title=\"aide\" \/><\/div>\n\t\t<\/figure>\n\t<\/div>\n<\/div><\/div><\/div><div class=\"wpb_column vc_column_container vc_col-sm-6\"><div class=\"vc_column-inner\"><div class=\"wpb_wrapper\">\n\t<div class=\"wpb_text_column wpb_content_element \" >\n\t\t<div class=\"wpb_wrapper\">\n\t\t\t<p style=\"text-align: justify;\"><span style=\"color: #000000;\"><span style=\"font-size: large;\"><span lang=\"fr-FR\"><span style=\"vertical-align: inherit;\"><span style=\"vertical-align: inherit;\"><span style=\"vertical-align: inherit;\"><span style=\"vertical-align: inherit;\"><span style=\"vertical-align: inherit;\"><span style=\"vertical-align: inherit;\"><span style=\"vertical-align: inherit;\"><span style=\"vertical-align: inherit;\"><span style=\"vertical-align: inherit;\"><span style=\"vertical-align: inherit;\">On offre aux entreprises et aux particuliers\u00a0 <\/span><\/span><\/span><\/span><\/span><\/span><\/span><\/span><\/span><\/span><\/span><span lang=\"fr-FR\"><span style=\"vertical-align: inherit;\"><span style=\"vertical-align: inherit;\"><span style=\"vertical-align: inherit;\"><span style=\"vertical-align: inherit;\"><span style=\"vertical-align: inherit;\"><span style=\"vertical-align: inherit;\"><span style=\"vertical-align: inherit;\"><span style=\"vertical-align: inherit;\"><span style=\"vertical-align: inherit;\"><span style=\"vertical-align: inherit;\">des conseils <\/span><\/span><\/span><\/span><\/span><\/span><\/span><\/span><\/span><\/span><\/span><span lang=\"fr-FR\"><span style=\"vertical-align: inherit;\"><span style=\"vertical-align: inherit;\"><span style=\"vertical-align: inherit;\"><span style=\"vertical-align: inherit;\"><span style=\"vertical-align: inherit;\"><span style=\"vertical-align: inherit;\"><span style=\"vertical-align: inherit;\"><span style=\"vertical-align: inherit;\"><span style=\"vertical-align: inherit;\"><span style=\"vertical-align: inherit;\">et assistances informatiques illimit\u00e9s qui aident \u00e0 maintenir le parc informatique . <\/span><\/span><\/span><\/span><\/span><span style=\"vertical-align: inherit;\"><span style=\"vertical-align: inherit;\"><span style=\"vertical-align: inherit;\"><span style=\"vertical-align: inherit;\"><span style=\"vertical-align: inherit;\">Ceci<\/span><\/span><\/span><\/span><\/span><\/span><\/span><\/span><\/span><\/span><\/span><span lang=\"fr-FR\"><span style=\"vertical-align: inherit;\"><span style=\"vertical-align: inherit;\"><span style=\"vertical-align: inherit;\"><span style=\"vertical-align: inherit;\"><span style=\"vertical-align: inherit;\"><span style=\"vertical-align: inherit;\"><span style=\"vertical-align: inherit;\"><span style=\"vertical-align: inherit;\"><span style=\"vertical-align: inherit;\"><span style=\"vertical-align: inherit;\">\u00a0gr\u00e2ce \u00e0 un audit complet de ce dernier.<\/span><\/span><\/span><\/span><\/span><\/span><\/span><\/span><\/span><\/span><\/span><\/span><\/span><\/p>\n<p style=\"text-align: justify;\"><span style=\"color: #000000;\"><span style=\"font-size: large;\"><span lang=\"fr-FR\"><span style=\"vertical-align: inherit;\"><span style=\"vertical-align: inherit;\"><span style=\"vertical-align: inherit;\"><span style=\"vertical-align: inherit;\"><span style=\"vertical-align: inherit;\"><span style=\"vertical-align: inherit;\"><span style=\"vertical-align: inherit;\"><span style=\"vertical-align: inherit;\"><span style=\"vertical-align: inherit;\"><span style=\"vertical-align: inherit;\">La prestation en conseil et assistance informatique permet \u00e9galement de prendre en main et \u00e0 distance le PC. <\/span><\/span><\/span><\/span><\/span><\/span><\/span><\/span><\/span><span style=\"vertical-align: inherit;\"><span style=\"vertical-align: inherit;\"><span style=\"vertical-align: inherit;\"><span style=\"vertical-align: inherit;\"><span style=\"vertical-align: inherit;\"><span style=\"vertical-align: inherit;\"><span style=\"vertical-align: inherit;\"><span style=\"vertical-align: inherit;\"><span style=\"vertical-align: inherit;\">Ce prix de contr\u00f4le s\u00e9curis\u00e9 ne s&#8217;effectue qu&#8217;apr\u00e8s autorisation du client. <\/span><\/span><\/span><\/span><\/span><\/span><\/span><\/span><\/span><span style=\"vertical-align: inherit;\"><span style=\"vertical-align: inherit;\"><span style=\"vertical-align: inherit;\"><span style=\"vertical-align: inherit;\"><span style=\"vertical-align: inherit;\"><span style=\"vertical-align: inherit;\"><span style=\"vertical-align: inherit;\"><span style=\"vertical-align: inherit;\"><span style=\"vertical-align: inherit;\">Ce qui permet de r\u00e9duire la dur\u00e9e d&#8217;intervention afin de gagner du temps.<\/span><\/span><\/span><\/span><\/span><\/span><\/span><\/span><\/span><\/span><\/span><\/span><\/span><\/p>\n\n\t\t<\/div>\n\t<\/div>\n<\/div><\/div><\/div><\/div><\/div><\/div>\n","protected":false},"excerpt":{"rendered":"On offre aux entreprises et aux particuliers\u00a0 des conseils et assistances informatiques illimit\u00e9s qui aident \u00e0 maintenir le parc informatique . Ceci\u00a0gr\u00e2ce \u00e0 un audit complet de ce dernier. La [...]","protected":false},"author":1,"featured_media":3519,"parent":0,"menu_order":0,"comment_status":"closed","ping_status":"closed","template":"template-fullwidth.php","meta":{"footnotes":""},"class_list":["post-2918","page","type-page","status-publish","has-post-thumbnail","hentry"],"yoast_head":"<!-- This site is optimized with the Yoast SEO plugin v17.1 - https:\/\/yoast.com\/wordpress\/plugins\/seo\/ -->\n<title>Assistance et Conseil - CONCEPTIC.IO SARL<\/title>\n<meta name=\"description\" content=\"La prestation en conseil et assistance informatique permet \u00e9galement de prendre en main et \u00e0 distance le PC. Cette prise de contr\u00f4le s\u00e9curis\u00e9e ne s\u2019effectue qu\u2019apr\u00e8s autorisation du client\" \/>\n<meta name=\"robots\" content=\"index, follow, max-snippet:-1, max-image-preview:large, max-video-preview:-1\" \/>\n<link rel=\"canonical\" href=\"https:\/\/conceptic.io\/fr\/assistance-et-conseil\/\" \/>\n<meta property=\"og:locale\" content=\"fr_FR\" \/>\n<meta property=\"og:type\" content=\"article\" \/>\n<meta property=\"og:title\" content=\"Assistance et Conseil - CONCEPTIC.IO SARL\" \/>\n<meta property=\"og:description\" content=\"La prestation en conseil et assistance informatique permet \u00e9galement de prendre en main et \u00e0 distance le PC. Cette prise de contr\u00f4le s\u00e9curis\u00e9e ne s\u2019effectue qu\u2019apr\u00e8s autorisation du client\" \/>\n<meta property=\"og:url\" content=\"https:\/\/conceptic.io\/fr\/assistance-et-conseil\/\" \/>\n<meta property=\"og:site_name\" content=\"CONCEPTIC.IO SARL\" \/>\n<meta property=\"article:modified_time\" content=\"2023-07-19T09:28:00+00:00\" \/>\n<meta property=\"og:image\" content=\"https:\/\/conceptic.io\/wp-content\/uploads\/2021\/10\/aide-1.jpg\" \/>\n\t<meta property=\"og:image:width\" content=\"800\" \/>\n\t<meta property=\"og:image:height\" content=\"560\" \/>\n<meta name=\"twitter:card\" content=\"summary_large_image\" \/>\n<meta name=\"twitter:label1\" content=\"Dur\u00e9e de lecture est.\" \/>\n\t<meta name=\"twitter:data1\" content=\"1 minute\" \/>\n<script type=\"application\/ld+json\" class=\"yoast-schema-graph\">{\"@context\":\"https:\/\/schema.org\",\"@graph\":[{\"@type\":\"WebSite\",\"@id\":\"https:\/\/conceptic.io\/#website\",\"url\":\"https:\/\/conceptic.io\/\",\"name\":\"CONCEPTIC.IO SARL\",\"description\":\"Soci\\u00e9t\\u00e9 de Services Num\\u00e9riques\",\"potentialAction\":[{\"@type\":\"SearchAction\",\"target\":{\"@type\":\"EntryPoint\",\"urlTemplate\":\"https:\/\/conceptic.io\/?s={search_term_string}\"},\"query-input\":\"required name=search_term_string\"}],\"inLanguage\":\"fr-FR\"},{\"@type\":\"ImageObject\",\"@id\":\"https:\/\/conceptic.io\/assistance-et-conseil\/#primaryimage\",\"inLanguage\":\"fr-FR\",\"url\":\"https:\/\/conceptic.io\/wp-content\/uploads\/2021\/10\/aide-1.jpg\",\"contentUrl\":\"https:\/\/conceptic.io\/wp-content\/uploads\/2021\/10\/aide-1.jpg\",\"width\":800,\"height\":560},{\"@type\":\"WebPage\",\"@id\":\"https:\/\/conceptic.io\/assistance-et-conseil\/#webpage\",\"url\":\"https:\/\/conceptic.io\/assistance-et-conseil\/\",\"name\":\"Assistance et Conseil - CONCEPTIC.IO SARL\",\"isPartOf\":{\"@id\":\"https:\/\/conceptic.io\/#website\"},\"primaryImageOfPage\":{\"@id\":\"https:\/\/conceptic.io\/assistance-et-conseil\/#primaryimage\"},\"datePublished\":\"2021-06-29T11:43:49+00:00\",\"dateModified\":\"2023-07-19T09:28:00+00:00\",\"description\":\"La prestation en conseil et assistance informatique permet \\u00e9galement de prendre en main et \\u00e0 distance le PC. Cette prise de contr\\u00f4le s\\u00e9curis\\u00e9e ne s\\u2019effectue qu\\u2019apr\\u00e8s autorisation du client\",\"breadcrumb\":{\"@id\":\"https:\/\/conceptic.io\/assistance-et-conseil\/#breadcrumb\"},\"inLanguage\":\"fr-FR\",\"potentialAction\":[{\"@type\":\"ReadAction\",\"target\":[\"https:\/\/conceptic.io\/assistance-et-conseil\/\"]}]},{\"@type\":\"BreadcrumbList\",\"@id\":\"https:\/\/conceptic.io\/assistance-et-conseil\/#breadcrumb\",\"itemListElement\":[{\"@type\":\"ListItem\",\"position\":1,\"name\":\"Accueil\",\"item\":\"https:\/\/conceptic.io\/\"},{\"@type\":\"ListItem\",\"position\":2,\"name\":\"Assistance et Conseil\"}]}]}<\/script>\n<!-- \/ Yoast SEO plugin. -->","yoast_head_json":{"title":"Assistance et Conseil - CONCEPTIC.IO SARL","description":"La prestation en conseil et assistance informatique permet \u00e9galement de prendre en main et \u00e0 distance le PC. Cette prise de contr\u00f4le s\u00e9curis\u00e9e ne s\u2019effectue qu\u2019apr\u00e8s autorisation du client","robots":{"index":"index","follow":"follow","max-snippet":"max-snippet:-1","max-image-preview":"max-image-preview:large","max-video-preview":"max-video-preview:-1"},"canonical":"https:\/\/conceptic.io\/fr\/assistance-et-conseil\/","og_locale":"fr_FR","og_type":"article","og_title":"Assistance et Conseil - CONCEPTIC.IO SARL","og_description":"La prestation en conseil et assistance informatique permet \u00e9galement de prendre en main et \u00e0 distance le PC. Cette prise de contr\u00f4le s\u00e9curis\u00e9e ne s\u2019effectue qu\u2019apr\u00e8s autorisation du client","og_url":"https:\/\/conceptic.io\/fr\/assistance-et-conseil\/","og_site_name":"CONCEPTIC.IO SARL","article_modified_time":"2023-07-19T09:28:00+00:00","og_image":[{"width":800,"height":560,"url":"https:\/\/conceptic.io\/wp-content\/uploads\/2021\/10\/aide-1.jpg","path":"\/home\/waieael\/concepticio\/wp-content\/uploads\/2021\/10\/aide-1.jpg","size":"full","id":3519,"alt":"","pixels":448000,"type":"image\/jpeg"}],"twitter_card":"summary_large_image","twitter_misc":{"Dur\u00e9e de lecture est.":"1 minute"},"schema":{"@context":"https:\/\/schema.org","@graph":[{"@type":"WebSite","@id":"https:\/\/conceptic.io\/#website","url":"https:\/\/conceptic.io\/","name":"CONCEPTIC.IO SARL","description":"Soci\u00e9t\u00e9 de Services Num\u00e9riques","potentialAction":[{"@type":"SearchAction","target":{"@type":"EntryPoint","urlTemplate":"https:\/\/conceptic.io\/?s={search_term_string}"},"query-input":"required name=search_term_string"}],"inLanguage":"fr-FR"},{"@type":"ImageObject","@id":"https:\/\/conceptic.io\/assistance-et-conseil\/#primaryimage","inLanguage":"fr-FR","url":"https:\/\/conceptic.io\/wp-content\/uploads\/2021\/10\/aide-1.jpg","contentUrl":"https:\/\/conceptic.io\/wp-content\/uploads\/2021\/10\/aide-1.jpg","width":800,"height":560},{"@type":"WebPage","@id":"https:\/\/conceptic.io\/assistance-et-conseil\/#webpage","url":"https:\/\/conceptic.io\/assistance-et-conseil\/","name":"Assistance et Conseil - CONCEPTIC.IO SARL","isPartOf":{"@id":"https:\/\/conceptic.io\/#website"},"primaryImageOfPage":{"@id":"https:\/\/conceptic.io\/assistance-et-conseil\/#primaryimage"},"datePublished":"2021-06-29T11:43:49+00:00","dateModified":"2023-07-19T09:28:00+00:00","description":"La prestation en conseil et assistance informatique permet \u00e9galement de prendre en main et \u00e0 distance le PC. Cette prise de contr\u00f4le s\u00e9curis\u00e9e ne s\u2019effectue qu\u2019apr\u00e8s autorisation du client","breadcrumb":{"@id":"https:\/\/conceptic.io\/assistance-et-conseil\/#breadcrumb"},"inLanguage":"fr-FR","potentialAction":[{"@type":"ReadAction","target":["https:\/\/conceptic.io\/assistance-et-conseil\/"]}]},{"@type":"BreadcrumbList","@id":"https:\/\/conceptic.io\/assistance-et-conseil\/#breadcrumb","itemListElement":[{"@type":"ListItem","position":1,"name":"Accueil","item":"https:\/\/conceptic.io\/"},{"@type":"ListItem","position":2,"name":"Assistance et Conseil"}]}]}},"_links":{"self":[{"href":"https:\/\/conceptic.io\/fr\/wp-json\/wp\/v2\/pages\/2918","targetHints":{"allow":["GET"]}}],"collection":[{"href":"https:\/\/conceptic.io\/fr\/wp-json\/wp\/v2\/pages"}],"about":[{"href":"https:\/\/conceptic.io\/fr\/wp-json\/wp\/v2\/types\/page"}],"author":[{"embeddable":true,"href":"https:\/\/conceptic.io\/fr\/wp-json\/wp\/v2\/users\/1"}],"replies":[{"embeddable":true,"href":"https:\/\/conceptic.io\/fr\/wp-json\/wp\/v2\/comments?post=2918"}],"version-history":[{"count":15,"href":"https:\/\/conceptic.io\/fr\/wp-json\/wp\/v2\/pages\/2918\/revisions"}],"predecessor-version":[{"id":3643,"href":"https:\/\/conceptic.io\/fr\/wp-json\/wp\/v2\/pages\/2918\/revisions\/3643"}],"wp:featuredmedia":[{"embeddable":true,"href":"https:\/\/conceptic.io\/fr\/wp-json\/wp\/v2\/media\/3519"}],"wp:attachment":[{"href":"https:\/\/conceptic.io\/fr\/wp-json\/wp\/v2\/media?parent=2918"}],"curies":[{"name":"wp","href":"https:\/\/api.w.org\/{rel}","templated":true}]}}