{"id":2958,"date":"2021-06-29T16:09:34","date_gmt":"2021-06-29T16:09:34","guid":{"rendered":"http:\/\/localhost\/conceptic\/?page_id=2958"},"modified":"2023-06-22T18:00:22","modified_gmt":"2023-06-22T18:00:22","slug":"microsoft","status":"publish","type":"page","link":"https:\/\/conceptic.io\/fr\/microsoft\/","title":{"rendered":"Microsoft"},"content":{"rendered":"<div id=\"asl\" data-vc-full-width=\"true\" data-vc-full-width-init=\"false\" data-vc-stretch-content=\"true\" class=\"vc_row wpb_row vc_row-fluid\"><div class=\"container\"><div class=\"row\"><div class=\"wpb_column vc_column_container vc_col-sm-12\"><div class=\"vc_column-inner\"><div class=\"wpb_wrapper\"><div class=\"vc_row wpb_row vc_inner vc_row-fluid\"><div class=\"wpb_column vc_column_container vc_col-sm-12\"><div class=\"vc_column-inner\"><div class=\"wpb_wrapper\">\n\t<div class=\"wpb_text_column wpb_content_element \" >\n\t\t<div class=\"wpb_wrapper\">\n\t\t\t<p style=\"text-align: left;\"><span style=\"vertical-align: inherit;\"><span style=\"vertical-align: inherit;\">Microsoft Corporation est une multinationale informatique et micro-informatique. <\/span><span style=\"vertical-align: inherit;\">Nous sommes partenaire avec lui afin de vous offrir leurs produits\u00a0:<\/span><\/span><\/p>\n\n\t\t<\/div>\n\t<\/div>\n<\/div><\/div><\/div><\/div><div class=\"vc_separator wpb_content_element vc_separator_align_center vc_sep_width_100 vc_sep_pos_align_center vc_separator_no_text vc_sep_color_orange\" ><span class=\"vc_sep_holder vc_sep_holder_l\"><span  class=\"vc_sep_line\"><\/span><\/span><span class=\"vc_sep_holder vc_sep_holder_r\"><span  class=\"vc_sep_line\"><\/span><\/span>\n<\/div><div class=\"vc_row wpb_row vc_inner vc_row-fluid\"><div class=\"wpb_column vc_column_container vc_col-sm-6\"><div class=\"vc_column-inner\"><div class=\"wpb_wrapper\">\n\t<div  class=\"wpb_single_image wpb_content_element vc_align_center\">\n\t\t\n\t\t<figure class=\"wpb_wrapper vc_figure\">\n\t\t\t<div class=\"vc_single_image-wrapper   vc_box_border_grey\"><img loading=\"lazy\" decoding=\"async\" width=\"300\" height=\"168\" src=\"https:\/\/conceptic.io\/wp-content\/uploads\/2021\/07\/telechargement-2.png\" class=\"vc_single_image-img attachment-full\" alt=\"\" \/><\/div>\n\t\t<\/figure>\n\t<\/div>\n<\/div><\/div><\/div><div class=\"wpb_column vc_column_container vc_col-sm-6\"><div class=\"vc_column-inner\"><div class=\"wpb_wrapper\">\n\t<div class=\"wpb_text_column wpb_content_element \" >\n\t\t<div class=\"wpb_wrapper\">\n\t\t\t<p style=\"text-align: justify;\">Windows Server est un\u00a0<strong>syst\u00e8me d\u2019exploitation pour serveur par Microsoft<\/strong>. Bas\u00e9 sur l\u2019architecture Windows NT, il fournit toutes les capacit\u00e9s, fonctionnalit\u00e9s des m\u00e9canismes de fonctionnement d\u2019un OS pour serveur standard.<\/p>\n<p style=\"text-align: justify;\">Il propose ainsi\u00a0<strong>diff\u00e9rents services orient\u00e9s serveur<\/strong>, comme la possibilit\u00e9 d\u2019h\u00e9berger un site web, la gestion des ressources entre les diff\u00e9rents utilisateurs et applications, ainsi que des fonctionnalit\u00e9s de messagerie et de s\u00e9curit\u00e9. Il est compatible avec la plupart des langages de programmation web et syst\u00e8mes de bases de donn\u00e9es comme .NET Core, ASP.NET, PHP, MySQL et MS SQL.<\/p>\n\n\t\t<\/div>\n\t<\/div>\n<\/div><\/div><\/div><\/div><div class=\"vc_separator wpb_content_element vc_separator_align_center vc_sep_width_100 vc_sep_pos_align_center vc_separator_no_text vc_sep_color_orange\" ><span class=\"vc_sep_holder vc_sep_holder_l\"><span  class=\"vc_sep_line\"><\/span><\/span><span class=\"vc_sep_holder vc_sep_holder_r\"><span  class=\"vc_sep_line\"><\/span><\/span>\n<\/div><div class=\"vc_row wpb_row vc_inner vc_row-fluid\"><div class=\"wpb_column vc_column_container vc_col-sm-6\"><div class=\"vc_column-inner\"><div class=\"wpb_wrapper\">\n\t<div  class=\"wpb_single_image wpb_content_element vc_align_center\">\n\t\t\n\t\t<figure class=\"wpb_wrapper vc_figure\">\n\t\t\t<div class=\"vc_single_image-wrapper   vc_box_border_grey\"><img loading=\"lazy\" decoding=\"async\" width=\"119\" height=\"119\" src=\"https:\/\/conceptic.io\/wp-content\/uploads\/2021\/07\/telechargement-1.jpeg\" class=\"vc_single_image-img attachment-full\" alt=\"\" \/><\/div>\n\t\t<\/figure>\n\t<\/div>\n<\/div><\/div><\/div><div class=\"wpb_column vc_column_container vc_col-sm-6\"><div class=\"vc_column-inner\"><div class=\"wpb_wrapper\">\n\t<div class=\"wpb_text_column wpb_content_element \" >\n\t\t<div class=\"wpb_wrapper\">\n\t\t\t<p style=\"text-align: justify;\">Microsoft Office est une suite bureautique propri\u00e9t\u00e9 de la soci\u00e9t\u00e9 Microsoft fonctionnant avec les plates-formes fixes et mobiles. Elle s&#8217;installe sur ordinateur,tablette et Andro\u00efde et fournit une suite de logiciels<\/p>\n\n\t\t<\/div>\n\t<\/div>\n<\/div><\/div><\/div><\/div><\/div><\/div><\/div><\/div><\/div><\/div><div class=\"vc_row-full-width\"><\/div><div class=\"vc_row wpb_row vc_row-fluid\"><div class=\"container\"><div class=\"row\"><div class=\"wpb_column vc_column_container vc_col-sm-12\"><div class=\"vc_column-inner\"><div class=\"wpb_wrapper\"><\/div><\/div><\/div><\/div><\/div><\/div>\n","protected":false},"excerpt":{"rendered":"Microsoft Corporation est une multinationale informatique et micro-informatique. Nous sommes partenaire avec lui afin de vous offrir leurs produits\u00a0: Windows Server est un\u00a0syst\u00e8me d\u2019exploitation pour serveur par Microsoft. Bas\u00e9 sur [...]","protected":false},"author":1,"featured_media":0,"parent":0,"menu_order":0,"comment_status":"closed","ping_status":"closed","template":"template-fullwidth.php","meta":{"footnotes":""},"class_list":["post-2958","page","type-page","status-publish","hentry"],"yoast_head":"<!-- This site is optimized with the Yoast SEO plugin v17.1 - https:\/\/yoast.com\/wordpress\/plugins\/seo\/ -->\n<title>Microsoft - CONCEPTIC.IO SARL<\/title>\n<meta name=\"description\" content=\"Microsoft Office est une suite bureautique propri\u00e9t\u00e9 de la soci\u00e9t\u00e9 Microsoft fonctionnant avec les plaques-formes fixes et mobiles. Elle s&#039;installe sur ordinateur,tablette et Andro\u00efde et fournit une suite de logiciels\" \/>\n<meta name=\"robots\" content=\"index, follow, max-snippet:-1, max-image-preview:large, max-video-preview:-1\" \/>\n<link rel=\"canonical\" href=\"https:\/\/conceptic.io\/fr\/microsoft\/\" \/>\n<meta property=\"og:locale\" content=\"fr_FR\" \/>\n<meta property=\"og:type\" content=\"article\" \/>\n<meta property=\"og:title\" content=\"Microsoft - CONCEPTIC.IO SARL\" \/>\n<meta property=\"og:description\" content=\"Microsoft Office est une suite bureautique propri\u00e9t\u00e9 de la soci\u00e9t\u00e9 Microsoft fonctionnant avec les plaques-formes fixes et mobiles. Elle s&#039;installe sur ordinateur,tablette et Andro\u00efde et fournit une suite de logiciels\" \/>\n<meta property=\"og:url\" content=\"https:\/\/conceptic.io\/fr\/microsoft\/\" \/>\n<meta property=\"og:site_name\" content=\"CONCEPTIC.IO SARL\" \/>\n<meta property=\"article:modified_time\" content=\"2023-06-22T18:00:22+00:00\" \/>\n<meta name=\"twitter:card\" content=\"summary_large_image\" \/>\n<meta name=\"twitter:label1\" content=\"Dur\u00e9e de lecture est.\" \/>\n\t<meta name=\"twitter:data1\" content=\"1 minute\" \/>\n<script type=\"application\/ld+json\" class=\"yoast-schema-graph\">{\"@context\":\"https:\/\/schema.org\",\"@graph\":[{\"@type\":\"WebSite\",\"@id\":\"https:\/\/conceptic.io\/#website\",\"url\":\"https:\/\/conceptic.io\/\",\"name\":\"CONCEPTIC.IO SARL\",\"description\":\"Soci\\u00e9t\\u00e9 de Services Num\\u00e9riques\",\"potentialAction\":[{\"@type\":\"SearchAction\",\"target\":{\"@type\":\"EntryPoint\",\"urlTemplate\":\"https:\/\/conceptic.io\/?s={search_term_string}\"},\"query-input\":\"required name=search_term_string\"}],\"inLanguage\":\"fr-FR\"},{\"@type\":\"WebPage\",\"@id\":\"https:\/\/conceptic.io\/microsoft\/#webpage\",\"url\":\"https:\/\/conceptic.io\/microsoft\/\",\"name\":\"Microsoft - CONCEPTIC.IO SARL\",\"isPartOf\":{\"@id\":\"https:\/\/conceptic.io\/#website\"},\"datePublished\":\"2021-06-29T16:09:34+00:00\",\"dateModified\":\"2023-06-22T18:00:22+00:00\",\"description\":\"Microsoft Office est une suite bureautique propri\\u00e9t\\u00e9 de la soci\\u00e9t\\u00e9 Microsoft fonctionnant avec les plaques-formes fixes et mobiles. Elle s'installe sur ordinateur,tablette et Andro\\u00efde et fournit une suite de logiciels\",\"breadcrumb\":{\"@id\":\"https:\/\/conceptic.io\/microsoft\/#breadcrumb\"},\"inLanguage\":\"fr-FR\",\"potentialAction\":[{\"@type\":\"ReadAction\",\"target\":[\"https:\/\/conceptic.io\/microsoft\/\"]}]},{\"@type\":\"BreadcrumbList\",\"@id\":\"https:\/\/conceptic.io\/microsoft\/#breadcrumb\",\"itemListElement\":[{\"@type\":\"ListItem\",\"position\":1,\"name\":\"Accueil\",\"item\":\"https:\/\/conceptic.io\/\"},{\"@type\":\"ListItem\",\"position\":2,\"name\":\"Microsoft\"}]}]}<\/script>\n<!-- \/ Yoast SEO plugin. -->","yoast_head_json":{"title":"Microsoft - CONCEPTIC.IO SARL","description":"Microsoft Office est une suite bureautique propri\u00e9t\u00e9 de la soci\u00e9t\u00e9 Microsoft fonctionnant avec les plaques-formes fixes et mobiles. Elle s'installe sur ordinateur,tablette et Andro\u00efde et fournit une suite de logiciels","robots":{"index":"index","follow":"follow","max-snippet":"max-snippet:-1","max-image-preview":"max-image-preview:large","max-video-preview":"max-video-preview:-1"},"canonical":"https:\/\/conceptic.io\/fr\/microsoft\/","og_locale":"fr_FR","og_type":"article","og_title":"Microsoft - CONCEPTIC.IO SARL","og_description":"Microsoft Office est une suite bureautique propri\u00e9t\u00e9 de la soci\u00e9t\u00e9 Microsoft fonctionnant avec les plaques-formes fixes et mobiles. Elle s'installe sur ordinateur,tablette et Andro\u00efde et fournit une suite de logiciels","og_url":"https:\/\/conceptic.io\/fr\/microsoft\/","og_site_name":"CONCEPTIC.IO SARL","article_modified_time":"2023-06-22T18:00:22+00:00","twitter_card":"summary_large_image","twitter_misc":{"Dur\u00e9e de lecture est.":"1 minute"},"schema":{"@context":"https:\/\/schema.org","@graph":[{"@type":"WebSite","@id":"https:\/\/conceptic.io\/#website","url":"https:\/\/conceptic.io\/","name":"CONCEPTIC.IO SARL","description":"Soci\u00e9t\u00e9 de Services Num\u00e9riques","potentialAction":[{"@type":"SearchAction","target":{"@type":"EntryPoint","urlTemplate":"https:\/\/conceptic.io\/?s={search_term_string}"},"query-input":"required name=search_term_string"}],"inLanguage":"fr-FR"},{"@type":"WebPage","@id":"https:\/\/conceptic.io\/microsoft\/#webpage","url":"https:\/\/conceptic.io\/microsoft\/","name":"Microsoft - CONCEPTIC.IO SARL","isPartOf":{"@id":"https:\/\/conceptic.io\/#website"},"datePublished":"2021-06-29T16:09:34+00:00","dateModified":"2023-06-22T18:00:22+00:00","description":"Microsoft Office est une suite bureautique propri\u00e9t\u00e9 de la soci\u00e9t\u00e9 Microsoft fonctionnant avec les plaques-formes fixes et mobiles. Elle s'installe sur ordinateur,tablette et Andro\u00efde et fournit une suite de logiciels","breadcrumb":{"@id":"https:\/\/conceptic.io\/microsoft\/#breadcrumb"},"inLanguage":"fr-FR","potentialAction":[{"@type":"ReadAction","target":["https:\/\/conceptic.io\/microsoft\/"]}]},{"@type":"BreadcrumbList","@id":"https:\/\/conceptic.io\/microsoft\/#breadcrumb","itemListElement":[{"@type":"ListItem","position":1,"name":"Accueil","item":"https:\/\/conceptic.io\/"},{"@type":"ListItem","position":2,"name":"Microsoft"}]}]}},"_links":{"self":[{"href":"https:\/\/conceptic.io\/fr\/wp-json\/wp\/v2\/pages\/2958","targetHints":{"allow":["GET"]}}],"collection":[{"href":"https:\/\/conceptic.io\/fr\/wp-json\/wp\/v2\/pages"}],"about":[{"href":"https:\/\/conceptic.io\/fr\/wp-json\/wp\/v2\/types\/page"}],"author":[{"embeddable":true,"href":"https:\/\/conceptic.io\/fr\/wp-json\/wp\/v2\/users\/1"}],"replies":[{"embeddable":true,"href":"https:\/\/conceptic.io\/fr\/wp-json\/wp\/v2\/comments?post=2958"}],"version-history":[{"count":11,"href":"https:\/\/conceptic.io\/fr\/wp-json\/wp\/v2\/pages\/2958\/revisions"}],"predecessor-version":[{"id":3472,"href":"https:\/\/conceptic.io\/fr\/wp-json\/wp\/v2\/pages\/2958\/revisions\/3472"}],"wp:attachment":[{"href":"https:\/\/conceptic.io\/fr\/wp-json\/wp\/v2\/media?parent=2958"}],"curies":[{"name":"wp","href":"https:\/\/api.w.org\/{rel}","templated":true}]}}